{"id":2070,"date":"2025-10-02T17:41:52","date_gmt":"2025-10-02T14:41:52","guid":{"rendered":"https:\/\/univera.com.tr\/?page_id=2070"},"modified":"2025-10-10T09:01:17","modified_gmt":"2025-10-10T06:01:17","slug":"policices-and-certificates","status":"publish","type":"page","link":"https:\/\/univera.com.tr\/en\/policices-and-certificates\/","title":{"rendered":"Policices and Certificates"},"content":{"rendered":"<div data-elementor-type=\"wp-page\" data-elementor-id=\"2070\" class=\"elementor elementor-2070\" data-elementor-post-type=\"page\">\n\t\t\t\t\t\t<section class=\"elementor-section elementor-top-section elementor-element elementor-element-aa6b77b elementor-section-full_width elementor-section-stretched elementor-section-height-default elementor-section-height-default\" data-id=\"aa6b77b\" data-element_type=\"section\" data-e-type=\"section\" data-settings=\"{&quot;stretch_section&quot;:&quot;section-stretched&quot;,&quot;background_background&quot;:&quot;classic&quot;}\">\n\t\t\t\t\t\t<div class=\"elementor-container elementor-column-gap-default\">\n\t\t\t\t\t<div class=\"elementor-column elementor-col-100 elementor-top-column elementor-element elementor-element-ff1e5e5\" data-id=\"ff1e5e5\" data-element_type=\"column\" data-e-type=\"column\">\n\t\t\t<div class=\"elementor-widget-wrap elementor-element-populated\">\n\t\t\t\t\t\t<div class=\"elementor-element elementor-element-5c72c5b elementor-widget elementor-widget-heading\" data-id=\"5c72c5b\" data-element_type=\"widget\" data-e-type=\"widget\" data-widget_type=\"heading.default\">\n\t\t\t\t<div class=\"elementor-widget-container\">\n\t\t\t\t\t<h1 class=\"elementor-heading-title elementor-size-default\">Policices and Certificates<\/h1>\t\t\t\t<\/div>\n\t\t\t\t<\/div>\n\t\t\t\t\t<\/div>\n\t\t<\/div>\n\t\t\t\t\t<\/div>\n\t\t<\/section>\n\t\t<div class=\"elementor-element elementor-element-547d347 e-flex e-con-boxed e-con e-parent\" data-id=\"547d347\" data-element_type=\"container\" data-e-type=\"container\">\n\t\t\t\t\t<div class=\"e-con-inner\">\n\t\t\t\t<div class=\"elementor-element elementor-element-b1a3f54 elementor-widget elementor-widget-text-editor\" data-id=\"b1a3f54\" data-element_type=\"widget\" data-e-type=\"widget\" data-widget_type=\"text-editor.default\">\n\t\t\t\t<div class=\"elementor-widget-container\">\n\t\t\t\t\t\t\t\t\t<h2><span style=\"color: #b93042;\"><strong>Information Security Management System Policy<\/strong><\/span><\/h2><h3>Objective<\/h3><p>The objective of the Information Security Policy is to ensure business continuity at Univera, to minimize the risk of security breaches by minimizing risks, and to reduce the risk of damage by reducing their potential impacts.<\/p><p>To ensure the continuity of basic and supportive business activities, our Information Security Policy for the protection of our information assets against all internal, external, intentional or accidental threats is as follows.<\/p><ul><li>Our Information Security Policy has been approved by the Chairman of our Board of Directors.<\/li><li>Our Security Policy guarantees the following listed below<ul><li>Information shall be protected against any unauthorized access.<\/li><li>Confidentiality of the information shall be ensured.<\/li><li>Information integrity shall be maintained.<\/li><li>Information\u00a0<strong>accessibility<\/strong>\u00a0to the saved business processes shall be ensured.<\/li><li>Requirements of provisions in contracts entered with legal and regulatory, third parties (business partners, customers, suppliers) shall be constantly monitored and covered.<\/li><li>Business Continuity Plans shall be developed, maintained and tested.<\/li><li><strong>Information Security Training<\/strong>\u00a0shall apply to all employees.<\/li><li>Any actual or suspected information security violations shall be reported to the Information Security Manager and shall be investigated.<\/li><\/ul><\/li><li>Procedures have been developed to support policy (protection against viruses, encryption and continuity plans, etc.).<\/li><li>Availability of information and systems for business requirements is ensured.<\/li><li>Information Security Manager is responsible for providing support and advice during the implementation and the continuation of the policy.<\/li><li>All managers are directly responsible for the implementation of the policy and to ensure it is understood by the personnel in relevant departments.<\/li><li>Compliance with the Information Security Policy is a compulsory document for anyone working or in collaboration with Univera.<\/li><\/ul>\t\t\t\t\t\t\t\t<\/div>\n\t\t\t\t<\/div>\n\t\t\t\t\t<\/div>\n\t\t\t\t<\/div>\n\t\t<div class=\"elementor-element elementor-element-8b90ad5 e-flex e-con-boxed e-con e-parent\" data-id=\"8b90ad5\" data-element_type=\"container\" data-e-type=\"container\">\n\t\t\t\t\t<div class=\"e-con-inner\">\n\t\t\t\t<div class=\"elementor-element elementor-element-8040515 elementor-widget elementor-widget-text-editor\" data-id=\"8040515\" data-element_type=\"widget\" data-e-type=\"widget\" data-widget_type=\"text-editor.default\">\n\t\t\t\t<div class=\"elementor-widget-container\">\n\t\t\t\t\t\t\t\t\t<h3><span style=\"color: #b93042;\"><strong>Business Continuity Management System Policy<\/strong><\/span><\/h3><h4>Objective<\/h4><p>The objective of the Business Continuity Policy is to ensure business continuity at Univera, to increase customer satisfaction and to prevent business processes from being interrupted by minimizing risks.<\/p><h5>Goal<\/h5><p>The goal of the Business Continuity Management System is to ensure the continuity of the business of Univera against all internal, external, intentional or accidental threats in the process of ensuring the continuity of basic and supportive business activities.<\/p><ul><li>Our Business Continuity Management System Policy has been approved by the Chairman of our Board of Directors.<\/li><li>Our Business Continuity Management System Policy guarantees the following listed below:<ul><li>Information shall be protected against any unauthorized access;<\/li><li>Confidentiality of the information shall be ensured;<\/li><li>Information integrity shall be maintained;<\/li><li>Information accessibility to the saved business processes shall be ensured;<\/li><li>Requirements of provisions in contracts entered with legal and regulatory, third parties (business partners, customers, suppliers) shall be constantly monitored and covered;<\/li><li>Business Continuity Plans shall be developed, maintained and tested;<\/li><li>The Business Continuity Management System Training shall apply to all employees;<\/li><li>Any situation that threatens Business Continuity shall be reported to the Business Continuity Management System representative.<\/li><\/ul><\/li><li>Procedures have been developed to support policy (protection against viruses, encryption and continuity plans, etc.).<\/li><li>Availability of information and systems for business requirements is ensured.<\/li><li>The Business Continuity Management System Manager is responsible for providing support during the implementation and the continuation of the policy.<\/li><li>All managers are directly responsible for the implementation of the policy and to ensure it is understood by the personnel in relevant departments.<\/li><li>Compliance with the Information Security Policy is a compulsory document for anyone working or in collaboration with Univera.<\/li><\/ul>\t\t\t\t\t\t\t\t<\/div>\n\t\t\t\t<\/div>\n\t\t\t\t<div class=\"elementor-element elementor-element-66638d7 elementor-widget elementor-widget-text-editor\" data-id=\"66638d7\" data-element_type=\"widget\" data-e-type=\"widget\" data-widget_type=\"text-editor.default\">\n\t\t\t\t<div class=\"elementor-widget-container\">\n\t\t\t\t\t\t\t\t\t<h3><span style=\"color: #b93042;\"><strong>Our Certificates<\/strong><\/span><\/h3><p><strong>ISO 27001 is the only internationally auditable standard<\/strong>\u00a0that defines the requirements of the Information Security Management System. We targeted to ensure business continuity, to minimize loss in the event of a catastrophic disasters and to protect in all circumstances the confidentiality, accessibility and integrity of the resources of our customers and ours that are considered to be the building blocks. For this purpose, we carry out our business processes by keeping information security at the highest level with new methods that comply with the requirements of ISO \/ IEC 27001.<\/p><p><strong>ISO 10002 Customer Satisfaction Management System<\/strong>\u00a0is a process that requires institutions to prepare the environment necessary for customer satisfaction. As Univera, we are continuing our efforts with this process, aiming to provide a service beyond the expectations of our customers.<\/p><p><strong>ISO 22301 Societal Security and Business Continuity Management System<\/strong>\u00a0is a standard accepted by 160 countries. We provide services in accordance with international standards to ensure business continuity and to respond quickly and accurately to our customers&#8217; needs. Thanks to our ISO 22301 certification, we are able to ensure the continuity of business processes during possible crisis periods. We do not compromise the quality of service we offer by taking our precautions beforehand against incidents that may affect the service in any way.<\/p>\t\t\t\t\t\t\t\t<\/div>\n\t\t\t\t<\/div>\n\t\t\t\t\t<\/div>\n\t\t\t\t<\/div>\n\t\t<div class=\"elementor-element elementor-element-b9577fb e-flex e-con-boxed e-con e-parent\" data-id=\"b9577fb\" data-element_type=\"container\" data-e-type=\"container\">\n\t\t\t\t\t<div class=\"e-con-inner\">\n\t\t<div class=\"elementor-element elementor-element-d7ac095 e-con-full e-flex e-con e-child\" data-id=\"d7ac095\" data-element_type=\"container\" data-e-type=\"container\">\n\t\t\t\t<div class=\"elementor-element elementor-element-c95caa7 elementor-widget elementor-widget-image\" data-id=\"c95caa7\" data-element_type=\"widget\" data-e-type=\"widget\" data-widget_type=\"image.default\">\n\t\t\t\t<div class=\"elementor-widget-container\">\n\t\t\t\t\t\t\t\t\t\t\t\t\t\t\t\t<a href=\"https:\/\/univera.paramtech.com.tr\/wp-content\/uploads\/2025\/07\/univera_27001.pdf\" target=\"_blank\">\n\t\t\t\t\t\t\t<img decoding=\"async\" width=\"310\" height=\"120\" src=\"https:\/\/univera.com.tr\/wp-content\/uploads\/2025\/07\/27001_logo.jpg\" class=\"attachment-full size-full wp-image-1615\" alt=\"\" srcset=\"https:\/\/univera.com.tr\/wp-content\/uploads\/2025\/07\/27001_logo.jpg 310w, https:\/\/univera.com.tr\/wp-content\/uploads\/2025\/07\/27001_logo-300x116.jpg 300w, https:\/\/univera.com.tr\/wp-content\/uploads\/2025\/07\/27001_logo-150x58.jpg 150w\" sizes=\"(max-width:767px) 310px, 310px\" \/>\t\t\t\t\t\t\t\t<\/a>\n\t\t\t\t\t\t\t\t\t\t\t\t\t\t\t<\/div>\n\t\t\t\t<\/div>\n\t\t\t\t<\/div>\n\t\t<div class=\"elementor-element elementor-element-8bf45fc e-con-full e-flex e-con e-child\" data-id=\"8bf45fc\" data-element_type=\"container\" data-e-type=\"container\">\n\t\t\t\t<div class=\"elementor-element elementor-element-7d1e254 elementor-widget elementor-widget-image\" data-id=\"7d1e254\" data-element_type=\"widget\" data-e-type=\"widget\" data-widget_type=\"image.default\">\n\t\t\t\t<div class=\"elementor-widget-container\">\n\t\t\t\t\t\t\t\t\t\t\t\t\t\t\t\t<a href=\"\/wp-content\/uploads\/2025\/07\/univera_10002.pdf\" target=\"_blank\">\n\t\t\t\t\t\t\t<img decoding=\"async\" width=\"310\" height=\"120\" src=\"https:\/\/univera.com.tr\/wp-content\/uploads\/2025\/07\/10002_proks_logo.jpg\" class=\"attachment-full size-full wp-image-1617\" alt=\"\" srcset=\"https:\/\/univera.com.tr\/wp-content\/uploads\/2025\/07\/10002_proks_logo.jpg 310w, https:\/\/univera.com.tr\/wp-content\/uploads\/2025\/07\/10002_proks_logo-300x116.jpg 300w, https:\/\/univera.com.tr\/wp-content\/uploads\/2025\/07\/10002_proks_logo-150x58.jpg 150w\" sizes=\"(max-width:767px) 310px, 310px\" \/>\t\t\t\t\t\t\t\t<\/a>\n\t\t\t\t\t\t\t\t\t\t\t\t\t\t\t<\/div>\n\t\t\t\t<\/div>\n\t\t\t\t<\/div>\n\t\t<div class=\"elementor-element elementor-element-22412e3 e-con-full e-flex e-con e-child\" data-id=\"22412e3\" data-element_type=\"container\" data-e-type=\"container\">\n\t\t\t\t<div class=\"elementor-element elementor-element-84b4ebc elementor-widget elementor-widget-image\" data-id=\"84b4ebc\" data-element_type=\"widget\" data-e-type=\"widget\" data-widget_type=\"image.default\">\n\t\t\t\t<div class=\"elementor-widget-container\">\n\t\t\t\t\t\t\t\t\t\t\t\t\t\t\t\t<a href=\"\/wp-content\/uploads\/2025\/07\/univera_22301.pdf\" target=\"_blank\">\n\t\t\t\t\t\t\t<img decoding=\"async\" width=\"310\" height=\"120\" src=\"https:\/\/univera.com.tr\/wp-content\/uploads\/2025\/07\/22301_logo.jpg\" class=\"attachment-full size-full wp-image-1616\" alt=\"\" srcset=\"https:\/\/univera.com.tr\/wp-content\/uploads\/2025\/07\/22301_logo.jpg 310w, https:\/\/univera.com.tr\/wp-content\/uploads\/2025\/07\/22301_logo-300x116.jpg 300w, https:\/\/univera.com.tr\/wp-content\/uploads\/2025\/07\/22301_logo-150x58.jpg 150w\" sizes=\"(max-width:767px) 310px, 310px\" \/>\t\t\t\t\t\t\t\t<\/a>\n\t\t\t\t\t\t\t\t\t\t\t\t\t\t\t<\/div>\n\t\t\t\t<\/div>\n\t\t\t\t<\/div>\n\t\t<div class=\"elementor-element elementor-element-3d811ef e-con-full e-flex e-con e-child\" data-id=\"3d811ef\" data-element_type=\"container\" data-e-type=\"container\">\n\t\t\t\t<div class=\"elementor-element elementor-element-96dfde0 elementor-widget elementor-widget-image\" data-id=\"96dfde0\" data-element_type=\"widget\" data-e-type=\"widget\" data-widget_type=\"image.default\">\n\t\t\t\t<div class=\"elementor-widget-container\">\n\t\t\t\t\t\t\t\t\t\t\t\t\t\t\t\t<a href=\"https:\/\/univera.paramtech.com.tr\/wp-content\/uploads\/2025\/07\/univera_20000.pdf\" target=\"_blank\">\n\t\t\t\t\t\t\t<img loading=\"lazy\" decoding=\"async\" width=\"310\" height=\"120\" src=\"https:\/\/univera.com.tr\/wp-content\/uploads\/2025\/07\/20000_logo.jpg\" class=\"attachment-full size-full wp-image-1618\" alt=\"\" srcset=\"https:\/\/univera.com.tr\/wp-content\/uploads\/2025\/07\/20000_logo.jpg 310w, https:\/\/univera.com.tr\/wp-content\/uploads\/2025\/07\/20000_logo-300x116.jpg 300w, https:\/\/univera.com.tr\/wp-content\/uploads\/2025\/07\/20000_logo-150x58.jpg 150w\" sizes=\"(max-width:767px) 310px, 310px\" \/>\t\t\t\t\t\t\t\t<\/a>\n\t\t\t\t\t\t\t\t\t\t\t\t\t\t\t<\/div>\n\t\t\t\t<\/div>\n\t\t\t\t<\/div>\n\t\t\t\t\t<\/div>\n\t\t\t\t<\/div>\n\t\t\t\t<\/div>","protected":false},"excerpt":{"rendered":"<p>Policices and Certificates Information Security Management System Policy Objective The objective of the Information Security Policy is to ensure business continuity at Univera, to minimize the<span class=\"excerpt-hellip\"> [\u2026]<\/span><\/p>\n","protected":false},"author":2,"featured_media":-1,"parent":0,"menu_order":0,"comment_status":"open","ping_status":"closed","template":"","meta":{"footnotes":""},"class_list":["post-2070","page","type-page","status-publish","has-post-thumbnail","hentry"],"yoast_head":"<!-- This site is optimized with the Yoast SEO plugin v27.0 - https:\/\/yoast.com\/product\/yoast-seo-wordpress\/ -->\n<title>Univera&#039;s ISO Certifications &amp; Information Security Policies<\/title>\n<meta name=\"description\" content=\"Univera is committed to global standards. View our ISO 9001 &amp; ISO 27001 certificates, and read our quality and information security policies.\" \/>\n<meta name=\"robots\" content=\"index, follow, max-snippet:-1, max-image-preview:large, max-video-preview:-1\" \/>\n<link rel=\"canonical\" href=\"https:\/\/univera.com.tr\/en\/policices-and-certificates\/\" \/>\n<meta property=\"og:locale\" content=\"en_US\" \/>\n<meta property=\"og:type\" content=\"article\" \/>\n<meta property=\"og:title\" content=\"Univera&#039;s ISO Certifications &amp; Information Security Policies\" \/>\n<meta property=\"og:description\" content=\"Univera is committed to global standards. View our ISO 9001 &amp; ISO 27001 certificates, and read our quality and information security policies.\" \/>\n<meta property=\"og:url\" content=\"https:\/\/univera.com.tr\/en\/policices-and-certificates\/\" \/>\n<meta property=\"og:site_name\" content=\"Univera: Dijital D\u00f6n\u00fc\u015f\u00fcmle \u0130\u015f S\u00fcre\u00e7lerini Kolayca Y\u00f6netin\" \/>\n<meta property=\"article:modified_time\" content=\"2025-10-10T06:01:17+00:00\" \/>\n<meta name=\"twitter:card\" content=\"summary_large_image\" \/>\n<meta name=\"twitter:label1\" content=\"Est. reading time\" \/>\n\t<meta name=\"twitter:data1\" content=\"6 minutes\" \/>\n<script type=\"application\/ld+json\" class=\"yoast-schema-graph\">{\"@context\":\"https:\/\/schema.org\",\"@graph\":[{\"@type\":\"WebPage\",\"@id\":\"https:\/\/univera.com.tr\/en\/policices-and-certificates\/\",\"url\":\"https:\/\/univera.com.tr\/en\/policices-and-certificates\/\",\"name\":\"Univera's ISO Certifications & Information Security Policies\",\"isPartOf\":{\"@id\":\"https:\/\/univera.com.tr\/en\/#website\"},\"primaryImageOfPage\":{\"@id\":\"https:\/\/univera.com.tr\/en\/policices-and-certificates\/#primaryimage\"},\"image\":{\"@id\":\"https:\/\/univera.com.tr\/en\/policices-and-certificates\/#primaryimage\"},\"thumbnailUrl\":\"https:\/\/univera.com.tr\/wp-content\/uploads\/2025\/07\/27001_logo.jpg\",\"datePublished\":\"2025-10-02T14:41:52+00:00\",\"dateModified\":\"2025-10-10T06:01:17+00:00\",\"description\":\"Univera is committed to global standards. View our ISO 9001 & ISO 27001 certificates, and read our quality and information security policies.\",\"breadcrumb\":{\"@id\":\"https:\/\/univera.com.tr\/en\/policices-and-certificates\/#breadcrumb\"},\"inLanguage\":\"en-US\",\"potentialAction\":[{\"@type\":\"ReadAction\",\"target\":[\"https:\/\/univera.com.tr\/en\/policices-and-certificates\/\"]}]},{\"@type\":\"ImageObject\",\"inLanguage\":\"en-US\",\"@id\":\"https:\/\/univera.com.tr\/en\/policices-and-certificates\/#primaryimage\",\"url\":\"https:\/\/univera.com.tr\/wp-content\/uploads\/2025\/07\/27001_logo.jpg\",\"contentUrl\":\"https:\/\/univera.com.tr\/wp-content\/uploads\/2025\/07\/27001_logo.jpg\"},{\"@type\":\"BreadcrumbList\",\"@id\":\"https:\/\/univera.com.tr\/en\/policices-and-certificates\/#breadcrumb\",\"itemListElement\":[{\"@type\":\"ListItem\",\"position\":1,\"name\":\"Anasayfa\",\"item\":\"https:\/\/univera.com.tr\/en\/home\/\"},{\"@type\":\"ListItem\",\"position\":2,\"name\":\"Policices and Certificates\"}]},{\"@type\":\"WebSite\",\"@id\":\"https:\/\/univera.com.tr\/en\/#website\",\"url\":\"https:\/\/univera.com.tr\/en\/\",\"name\":\"Univera: Dijital D\u00f6n\u00fc\u015f\u00fcmle \u0130\u015f S\u00fcre\u00e7lerini Kolayca Y\u00f6netin\",\"description\":\"Dijital D\u00f6n\u00fc\u015f\u00fcmle \u0130\u015f S\u00fcre\u00e7lerini Yeniden Tan\u0131mlay\u0131n! Sat\u0131\u015f, lojistik ve servis gibi i\u015f s\u00fcre\u00e7lerini dijitalle\u015ftirin. Univera ile G\u00fc\u00e7lenin!\",\"potentialAction\":[{\"@type\":\"SearchAction\",\"target\":{\"@type\":\"EntryPoint\",\"urlTemplate\":\"https:\/\/univera.com.tr\/en\/?s={search_term_string}\"},\"query-input\":{\"@type\":\"PropertyValueSpecification\",\"valueRequired\":true,\"valueName\":\"search_term_string\"}}],\"inLanguage\":\"en-US\"}]}<\/script>\n<!-- \/ Yoast SEO plugin. -->","yoast_head_json":{"title":"Univera's ISO Certifications & Information Security Policies","description":"Univera is committed to global standards. View our ISO 9001 & ISO 27001 certificates, and read our quality and information security policies.","robots":{"index":"index","follow":"follow","max-snippet":"max-snippet:-1","max-image-preview":"max-image-preview:large","max-video-preview":"max-video-preview:-1"},"canonical":"https:\/\/univera.com.tr\/en\/policices-and-certificates\/","og_locale":"en_US","og_type":"article","og_title":"Univera's ISO Certifications & Information Security Policies","og_description":"Univera is committed to global standards. View our ISO 9001 & ISO 27001 certificates, and read our quality and information security policies.","og_url":"https:\/\/univera.com.tr\/en\/policices-and-certificates\/","og_site_name":"Univera: Dijital D\u00f6n\u00fc\u015f\u00fcmle \u0130\u015f S\u00fcre\u00e7lerini Kolayca Y\u00f6netin","article_modified_time":"2025-10-10T06:01:17+00:00","twitter_card":"summary_large_image","twitter_misc":{"Est. reading time":"6 minutes"},"schema":{"@context":"https:\/\/schema.org","@graph":[{"@type":"WebPage","@id":"https:\/\/univera.com.tr\/en\/policices-and-certificates\/","url":"https:\/\/univera.com.tr\/en\/policices-and-certificates\/","name":"Univera's ISO Certifications & Information Security Policies","isPartOf":{"@id":"https:\/\/univera.com.tr\/en\/#website"},"primaryImageOfPage":{"@id":"https:\/\/univera.com.tr\/en\/policices-and-certificates\/#primaryimage"},"image":{"@id":"https:\/\/univera.com.tr\/en\/policices-and-certificates\/#primaryimage"},"thumbnailUrl":"https:\/\/univera.com.tr\/wp-content\/uploads\/2025\/07\/27001_logo.jpg","datePublished":"2025-10-02T14:41:52+00:00","dateModified":"2025-10-10T06:01:17+00:00","description":"Univera is committed to global standards. View our ISO 9001 & ISO 27001 certificates, and read our quality and information security policies.","breadcrumb":{"@id":"https:\/\/univera.com.tr\/en\/policices-and-certificates\/#breadcrumb"},"inLanguage":"en-US","potentialAction":[{"@type":"ReadAction","target":["https:\/\/univera.com.tr\/en\/policices-and-certificates\/"]}]},{"@type":"ImageObject","inLanguage":"en-US","@id":"https:\/\/univera.com.tr\/en\/policices-and-certificates\/#primaryimage","url":"https:\/\/univera.com.tr\/wp-content\/uploads\/2025\/07\/27001_logo.jpg","contentUrl":"https:\/\/univera.com.tr\/wp-content\/uploads\/2025\/07\/27001_logo.jpg"},{"@type":"BreadcrumbList","@id":"https:\/\/univera.com.tr\/en\/policices-and-certificates\/#breadcrumb","itemListElement":[{"@type":"ListItem","position":1,"name":"Anasayfa","item":"https:\/\/univera.com.tr\/en\/home\/"},{"@type":"ListItem","position":2,"name":"Policices and Certificates"}]},{"@type":"WebSite","@id":"https:\/\/univera.com.tr\/en\/#website","url":"https:\/\/univera.com.tr\/en\/","name":"Univera: Dijital D\u00f6n\u00fc\u015f\u00fcmle \u0130\u015f S\u00fcre\u00e7lerini Kolayca Y\u00f6netin","description":"Dijital D\u00f6n\u00fc\u015f\u00fcmle \u0130\u015f S\u00fcre\u00e7lerini Yeniden Tan\u0131mlay\u0131n! Sat\u0131\u015f, lojistik ve servis gibi i\u015f s\u00fcre\u00e7lerini dijitalle\u015ftirin. Univera ile G\u00fc\u00e7lenin!","potentialAction":[{"@type":"SearchAction","target":{"@type":"EntryPoint","urlTemplate":"https:\/\/univera.com.tr\/en\/?s={search_term_string}"},"query-input":{"@type":"PropertyValueSpecification","valueRequired":true,"valueName":"search_term_string"}}],"inLanguage":"en-US"}]}},"_links":{"self":[{"href":"https:\/\/univera.com.tr\/en\/wp-json\/wp\/v2\/pages\/2070","targetHints":{"allow":["GET"]}}],"collection":[{"href":"https:\/\/univera.com.tr\/en\/wp-json\/wp\/v2\/pages"}],"about":[{"href":"https:\/\/univera.com.tr\/en\/wp-json\/wp\/v2\/types\/page"}],"author":[{"embeddable":true,"href":"https:\/\/univera.com.tr\/en\/wp-json\/wp\/v2\/users\/2"}],"replies":[{"embeddable":true,"href":"https:\/\/univera.com.tr\/en\/wp-json\/wp\/v2\/comments?post=2070"}],"version-history":[{"count":7,"href":"https:\/\/univera.com.tr\/en\/wp-json\/wp\/v2\/pages\/2070\/revisions"}],"predecessor-version":[{"id":2077,"href":"https:\/\/univera.com.tr\/en\/wp-json\/wp\/v2\/pages\/2070\/revisions\/2077"}],"wp:featuredmedia":[{"embeddable":true,"href":"https:\/\/univera.com.tr\/en\/wp-json\/"}],"wp:attachment":[{"href":"https:\/\/univera.com.tr\/en\/wp-json\/wp\/v2\/media?parent=2070"}],"curies":[{"name":"wp","href":"https:\/\/api.w.org\/{rel}","templated":true}]}}