{"id":2085,"date":"2025-10-03T10:43:30","date_gmt":"2025-10-03T07:43:30","guid":{"rendered":"https:\/\/univera.com.tr\/?page_id=2085"},"modified":"2025-10-10T09:43:49","modified_gmt":"2025-10-10T06:43:49","slug":"project-management-office","status":"publish","type":"page","link":"https:\/\/univera.com.tr\/en\/project-management-office\/","title":{"rendered":"Project Management Office"},"content":{"rendered":"<div data-elementor-type=\"wp-page\" data-elementor-id=\"2085\" class=\"elementor elementor-2085\" data-elementor-post-type=\"page\">\n\t\t\t\t\t\t<section class=\"elementor-section elementor-top-section elementor-element elementor-element-aa6b77b elementor-section-full_width elementor-section-stretched elementor-section-height-default elementor-section-height-default\" data-id=\"aa6b77b\" data-element_type=\"section\" data-e-type=\"section\" data-settings=\"{&quot;stretch_section&quot;:&quot;section-stretched&quot;,&quot;background_background&quot;:&quot;classic&quot;}\">\n\t\t\t\t\t\t<div class=\"elementor-container elementor-column-gap-default\">\n\t\t\t\t\t<div class=\"elementor-column elementor-col-100 elementor-top-column elementor-element elementor-element-ff1e5e5\" data-id=\"ff1e5e5\" data-element_type=\"column\" data-e-type=\"column\">\n\t\t\t<div class=\"elementor-widget-wrap elementor-element-populated\">\n\t\t\t\t\t\t<div class=\"elementor-element elementor-element-5c72c5b elementor-widget elementor-widget-heading\" data-id=\"5c72c5b\" data-element_type=\"widget\" data-e-type=\"widget\" data-widget_type=\"heading.default\">\n\t\t\t\t<div class=\"elementor-widget-container\">\n\t\t\t\t\t<h1 class=\"elementor-heading-title elementor-size-default\">Project Management Office<\/h1>\t\t\t\t<\/div>\n\t\t\t\t<\/div>\n\t\t\t\t\t<\/div>\n\t\t<\/div>\n\t\t\t\t\t<\/div>\n\t\t<\/section>\n\t\t<div class=\"elementor-element elementor-element-f1ed28f e-flex e-con-boxed e-con e-parent\" data-id=\"f1ed28f\" data-element_type=\"container\" data-e-type=\"container\">\n\t\t\t\t\t<div class=\"e-con-inner\">\n\t\t<div class=\"elementor-element elementor-element-78bf252 e-con-full e-flex e-con e-child\" data-id=\"78bf252\" data-element_type=\"container\" data-e-type=\"container\">\n\t\t\t\t<div class=\"elementor-element elementor-element-068ecd6 elementor-widget elementor-widget-text-editor\" data-id=\"068ecd6\" data-element_type=\"widget\" data-e-type=\"widget\" data-widget_type=\"text-editor.default\">\n\t\t\t\t<div class=\"elementor-widget-container\">\n\t\t\t\t\t\t\t\t\t<p>At Univera, all of our projects are managed by expert and experienced project managers. Our project managers are involved in every stage of the projects they oversee, from the initial setup to successful completion. This approach ensures that you collaborate with a project manager who has a comprehensive understanding of every detail, enabling you to make sound and effective decisions.<\/p><p>The primary focus of our dedicated project management teams is to understand our clients&#8217; business processes and deliver solutions that meet their specific needs. The guidance provided by our experienced project managers minimizes the risk of errors throughout the project lifecycle. Through the meticulous attention we apply at every phase of our project approach, we ensure that your digital transformation journey progresses in a planned and seamless manner. We create dynamic, evolving projects by leveraging the advancements from our on-site R&amp;D center, which continuously tracks emerging technologies, and by implementing innovations based on your valuable feedback<\/p>\t\t\t\t\t\t\t\t<\/div>\n\t\t\t\t<\/div>\n\t\t\t\t<\/div>\n\t\t<div class=\"elementor-element elementor-element-a70c6e5 e-con-full e-flex e-con e-child\" data-id=\"a70c6e5\" data-element_type=\"container\" data-e-type=\"container\">\n\t\t\t\t<div class=\"elementor-element elementor-element-c54c086 elementor-widget elementor-widget-image\" data-id=\"c54c086\" data-element_type=\"widget\" data-e-type=\"widget\" data-widget_type=\"image.default\">\n\t\t\t\t<div class=\"elementor-widget-container\">\n\t\t\t\t\t\t\t\t\t\t\t\t\t\t\t<img fetchpriority=\"high\" decoding=\"async\" width=\"448\" height=\"296\" src=\"https:\/\/univera.com.tr\/wp-content\/uploads\/2025\/05\/41.jpg\" class=\"attachment-large size-large wp-image-1389\" alt=\"\" srcset=\"https:\/\/univera.com.tr\/wp-content\/uploads\/2025\/05\/41.jpg 448w, https:\/\/univera.com.tr\/wp-content\/uploads\/2025\/05\/41-300x198.jpg 300w, https:\/\/univera.com.tr\/wp-content\/uploads\/2025\/05\/41-114x75.jpg 114w\" sizes=\"(max-width:767px) 448px, 448px\" \/>\t\t\t\t\t\t\t\t\t\t\t\t\t\t\t<\/div>\n\t\t\t\t<\/div>\n\t\t\t\t<\/div>\n\t\t\t\t\t<\/div>\n\t\t\t\t<\/div>\n\t\t\t\t<\/div>","protected":false},"excerpt":{"rendered":"<p>Project Management Office At Univera, all of our projects are managed by expert and experienced project managers. Our project managers are involved in every stage of<span class=\"excerpt-hellip\"> [\u2026]<\/span><\/p>\n","protected":false},"author":2,"featured_media":-1,"parent":0,"menu_order":0,"comment_status":"open","ping_status":"closed","template":"","meta":{"footnotes":""},"class_list":["post-2085","page","type-page","status-publish","has-post-thumbnail","hentry"],"yoast_head":"<!-- This site is optimized with the Yoast SEO plugin v27.0 - https:\/\/yoast.com\/product\/yoast-seo-wordpress\/ -->\n<title>Project Management Office (PMO) Services - Univera<\/title>\n<meta name=\"description\" content=\"Ensure project success with Univera&#039;s project management office. Project, risk management, and certified methodologies for on-time delivery.\" \/>\n<meta name=\"robots\" content=\"index, follow, max-snippet:-1, max-image-preview:large, max-video-preview:-1\" \/>\n<link rel=\"canonical\" href=\"https:\/\/univera.com.tr\/en\/project-management-office\/\" \/>\n<meta property=\"og:locale\" content=\"en_US\" \/>\n<meta property=\"og:type\" content=\"article\" \/>\n<meta property=\"og:title\" content=\"Project Management Office (PMO) Services - Univera\" \/>\n<meta property=\"og:description\" content=\"Ensure project success with Univera&#039;s project management office. Project, risk management, and certified methodologies for on-time delivery.\" \/>\n<meta property=\"og:url\" content=\"https:\/\/univera.com.tr\/en\/project-management-office\/\" \/>\n<meta property=\"og:site_name\" content=\"Univera: Dijital D\u00f6n\u00fc\u015f\u00fcmle \u0130\u015f S\u00fcre\u00e7lerini Kolayca Y\u00f6netin\" \/>\n<meta property=\"article:modified_time\" content=\"2025-10-10T06:43:49+00:00\" \/>\n<meta name=\"twitter:card\" content=\"summary_large_image\" \/>\n<meta name=\"twitter:label1\" content=\"Est. reading time\" \/>\n\t<meta name=\"twitter:data1\" content=\"2 minutes\" \/>\n<script type=\"application\/ld+json\" class=\"yoast-schema-graph\">{\"@context\":\"https:\/\/schema.org\",\"@graph\":[{\"@type\":\"WebPage\",\"@id\":\"https:\/\/univera.com.tr\/en\/project-management-office\/\",\"url\":\"https:\/\/univera.com.tr\/en\/project-management-office\/\",\"name\":\"Project Management Office (PMO) Services - Univera\",\"isPartOf\":{\"@id\":\"https:\/\/univera.com.tr\/en\/#website\"},\"primaryImageOfPage\":{\"@id\":\"https:\/\/univera.com.tr\/en\/project-management-office\/#primaryimage\"},\"image\":{\"@id\":\"https:\/\/univera.com.tr\/en\/project-management-office\/#primaryimage\"},\"thumbnailUrl\":\"https:\/\/univera.com.tr\/wp-content\/uploads\/2025\/05\/41.jpg\",\"datePublished\":\"2025-10-03T07:43:30+00:00\",\"dateModified\":\"2025-10-10T06:43:49+00:00\",\"description\":\"Ensure project success with Univera's project management office. Project, risk management, and certified methodologies for on-time delivery.\",\"breadcrumb\":{\"@id\":\"https:\/\/univera.com.tr\/en\/project-management-office\/#breadcrumb\"},\"inLanguage\":\"en-US\",\"potentialAction\":[{\"@type\":\"ReadAction\",\"target\":[\"https:\/\/univera.com.tr\/en\/project-management-office\/\"]}]},{\"@type\":\"ImageObject\",\"inLanguage\":\"en-US\",\"@id\":\"https:\/\/univera.com.tr\/en\/project-management-office\/#primaryimage\",\"url\":\"https:\/\/univera.com.tr\/wp-content\/uploads\/2025\/05\/41.jpg\",\"contentUrl\":\"https:\/\/univera.com.tr\/wp-content\/uploads\/2025\/05\/41.jpg\"},{\"@type\":\"BreadcrumbList\",\"@id\":\"https:\/\/univera.com.tr\/en\/project-management-office\/#breadcrumb\",\"itemListElement\":[{\"@type\":\"ListItem\",\"position\":1,\"name\":\"Anasayfa\",\"item\":\"https:\/\/univera.com.tr\/en\/home\/\"},{\"@type\":\"ListItem\",\"position\":2,\"name\":\"Project Management Office\"}]},{\"@type\":\"WebSite\",\"@id\":\"https:\/\/univera.com.tr\/en\/#website\",\"url\":\"https:\/\/univera.com.tr\/en\/\",\"name\":\"Univera: Dijital D\u00f6n\u00fc\u015f\u00fcmle \u0130\u015f S\u00fcre\u00e7lerini Kolayca Y\u00f6netin\",\"description\":\"Dijital D\u00f6n\u00fc\u015f\u00fcmle \u0130\u015f S\u00fcre\u00e7lerini Yeniden Tan\u0131mlay\u0131n! Sat\u0131\u015f, lojistik ve servis gibi i\u015f s\u00fcre\u00e7lerini dijitalle\u015ftirin. Univera ile G\u00fc\u00e7lenin!\",\"potentialAction\":[{\"@type\":\"SearchAction\",\"target\":{\"@type\":\"EntryPoint\",\"urlTemplate\":\"https:\/\/univera.com.tr\/en\/?s={search_term_string}\"},\"query-input\":{\"@type\":\"PropertyValueSpecification\",\"valueRequired\":true,\"valueName\":\"search_term_string\"}}],\"inLanguage\":\"en-US\"}]}<\/script>\n<!-- \/ Yoast SEO plugin. -->","yoast_head_json":{"title":"Project Management Office (PMO) Services - Univera","description":"Ensure project success with Univera's project management office. Project, risk management, and certified methodologies for on-time delivery.","robots":{"index":"index","follow":"follow","max-snippet":"max-snippet:-1","max-image-preview":"max-image-preview:large","max-video-preview":"max-video-preview:-1"},"canonical":"https:\/\/univera.com.tr\/en\/project-management-office\/","og_locale":"en_US","og_type":"article","og_title":"Project Management Office (PMO) Services - Univera","og_description":"Ensure project success with Univera's project management office. Project, risk management, and certified methodologies for on-time delivery.","og_url":"https:\/\/univera.com.tr\/en\/project-management-office\/","og_site_name":"Univera: Dijital D\u00f6n\u00fc\u015f\u00fcmle \u0130\u015f S\u00fcre\u00e7lerini Kolayca Y\u00f6netin","article_modified_time":"2025-10-10T06:43:49+00:00","twitter_card":"summary_large_image","twitter_misc":{"Est. reading time":"2 minutes"},"schema":{"@context":"https:\/\/schema.org","@graph":[{"@type":"WebPage","@id":"https:\/\/univera.com.tr\/en\/project-management-office\/","url":"https:\/\/univera.com.tr\/en\/project-management-office\/","name":"Project Management Office (PMO) Services - Univera","isPartOf":{"@id":"https:\/\/univera.com.tr\/en\/#website"},"primaryImageOfPage":{"@id":"https:\/\/univera.com.tr\/en\/project-management-office\/#primaryimage"},"image":{"@id":"https:\/\/univera.com.tr\/en\/project-management-office\/#primaryimage"},"thumbnailUrl":"https:\/\/univera.com.tr\/wp-content\/uploads\/2025\/05\/41.jpg","datePublished":"2025-10-03T07:43:30+00:00","dateModified":"2025-10-10T06:43:49+00:00","description":"Ensure project success with Univera's project management office. Project, risk management, and certified methodologies for on-time delivery.","breadcrumb":{"@id":"https:\/\/univera.com.tr\/en\/project-management-office\/#breadcrumb"},"inLanguage":"en-US","potentialAction":[{"@type":"ReadAction","target":["https:\/\/univera.com.tr\/en\/project-management-office\/"]}]},{"@type":"ImageObject","inLanguage":"en-US","@id":"https:\/\/univera.com.tr\/en\/project-management-office\/#primaryimage","url":"https:\/\/univera.com.tr\/wp-content\/uploads\/2025\/05\/41.jpg","contentUrl":"https:\/\/univera.com.tr\/wp-content\/uploads\/2025\/05\/41.jpg"},{"@type":"BreadcrumbList","@id":"https:\/\/univera.com.tr\/en\/project-management-office\/#breadcrumb","itemListElement":[{"@type":"ListItem","position":1,"name":"Anasayfa","item":"https:\/\/univera.com.tr\/en\/home\/"},{"@type":"ListItem","position":2,"name":"Project Management Office"}]},{"@type":"WebSite","@id":"https:\/\/univera.com.tr\/en\/#website","url":"https:\/\/univera.com.tr\/en\/","name":"Univera: Dijital D\u00f6n\u00fc\u015f\u00fcmle \u0130\u015f S\u00fcre\u00e7lerini Kolayca Y\u00f6netin","description":"Dijital D\u00f6n\u00fc\u015f\u00fcmle \u0130\u015f S\u00fcre\u00e7lerini Yeniden Tan\u0131mlay\u0131n! Sat\u0131\u015f, lojistik ve servis gibi i\u015f s\u00fcre\u00e7lerini dijitalle\u015ftirin. Univera ile G\u00fc\u00e7lenin!","potentialAction":[{"@type":"SearchAction","target":{"@type":"EntryPoint","urlTemplate":"https:\/\/univera.com.tr\/en\/?s={search_term_string}"},"query-input":{"@type":"PropertyValueSpecification","valueRequired":true,"valueName":"search_term_string"}}],"inLanguage":"en-US"}]}},"_links":{"self":[{"href":"https:\/\/univera.com.tr\/en\/wp-json\/wp\/v2\/pages\/2085","targetHints":{"allow":["GET"]}}],"collection":[{"href":"https:\/\/univera.com.tr\/en\/wp-json\/wp\/v2\/pages"}],"about":[{"href":"https:\/\/univera.com.tr\/en\/wp-json\/wp\/v2\/types\/page"}],"author":[{"embeddable":true,"href":"https:\/\/univera.com.tr\/en\/wp-json\/wp\/v2\/users\/2"}],"replies":[{"embeddable":true,"href":"https:\/\/univera.com.tr\/en\/wp-json\/wp\/v2\/comments?post=2085"}],"version-history":[{"count":5,"href":"https:\/\/univera.com.tr\/en\/wp-json\/wp\/v2\/pages\/2085\/revisions"}],"predecessor-version":[{"id":2090,"href":"https:\/\/univera.com.tr\/en\/wp-json\/wp\/v2\/pages\/2085\/revisions\/2090"}],"wp:featuredmedia":[{"embeddable":true,"href":"https:\/\/univera.com.tr\/en\/wp-json\/"}],"wp:attachment":[{"href":"https:\/\/univera.com.tr\/en\/wp-json\/wp\/v2\/media?parent=2085"}],"curies":[{"name":"wp","href":"https:\/\/api.w.org\/{rel}","templated":true}]}}