{"id":2094,"date":"2025-05-08T17:41:21","date_gmt":"2025-05-08T14:41:21","guid":{"rendered":"https:\/\/univera.com.tr\/?page_id=2094"},"modified":"2025-10-03T10:56:49","modified_gmt":"2025-10-03T07:56:49","slug":"partner-program","status":"publish","type":"page","link":"https:\/\/univera.com.tr\/en\/partner-program\/","title":{"rendered":"Partner Program"},"content":{"rendered":"<div data-elementor-type=\"wp-page\" data-elementor-id=\"2094\" class=\"elementor elementor-2094\" data-elementor-post-type=\"page\">\n\t\t\t\t\t\t<section class=\"elementor-section elementor-top-section elementor-element elementor-element-4b66ede elementor-section-full_width elementor-section-stretched elementor-section-height-default elementor-section-height-default\" data-id=\"4b66ede\" data-element_type=\"section\" data-e-type=\"section\" data-settings=\"{&quot;stretch_section&quot;:&quot;section-stretched&quot;,&quot;background_background&quot;:&quot;classic&quot;}\">\n\t\t\t\t\t\t<div class=\"elementor-container elementor-column-gap-default\">\n\t\t\t\t\t<div class=\"elementor-column elementor-col-100 elementor-top-column elementor-element elementor-element-4e50f27\" data-id=\"4e50f27\" data-element_type=\"column\" data-e-type=\"column\">\n\t\t\t<div class=\"elementor-widget-wrap elementor-element-populated\">\n\t\t\t\t\t\t<div class=\"elementor-element elementor-element-2982799 elementor-widget elementor-widget-heading\" data-id=\"2982799\" data-element_type=\"widget\" data-e-type=\"widget\" data-widget_type=\"heading.default\">\n\t\t\t\t<div class=\"elementor-widget-container\">\n\t\t\t\t\t<h1 class=\"elementor-heading-title elementor-size-default\">Partner Program<\/h1>\t\t\t\t<\/div>\n\t\t\t\t<\/div>\n\t\t\t\t\t<\/div>\n\t\t<\/div>\n\t\t\t\t\t<\/div>\n\t\t<\/section>\n\t\t<div class=\"elementor-element elementor-element-c4b67c5 e-flex e-con-boxed e-con e-parent\" data-id=\"c4b67c5\" data-element_type=\"container\" data-e-type=\"container\">\n\t\t\t\t\t<div class=\"e-con-inner\">\n\t\t\t\t<div class=\"elementor-element elementor-element-df66763 elementor-widget elementor-widget-image\" data-id=\"df66763\" data-element_type=\"widget\" data-e-type=\"widget\" data-widget_type=\"image.default\">\n\t\t\t\t<div class=\"elementor-widget-container\">\n\t\t\t\t\t\t\t\t\t\t\t\t\t\t\t<img fetchpriority=\"high\" decoding=\"async\" width=\"959\" height=\"321\" src=\"https:\/\/univera.com.tr\/wp-content\/uploads\/2025\/05\/253.jpg\" class=\"attachment-large size-large wp-image-1324\" alt=\"\" srcset=\"https:\/\/univera.com.tr\/wp-content\/uploads\/2025\/05\/253.jpg 959w, https:\/\/univera.com.tr\/wp-content\/uploads\/2025\/05\/253-500x167.jpg 500w, https:\/\/univera.com.tr\/wp-content\/uploads\/2025\/05\/253-300x100.jpg 300w, https:\/\/univera.com.tr\/wp-content\/uploads\/2025\/05\/253-768x257.jpg 768w, https:\/\/univera.com.tr\/wp-content\/uploads\/2025\/05\/253-150x50.jpg 150w, https:\/\/univera.com.tr\/wp-content\/uploads\/2025\/05\/253-480x161.jpg 480w\" sizes=\"(max-width:767px) 480px, (max-width:959px) 100vw, 959px\" \/>\t\t\t\t\t\t\t\t\t\t\t\t\t\t\t<\/div>\n\t\t\t\t<\/div>\n\t\t\t\t\t<\/div>\n\t\t\t\t<\/div>\n\t\t<div class=\"elementor-element elementor-element-9733436 e-flex e-con-boxed e-con e-parent\" data-id=\"9733436\" data-element_type=\"container\" data-e-type=\"container\">\n\t\t\t\t\t<div class=\"e-con-inner\">\n\t\t\t\t<div class=\"elementor-element elementor-element-9b901a1 elementor-widget elementor-widget-text-editor\" data-id=\"9b901a1\" data-element_type=\"widget\" data-e-type=\"widget\" data-widget_type=\"text-editor.default\">\n\t\t\t\t<div class=\"elementor-widget-container\">\n\t\t\t\t\t\t\t\t\t<h3><b>Who is Univera?<\/b><\/h3><p>Established in 1992, Univera is a technology company with a team of over 100 professionals, serving more than 100 major brands and over 5,000 SMEs, wholesalers, dealers, and distributors. Through its systems, the company produces digital transformation software for sales, service, CRM, and logistics automation.<\/p><h3><b>What is the Univera Partner Program?<\/b><\/h3><p>The Univera Partner Program is designed to add value to the companies within its ecosystem and to extend the reach of Univera Solutions to a broader corporate audience.<\/p><p>The program features two distinct partnership types: the <b>Value-Adding Partner<\/b> and the <b>Solution Development Partner<\/b>.<\/p><ul><li><p><b>Value-Adding Partner:<\/b> This partner is responsible for selling the solutions developed within Univera&#8217;s Partner Program. If they have sufficient resources, they may also provide installation and support services in addition to sales.<\/p><\/li><li><p><b>Solution Development Partner:<\/b> This partner develops and customizes Univera&#8217;s solutions for their clients using the API.<\/p><\/li><\/ul><p>Partners can hold both the Solution Development Partner and Value-Adding Partner titles simultaneously.<\/p>\t\t\t\t\t\t\t\t<\/div>\n\t\t\t\t<\/div>\n\t\t\t\t<div class=\"elementor-element elementor-element-0766256 elementor-widget elementor-widget-text-editor\" data-id=\"0766256\" data-element_type=\"widget\" data-e-type=\"widget\" data-widget_type=\"text-editor.default\">\n\t\t\t\t<div class=\"elementor-widget-container\">\n\t\t\t\t\t\t\t\t\t<h4><strong>Why Partner Solutions?<\/strong><\/h4>\t\t\t\t\t\t\t\t<\/div>\n\t\t\t\t<\/div>\n\t\t<div class=\"elementor-element elementor-element-7945f62 e-grid e-con-full e-con e-child\" data-id=\"7945f62\" data-element_type=\"container\" data-e-type=\"container\">\n\t\t\t\t<div class=\"elementor-element elementor-element-fd40df5 elementor-widget elementor-widget-text-editor\" data-id=\"fd40df5\" data-element_type=\"widget\" data-e-type=\"widget\" data-widget_type=\"text-editor.default\">\n\t\t\t\t<div class=\"elementor-widget-container\">\n\t\t\t\t\t\t\t\t\t<h4>Solutions Developed for SMEs<\/h4><div><p>Digitize your warehouse, field sales, and field data collection processes with solutions tailored to the specific needs of SMEs.<\/p><\/div>\t\t\t\t\t\t\t\t<\/div>\n\t\t\t\t<\/div>\n\t\t\t\t<div class=\"elementor-element elementor-element-aeab2c5 elementor-widget elementor-widget-text-editor\" data-id=\"aeab2c5\" data-element_type=\"widget\" data-e-type=\"widget\" data-widget_type=\"text-editor.default\">\n\t\t\t\t<div class=\"elementor-widget-container\">\n\t\t\t\t\t\t\t\t\t<h4>100% Web-Based Architecture<\/h4><div><p>Monitor and manage your business processes from any location, independent of a physical office, simply with a username and password.<\/p><\/div>\t\t\t\t\t\t\t\t<\/div>\n\t\t\t\t<\/div>\n\t\t\t\t<div class=\"elementor-element elementor-element-e043216 elementor-widget elementor-widget-text-editor\" data-id=\"e043216\" data-element_type=\"widget\" data-e-type=\"widget\" data-widget_type=\"text-editor.default\">\n\t\t\t\t<div class=\"elementor-widget-container\">\n\t\t\t\t\t\t\t\t\t<h4>The Univera Guarantee<\/h4><div><p>Benefit from the experience of Univera, which has been providing digital business solutions to institutions across various sectors since 1992.<\/p><\/div>\t\t\t\t\t\t\t\t<\/div>\n\t\t\t\t<\/div>\n\t\t\t\t<\/div>\n\t\t\t\t<div class=\"elementor-element elementor-element-09588d4 elementor-widget elementor-widget-text-editor\" data-id=\"09588d4\" data-element_type=\"widget\" data-e-type=\"widget\" data-widget_type=\"text-editor.default\">\n\t\t\t\t<div class=\"elementor-widget-container\">\n\t\t\t\t\t\t\t\t\t<h3><b>Why the Univera Partner Program?<\/b><\/h3><ul><li><p><b>New Customers:<\/b> An opportunity to offer reliable solutions to new sectors and achieve high-profit margins by leveraging Univera&#8217;s experience and brand support.<\/p><\/li><li><p><b>Single Platform:<\/b> The power to deliver end-to-end solutions on a single platform\u2014from sales to service and from logistics to field management\u2014which enhances customer loyalty.<\/p><\/li><li><p><b>Customizable Solutions:<\/b> The capability to perform custom development and create additional reports using the ExtendedAPI tool of the Panorama platform.<\/p><\/li><\/ul><h4><b>Advantages for Value-Adding Partners in the Univera Partner Program<\/b><\/h4><ul><li>The Univera guarantee<\/li><li><p>Solutions developed through years of experience<\/p><\/li><li><p>Economical solutions tailored to customer needs<\/p><\/li><li><p>High market share in the fast-moving consumer goods sector<\/p><\/li><li><p>End-to-end service (Software, Hardware, &amp; Project Management)<\/p><\/li><li><p>Integration with Logo\/Netsis<\/p><\/li><li><p>Parallel and integrated solutions<\/p><\/li><li><p>Opportunity to deepen customer engagement with Univera&#8217;s additional modules<\/p><\/li><\/ul><h4><b>Become a Strong Solution Provider in the Fast-Moving Consumer Goods (FMCG) Sector<\/b><\/h4><p>The FMCG sector, a market where Univera has long been a dominant player, now opens its doors to you through our partnership program.<\/p><p>Speed is a vital component in this industry. For companies operating in the FMCG sector with its dynamic business processes and extensive distribution networks, Univera Partner Solutions\u2014developed based on experience and industry needs\u2014facilitate accurate and rapid operations.<\/p><p>While the solutions can be offered to any company regardless of the sector, they enable the management of the entire process\u2014from the warehouse to sales &amp; distribution and the final delivery to the consumer\u2014on a single platform.<\/p><p>We invite you to become a part of this ecosystem<\/p>\t\t\t\t\t\t\t\t<\/div>\n\t\t\t\t<\/div>\n\t\t\t\t\t<\/div>\n\t\t\t\t<\/div>\n\t\t\t\t<\/div>","protected":false},"excerpt":{"rendered":"<p>Partner Program Who is Univera? Established in 1992, Univera is a technology company with a team of over 100 professionals, serving more than 100 major brands<span class=\"excerpt-hellip\"> [\u2026]<\/span><\/p>\n","protected":false},"author":2,"featured_media":0,"parent":0,"menu_order":0,"comment_status":"closed","ping_status":"closed","template":"","meta":{"footnotes":""},"class_list":["post-2094","page","type-page","status-publish","hentry"],"yoast_head":"<!-- This site is optimized with the Yoast SEO plugin v27.0 - https:\/\/yoast.com\/product\/yoast-seo-wordpress\/ -->\n<title>Partner Program - Univera: Dijital D\u00f6n\u00fc\u015f\u00fcmle \u0130\u015f S\u00fcre\u00e7lerini Kolayca Y\u00f6netin<\/title>\n<meta name=\"robots\" content=\"index, follow, max-snippet:-1, max-image-preview:large, max-video-preview:-1\" \/>\n<link rel=\"canonical\" href=\"https:\/\/univera.com.tr\/en\/partner-program\/\" \/>\n<meta property=\"og:locale\" content=\"en_US\" \/>\n<meta property=\"og:type\" content=\"article\" \/>\n<meta property=\"og:title\" content=\"Partner Program - Univera: Dijital D\u00f6n\u00fc\u015f\u00fcmle \u0130\u015f S\u00fcre\u00e7lerini Kolayca Y\u00f6netin\" \/>\n<meta property=\"og:description\" content=\"Partner Program Who is Univera? Established in 1992, Univera is a technology company with a team of over 100 professionals, serving more than 100 major brands [\u2026]\" \/>\n<meta property=\"og:url\" content=\"https:\/\/univera.com.tr\/en\/partner-program\/\" \/>\n<meta property=\"og:site_name\" content=\"Univera: Dijital D\u00f6n\u00fc\u015f\u00fcmle \u0130\u015f S\u00fcre\u00e7lerini Kolayca Y\u00f6netin\" \/>\n<meta property=\"article:modified_time\" content=\"2025-10-03T07:56:49+00:00\" \/>\n<meta property=\"og:image\" content=\"https:\/\/univera.com.tr\/wp-content\/uploads\/2025\/05\/253.jpg\" \/>\n<meta name=\"twitter:card\" content=\"summary_large_image\" \/>\n<meta name=\"twitter:label1\" content=\"Est. reading time\" \/>\n\t<meta name=\"twitter:data1\" content=\"2 minutes\" \/>\n<script type=\"application\/ld+json\" class=\"yoast-schema-graph\">{\"@context\":\"https:\/\/schema.org\",\"@graph\":[{\"@type\":\"WebPage\",\"@id\":\"https:\/\/univera.com.tr\/en\/partner-program\/\",\"url\":\"https:\/\/univera.com.tr\/en\/partner-program\/\",\"name\":\"Partner Program - Univera: Dijital D\u00f6n\u00fc\u015f\u00fcmle \u0130\u015f S\u00fcre\u00e7lerini Kolayca Y\u00f6netin\",\"isPartOf\":{\"@id\":\"https:\/\/univera.com.tr\/en\/#website\"},\"primaryImageOfPage\":{\"@id\":\"https:\/\/univera.com.tr\/en\/partner-program\/#primaryimage\"},\"image\":{\"@id\":\"https:\/\/univera.com.tr\/en\/partner-program\/#primaryimage\"},\"thumbnailUrl\":\"https:\/\/univera.com.tr\/wp-content\/uploads\/2025\/05\/253.jpg\",\"datePublished\":\"2025-05-08T14:41:21+00:00\",\"dateModified\":\"2025-10-03T07:56:49+00:00\",\"breadcrumb\":{\"@id\":\"https:\/\/univera.com.tr\/en\/partner-program\/#breadcrumb\"},\"inLanguage\":\"en-US\",\"potentialAction\":[{\"@type\":\"ReadAction\",\"target\":[\"https:\/\/univera.com.tr\/en\/partner-program\/\"]}]},{\"@type\":\"ImageObject\",\"inLanguage\":\"en-US\",\"@id\":\"https:\/\/univera.com.tr\/en\/partner-program\/#primaryimage\",\"url\":\"https:\/\/univera.com.tr\/wp-content\/uploads\/2025\/05\/253.jpg\",\"contentUrl\":\"https:\/\/univera.com.tr\/wp-content\/uploads\/2025\/05\/253.jpg\"},{\"@type\":\"BreadcrumbList\",\"@id\":\"https:\/\/univera.com.tr\/en\/partner-program\/#breadcrumb\",\"itemListElement\":[{\"@type\":\"ListItem\",\"position\":1,\"name\":\"Anasayfa\",\"item\":\"https:\/\/univera.com.tr\/en\/home\/\"},{\"@type\":\"ListItem\",\"position\":2,\"name\":\"Partner Program\"}]},{\"@type\":\"WebSite\",\"@id\":\"https:\/\/univera.com.tr\/en\/#website\",\"url\":\"https:\/\/univera.com.tr\/en\/\",\"name\":\"Univera: Dijital D\u00f6n\u00fc\u015f\u00fcmle \u0130\u015f S\u00fcre\u00e7lerini Kolayca Y\u00f6netin\",\"description\":\"Dijital D\u00f6n\u00fc\u015f\u00fcmle \u0130\u015f S\u00fcre\u00e7lerini Yeniden Tan\u0131mlay\u0131n! Sat\u0131\u015f, lojistik ve servis gibi i\u015f s\u00fcre\u00e7lerini dijitalle\u015ftirin. Univera ile G\u00fc\u00e7lenin!\",\"potentialAction\":[{\"@type\":\"SearchAction\",\"target\":{\"@type\":\"EntryPoint\",\"urlTemplate\":\"https:\/\/univera.com.tr\/en\/?s={search_term_string}\"},\"query-input\":{\"@type\":\"PropertyValueSpecification\",\"valueRequired\":true,\"valueName\":\"search_term_string\"}}],\"inLanguage\":\"en-US\"}]}<\/script>\n<!-- \/ Yoast SEO plugin. -->","yoast_head_json":{"title":"Partner Program - Univera: Dijital D\u00f6n\u00fc\u015f\u00fcmle \u0130\u015f S\u00fcre\u00e7lerini Kolayca Y\u00f6netin","robots":{"index":"index","follow":"follow","max-snippet":"max-snippet:-1","max-image-preview":"max-image-preview:large","max-video-preview":"max-video-preview:-1"},"canonical":"https:\/\/univera.com.tr\/en\/partner-program\/","og_locale":"en_US","og_type":"article","og_title":"Partner Program - Univera: Dijital D\u00f6n\u00fc\u015f\u00fcmle \u0130\u015f S\u00fcre\u00e7lerini Kolayca Y\u00f6netin","og_description":"Partner Program Who is Univera? Established in 1992, Univera is a technology company with a team of over 100 professionals, serving more than 100 major brands [\u2026]","og_url":"https:\/\/univera.com.tr\/en\/partner-program\/","og_site_name":"Univera: Dijital D\u00f6n\u00fc\u015f\u00fcmle \u0130\u015f S\u00fcre\u00e7lerini Kolayca Y\u00f6netin","article_modified_time":"2025-10-03T07:56:49+00:00","og_image":[{"url":"https:\/\/univera.com.tr\/wp-content\/uploads\/2025\/05\/253.jpg","type":"","width":"","height":""}],"twitter_card":"summary_large_image","twitter_misc":{"Est. reading time":"2 minutes"},"schema":{"@context":"https:\/\/schema.org","@graph":[{"@type":"WebPage","@id":"https:\/\/univera.com.tr\/en\/partner-program\/","url":"https:\/\/univera.com.tr\/en\/partner-program\/","name":"Partner Program - Univera: Dijital D\u00f6n\u00fc\u015f\u00fcmle \u0130\u015f S\u00fcre\u00e7lerini Kolayca Y\u00f6netin","isPartOf":{"@id":"https:\/\/univera.com.tr\/en\/#website"},"primaryImageOfPage":{"@id":"https:\/\/univera.com.tr\/en\/partner-program\/#primaryimage"},"image":{"@id":"https:\/\/univera.com.tr\/en\/partner-program\/#primaryimage"},"thumbnailUrl":"https:\/\/univera.com.tr\/wp-content\/uploads\/2025\/05\/253.jpg","datePublished":"2025-05-08T14:41:21+00:00","dateModified":"2025-10-03T07:56:49+00:00","breadcrumb":{"@id":"https:\/\/univera.com.tr\/en\/partner-program\/#breadcrumb"},"inLanguage":"en-US","potentialAction":[{"@type":"ReadAction","target":["https:\/\/univera.com.tr\/en\/partner-program\/"]}]},{"@type":"ImageObject","inLanguage":"en-US","@id":"https:\/\/univera.com.tr\/en\/partner-program\/#primaryimage","url":"https:\/\/univera.com.tr\/wp-content\/uploads\/2025\/05\/253.jpg","contentUrl":"https:\/\/univera.com.tr\/wp-content\/uploads\/2025\/05\/253.jpg"},{"@type":"BreadcrumbList","@id":"https:\/\/univera.com.tr\/en\/partner-program\/#breadcrumb","itemListElement":[{"@type":"ListItem","position":1,"name":"Anasayfa","item":"https:\/\/univera.com.tr\/en\/home\/"},{"@type":"ListItem","position":2,"name":"Partner Program"}]},{"@type":"WebSite","@id":"https:\/\/univera.com.tr\/en\/#website","url":"https:\/\/univera.com.tr\/en\/","name":"Univera: Dijital D\u00f6n\u00fc\u015f\u00fcmle \u0130\u015f S\u00fcre\u00e7lerini Kolayca Y\u00f6netin","description":"Dijital D\u00f6n\u00fc\u015f\u00fcmle \u0130\u015f S\u00fcre\u00e7lerini Yeniden Tan\u0131mlay\u0131n! Sat\u0131\u015f, lojistik ve servis gibi i\u015f s\u00fcre\u00e7lerini dijitalle\u015ftirin. Univera ile G\u00fc\u00e7lenin!","potentialAction":[{"@type":"SearchAction","target":{"@type":"EntryPoint","urlTemplate":"https:\/\/univera.com.tr\/en\/?s={search_term_string}"},"query-input":{"@type":"PropertyValueSpecification","valueRequired":true,"valueName":"search_term_string"}}],"inLanguage":"en-US"}]}},"_links":{"self":[{"href":"https:\/\/univera.com.tr\/en\/wp-json\/wp\/v2\/pages\/2094","targetHints":{"allow":["GET"]}}],"collection":[{"href":"https:\/\/univera.com.tr\/en\/wp-json\/wp\/v2\/pages"}],"about":[{"href":"https:\/\/univera.com.tr\/en\/wp-json\/wp\/v2\/types\/page"}],"author":[{"embeddable":true,"href":"https:\/\/univera.com.tr\/en\/wp-json\/wp\/v2\/users\/2"}],"replies":[{"embeddable":true,"href":"https:\/\/univera.com.tr\/en\/wp-json\/wp\/v2\/comments?post=2094"}],"version-history":[{"count":7,"href":"https:\/\/univera.com.tr\/en\/wp-json\/wp\/v2\/pages\/2094\/revisions"}],"predecessor-version":[{"id":2101,"href":"https:\/\/univera.com.tr\/en\/wp-json\/wp\/v2\/pages\/2094\/revisions\/2101"}],"wp:attachment":[{"href":"https:\/\/univera.com.tr\/en\/wp-json\/wp\/v2\/media?parent=2094"}],"curies":[{"name":"wp","href":"https:\/\/api.w.org\/{rel}","templated":true}]}}