{"id":2102,"date":"2025-10-03T13:52:14","date_gmt":"2025-10-03T10:52:14","guid":{"rendered":"https:\/\/univera.com.tr\/?page_id=2102"},"modified":"2025-10-03T14:52:07","modified_gmt":"2025-10-03T11:52:07","slug":"channel-partners","status":"publish","type":"page","link":"https:\/\/univera.com.tr\/en\/channel-partners\/","title":{"rendered":"Channel Partners"},"content":{"rendered":"<div data-elementor-type=\"wp-page\" data-elementor-id=\"2102\" class=\"elementor elementor-2102\" data-elementor-post-type=\"page\">\n\t\t\t\t\t\t<section class=\"elementor-section elementor-top-section elementor-element elementor-element-aa6b77b elementor-section-full_width elementor-section-stretched elementor-section-height-default elementor-section-height-default\" data-id=\"aa6b77b\" data-element_type=\"section\" data-e-type=\"section\" data-settings=\"{&quot;stretch_section&quot;:&quot;section-stretched&quot;,&quot;background_background&quot;:&quot;classic&quot;}\">\n\t\t\t\t\t\t<div class=\"elementor-container elementor-column-gap-default\">\n\t\t\t\t\t<div class=\"elementor-column elementor-col-100 elementor-top-column elementor-element elementor-element-ff1e5e5\" data-id=\"ff1e5e5\" data-element_type=\"column\" data-e-type=\"column\">\n\t\t\t<div class=\"elementor-widget-wrap elementor-element-populated\">\n\t\t\t\t\t\t<div class=\"elementor-element elementor-element-5c72c5b elementor-widget elementor-widget-heading\" data-id=\"5c72c5b\" data-element_type=\"widget\" data-e-type=\"widget\" data-widget_type=\"heading.default\">\n\t\t\t\t<div class=\"elementor-widget-container\">\n\t\t\t\t\t<h1 class=\"elementor-heading-title elementor-size-default\">Channel Partners<\/h1>\t\t\t\t<\/div>\n\t\t\t\t<\/div>\n\t\t\t\t\t<\/div>\n\t\t<\/div>\n\t\t\t\t\t<\/div>\n\t\t<\/section>\n\t\t<div class=\"elementor-element elementor-element-b6c516e e-flex e-con-boxed e-con e-parent\" data-id=\"b6c516e\" data-element_type=\"container\" data-e-type=\"container\">\n\t\t\t\t\t<div class=\"e-con-inner\">\n\t\t<div class=\"elementor-element elementor-element-a94d9e7 e-con-full e-flex e-con e-child\" data-id=\"a94d9e7\" data-element_type=\"container\" data-e-type=\"container\">\n\t\t\t\t<div class=\"elementor-element elementor-element-98c6c31 elementor-widget elementor-widget-text-editor\" data-id=\"98c6c31\" data-element_type=\"widget\" data-e-type=\"widget\" data-widget_type=\"text-editor.default\">\n\t\t\t\t<div class=\"elementor-widget-container\">\n\t\t\t\t\t\t\t\t\t<a href=\"\/univera\/yurt-ici-is-ortaklari\/\"><strong>Domestic Partners<\/strong><\/a>\t\t\t\t\t\t\t\t<\/div>\n\t\t\t\t<\/div>\n\t\t\t\t<\/div>\n\t\t<div class=\"elementor-element elementor-element-c2cd8ee e-con-full e-flex e-con e-child\" data-id=\"c2cd8ee\" data-element_type=\"container\" data-e-type=\"container\">\n\t\t\t\t<div class=\"elementor-element elementor-element-0421794 elementor-widget elementor-widget-text-editor\" data-id=\"0421794\" data-element_type=\"widget\" data-e-type=\"widget\" data-widget_type=\"text-editor.default\">\n\t\t\t\t<div class=\"elementor-widget-container\">\n\t\t\t\t\t\t\t\t\t<p><a href=\"\/univera\/yurt-disi-is-ortaklari\/\"><strong>International Partners<\/strong><\/a><\/p>\t\t\t\t\t\t\t\t<\/div>\n\t\t\t\t<\/div>\n\t\t\t\t<\/div>\n\t\t\t\t\t<\/div>\n\t\t\t\t<\/div>\n\t\t\t\t<\/div>","protected":false},"excerpt":{"rendered":"<p>Channel Partners Domestic Partners International Partners<\/p>","protected":false},"author":2,"featured_media":0,"parent":0,"menu_order":0,"comment_status":"closed","ping_status":"closed","template":"","meta":{"footnotes":""},"class_list":["post-2102","page","type-page","status-publish","hentry"],"yoast_head":"<!-- This site is optimized with the Yoast SEO plugin v27.0 - https:\/\/yoast.com\/product\/yoast-seo-wordpress\/ -->\n<title>Channel Partners - Univera: Dijital D\u00f6n\u00fc\u015f\u00fcmle \u0130\u015f S\u00fcre\u00e7lerini Kolayca Y\u00f6netin<\/title>\n<meta name=\"robots\" content=\"index, follow, max-snippet:-1, max-image-preview:large, max-video-preview:-1\" \/>\n<link rel=\"canonical\" href=\"https:\/\/univera.com.tr\/en\/channel-partners\/\" \/>\n<meta property=\"og:locale\" content=\"en_US\" \/>\n<meta property=\"og:type\" content=\"article\" \/>\n<meta property=\"og:title\" content=\"Channel Partners - Univera: Dijital D\u00f6n\u00fc\u015f\u00fcmle \u0130\u015f S\u00fcre\u00e7lerini Kolayca Y\u00f6netin\" \/>\n<meta property=\"og:description\" content=\"Channel Partners Domestic Partners International Partners\" \/>\n<meta property=\"og:url\" content=\"https:\/\/univera.com.tr\/en\/channel-partners\/\" \/>\n<meta property=\"og:site_name\" content=\"Univera: Dijital D\u00f6n\u00fc\u015f\u00fcmle \u0130\u015f S\u00fcre\u00e7lerini Kolayca Y\u00f6netin\" \/>\n<meta property=\"article:modified_time\" content=\"2025-10-03T11:52:07+00:00\" \/>\n<meta name=\"twitter:card\" content=\"summary_large_image\" \/>\n<script type=\"application\/ld+json\" class=\"yoast-schema-graph\">{\"@context\":\"https:\/\/schema.org\",\"@graph\":[{\"@type\":\"WebPage\",\"@id\":\"https:\/\/univera.com.tr\/en\/channel-partners\/\",\"url\":\"https:\/\/univera.com.tr\/en\/channel-partners\/\",\"name\":\"Channel Partners - Univera: Dijital D\u00f6n\u00fc\u015f\u00fcmle \u0130\u015f S\u00fcre\u00e7lerini Kolayca Y\u00f6netin\",\"isPartOf\":{\"@id\":\"https:\/\/univera.com.tr\/en\/#website\"},\"datePublished\":\"2025-10-03T10:52:14+00:00\",\"dateModified\":\"2025-10-03T11:52:07+00:00\",\"breadcrumb\":{\"@id\":\"https:\/\/univera.com.tr\/en\/channel-partners\/#breadcrumb\"},\"inLanguage\":\"en-US\",\"potentialAction\":[{\"@type\":\"ReadAction\",\"target\":[\"https:\/\/univera.com.tr\/en\/channel-partners\/\"]}]},{\"@type\":\"BreadcrumbList\",\"@id\":\"https:\/\/univera.com.tr\/en\/channel-partners\/#breadcrumb\",\"itemListElement\":[{\"@type\":\"ListItem\",\"position\":1,\"name\":\"Anasayfa\",\"item\":\"https:\/\/univera.com.tr\/en\/home\/\"},{\"@type\":\"ListItem\",\"position\":2,\"name\":\"Channel Partners\"}]},{\"@type\":\"WebSite\",\"@id\":\"https:\/\/univera.com.tr\/en\/#website\",\"url\":\"https:\/\/univera.com.tr\/en\/\",\"name\":\"Univera: Dijital D\u00f6n\u00fc\u015f\u00fcmle \u0130\u015f S\u00fcre\u00e7lerini Kolayca Y\u00f6netin\",\"description\":\"Dijital D\u00f6n\u00fc\u015f\u00fcmle \u0130\u015f S\u00fcre\u00e7lerini Yeniden Tan\u0131mlay\u0131n! Sat\u0131\u015f, lojistik ve servis gibi i\u015f s\u00fcre\u00e7lerini dijitalle\u015ftirin. Univera ile G\u00fc\u00e7lenin!\",\"potentialAction\":[{\"@type\":\"SearchAction\",\"target\":{\"@type\":\"EntryPoint\",\"urlTemplate\":\"https:\/\/univera.com.tr\/en\/?s={search_term_string}\"},\"query-input\":{\"@type\":\"PropertyValueSpecification\",\"valueRequired\":true,\"valueName\":\"search_term_string\"}}],\"inLanguage\":\"en-US\"}]}<\/script>\n<!-- \/ Yoast SEO plugin. -->","yoast_head_json":{"title":"Channel Partners - Univera: Dijital D\u00f6n\u00fc\u015f\u00fcmle \u0130\u015f S\u00fcre\u00e7lerini Kolayca Y\u00f6netin","robots":{"index":"index","follow":"follow","max-snippet":"max-snippet:-1","max-image-preview":"max-image-preview:large","max-video-preview":"max-video-preview:-1"},"canonical":"https:\/\/univera.com.tr\/en\/channel-partners\/","og_locale":"en_US","og_type":"article","og_title":"Channel Partners - Univera: Dijital D\u00f6n\u00fc\u015f\u00fcmle \u0130\u015f S\u00fcre\u00e7lerini Kolayca Y\u00f6netin","og_description":"Channel Partners Domestic Partners International Partners","og_url":"https:\/\/univera.com.tr\/en\/channel-partners\/","og_site_name":"Univera: Dijital D\u00f6n\u00fc\u015f\u00fcmle \u0130\u015f S\u00fcre\u00e7lerini Kolayca Y\u00f6netin","article_modified_time":"2025-10-03T11:52:07+00:00","twitter_card":"summary_large_image","schema":{"@context":"https:\/\/schema.org","@graph":[{"@type":"WebPage","@id":"https:\/\/univera.com.tr\/en\/channel-partners\/","url":"https:\/\/univera.com.tr\/en\/channel-partners\/","name":"Channel Partners - Univera: Dijital D\u00f6n\u00fc\u015f\u00fcmle \u0130\u015f S\u00fcre\u00e7lerini Kolayca Y\u00f6netin","isPartOf":{"@id":"https:\/\/univera.com.tr\/en\/#website"},"datePublished":"2025-10-03T10:52:14+00:00","dateModified":"2025-10-03T11:52:07+00:00","breadcrumb":{"@id":"https:\/\/univera.com.tr\/en\/channel-partners\/#breadcrumb"},"inLanguage":"en-US","potentialAction":[{"@type":"ReadAction","target":["https:\/\/univera.com.tr\/en\/channel-partners\/"]}]},{"@type":"BreadcrumbList","@id":"https:\/\/univera.com.tr\/en\/channel-partners\/#breadcrumb","itemListElement":[{"@type":"ListItem","position":1,"name":"Anasayfa","item":"https:\/\/univera.com.tr\/en\/home\/"},{"@type":"ListItem","position":2,"name":"Channel Partners"}]},{"@type":"WebSite","@id":"https:\/\/univera.com.tr\/en\/#website","url":"https:\/\/univera.com.tr\/en\/","name":"Univera: Dijital D\u00f6n\u00fc\u015f\u00fcmle \u0130\u015f S\u00fcre\u00e7lerini Kolayca Y\u00f6netin","description":"Dijital D\u00f6n\u00fc\u015f\u00fcmle \u0130\u015f S\u00fcre\u00e7lerini Yeniden Tan\u0131mlay\u0131n! Sat\u0131\u015f, lojistik ve servis gibi i\u015f s\u00fcre\u00e7lerini dijitalle\u015ftirin. Univera ile G\u00fc\u00e7lenin!","potentialAction":[{"@type":"SearchAction","target":{"@type":"EntryPoint","urlTemplate":"https:\/\/univera.com.tr\/en\/?s={search_term_string}"},"query-input":{"@type":"PropertyValueSpecification","valueRequired":true,"valueName":"search_term_string"}}],"inLanguage":"en-US"}]}},"_links":{"self":[{"href":"https:\/\/univera.com.tr\/en\/wp-json\/wp\/v2\/pages\/2102","targetHints":{"allow":["GET"]}}],"collection":[{"href":"https:\/\/univera.com.tr\/en\/wp-json\/wp\/v2\/pages"}],"about":[{"href":"https:\/\/univera.com.tr\/en\/wp-json\/wp\/v2\/types\/page"}],"author":[{"embeddable":true,"href":"https:\/\/univera.com.tr\/en\/wp-json\/wp\/v2\/users\/2"}],"replies":[{"embeddable":true,"href":"https:\/\/univera.com.tr\/en\/wp-json\/wp\/v2\/comments?post=2102"}],"version-history":[{"count":4,"href":"https:\/\/univera.com.tr\/en\/wp-json\/wp\/v2\/pages\/2102\/revisions"}],"predecessor-version":[{"id":2106,"href":"https:\/\/univera.com.tr\/en\/wp-json\/wp\/v2\/pages\/2102\/revisions\/2106"}],"wp:attachment":[{"href":"https:\/\/univera.com.tr\/en\/wp-json\/wp\/v2\/media?parent=2102"}],"curies":[{"name":"wp","href":"https:\/\/api.w.org\/{rel}","templated":true}]}}