{"id":2108,"date":"2025-05-08T16:51:31","date_gmt":"2025-05-08T13:51:31","guid":{"rendered":"https:\/\/univera.com.tr\/?page_id=2108"},"modified":"2025-10-10T09:46:31","modified_gmt":"2025-10-10T06:46:31","slug":"hosting-services","status":"publish","type":"page","link":"https:\/\/univera.com.tr\/en\/hosting-services\/","title":{"rendered":"Hosting Services"},"content":{"rendered":"<div data-elementor-type=\"wp-page\" data-elementor-id=\"2108\" class=\"elementor elementor-2108\" data-elementor-post-type=\"page\">\n\t\t\t\t\t\t<section class=\"elementor-section elementor-top-section elementor-element elementor-element-aa6b77b elementor-section-full_width elementor-section-stretched elementor-section-height-default elementor-section-height-default\" data-id=\"aa6b77b\" data-element_type=\"section\" data-e-type=\"section\" data-settings=\"{&quot;stretch_section&quot;:&quot;section-stretched&quot;,&quot;background_background&quot;:&quot;classic&quot;}\">\n\t\t\t\t\t\t<div class=\"elementor-container elementor-column-gap-default\">\n\t\t\t\t\t<div class=\"elementor-column elementor-col-100 elementor-top-column elementor-element elementor-element-ff1e5e5\" data-id=\"ff1e5e5\" data-element_type=\"column\" data-e-type=\"column\">\n\t\t\t<div class=\"elementor-widget-wrap elementor-element-populated\">\n\t\t\t\t\t\t<div class=\"elementor-element elementor-element-5c72c5b elementor-widget elementor-widget-heading\" data-id=\"5c72c5b\" data-element_type=\"widget\" data-e-type=\"widget\" data-widget_type=\"heading.default\">\n\t\t\t\t<div class=\"elementor-widget-container\">\n\t\t\t\t\t<h1 class=\"elementor-heading-title elementor-size-default\">Hosting Services<\/h1>\t\t\t\t<\/div>\n\t\t\t\t<\/div>\n\t\t\t\t\t<\/div>\n\t\t<\/div>\n\t\t\t\t\t<\/div>\n\t\t<\/section>\n\t\t<div class=\"elementor-element elementor-element-5e49568 e-flex e-con-boxed e-con e-parent\" data-id=\"5e49568\" data-element_type=\"container\" data-e-type=\"container\">\n\t\t\t\t\t<div class=\"e-con-inner\">\n\t\t<div class=\"elementor-element elementor-element-48b0756 e-con-full e-flex e-con e-child\" data-id=\"48b0756\" data-element_type=\"container\" data-e-type=\"container\">\n\t\t\t\t<div class=\"elementor-element elementor-element-068ecd6 elementor-widget elementor-widget-text-editor\" data-id=\"068ecd6\" data-element_type=\"widget\" data-e-type=\"widget\" data-widget_type=\"text-editor.default\">\n\t\t\t\t<div class=\"elementor-widget-container\">\n\t\t\t\t\t\t\t\t\t<p>At Univera, we invest in diverse service areas to better serve our customers in the ever-changing information society. Through our investments in &#8220;High-Capacity Servers&#8221; located in our Data Centers in Istanbul and Izmir, we are also able to offer hosting services to our clients.<\/p><p>The hosting service we provide allows you to store all the data for your Panorama software on secure servers, eliminating the need for an additional on-site server for your project. We offer our software to our customers through a SaaS (Software as a Service) model. The &#8220;Cloud Computing&#8221; platform where our mobilisgucu.com applications are leased is a prime example of this service.<\/p><p>For customers utilizing this service, we host their data and software in environments with comprehensive security measures against both virtual and physical theft. Our applications are available to you 24\/7 on servers that come with a full backup and uninterrupted service guarantee.<\/p>\t\t\t\t\t\t\t\t<\/div>\n\t\t\t\t<\/div>\n\t\t\t\t<\/div>\n\t\t<div class=\"elementor-element elementor-element-38a9e85 e-con-full e-flex e-con e-child\" data-id=\"38a9e85\" data-element_type=\"container\" data-e-type=\"container\">\n\t\t\t\t<div class=\"elementor-element elementor-element-cbfcee4 elementor-widget elementor-widget-image\" data-id=\"cbfcee4\" data-element_type=\"widget\" data-e-type=\"widget\" data-widget_type=\"image.default\">\n\t\t\t\t<div class=\"elementor-widget-container\">\n\t\t\t\t\t\t\t\t\t\t\t\t\t\t\t<img fetchpriority=\"high\" decoding=\"async\" width=\"1200\" height=\"379\" src=\"https:\/\/univera.com.tr\/wp-content\/uploads\/2025\/04\/univera-hosting-services-1200x379.jpg\" class=\"attachment-large size-large wp-image-918\" alt=\"\" srcset=\"https:\/\/univera.com.tr\/wp-content\/uploads\/2025\/04\/univera-hosting-services-1200x379.jpg 1200w, https:\/\/univera.com.tr\/wp-content\/uploads\/2025\/04\/univera-hosting-services-500x158.jpg 500w, https:\/\/univera.com.tr\/wp-content\/uploads\/2025\/04\/univera-hosting-services-300x95.jpg 300w, https:\/\/univera.com.tr\/wp-content\/uploads\/2025\/04\/univera-hosting-services-768x242.jpg 768w, https:\/\/univera.com.tr\/wp-content\/uploads\/2025\/04\/univera-hosting-services-150x47.jpg 150w, https:\/\/univera.com.tr\/wp-content\/uploads\/2025\/04\/univera-hosting-services-480x152.jpg 480w\" sizes=\"(max-width:767px) 480px, (max-width:1200px) 100vw, 1200px\" \/>\t\t\t\t\t\t\t\t\t\t\t\t\t\t\t<\/div>\n\t\t\t\t<\/div>\n\t\t\t\t<div class=\"elementor-element elementor-element-376a8bb elementor-widget elementor-widget-image\" data-id=\"376a8bb\" data-element_type=\"widget\" data-e-type=\"widget\" data-widget_type=\"image.default\">\n\t\t\t\t<div class=\"elementor-widget-container\">\n\t\t\t\t\t\t\t\t\t\t\t\t\t\t\t<img decoding=\"async\" width=\"450\" height=\"315\" src=\"https:\/\/univera.com.tr\/wp-content\/uploads\/2025\/04\/univera-hosting-services-2.jpg\" class=\"attachment-large size-large wp-image-917\" alt=\"\" srcset=\"https:\/\/univera.com.tr\/wp-content\/uploads\/2025\/04\/univera-hosting-services-2.jpg 450w, https:\/\/univera.com.tr\/wp-content\/uploads\/2025\/04\/univera-hosting-services-2-300x210.jpg 300w, https:\/\/univera.com.tr\/wp-content\/uploads\/2025\/04\/univera-hosting-services-2-107x75.jpg 107w\" sizes=\"(max-width:767px) 450px, 450px\" \/>\t\t\t\t\t\t\t\t\t\t\t\t\t\t\t<\/div>\n\t\t\t\t<\/div>\n\t\t\t\t<\/div>\n\t\t\t\t\t<\/div>\n\t\t\t\t<\/div>\n\t\t\t\t<\/div>","protected":false},"excerpt":{"rendered":"<p>Hosting Services At Univera, we invest in diverse service areas to better serve our customers in the ever-changing information society. Through our investments in &#8220;High-Capacity Servers&#8221;<span class=\"excerpt-hellip\"> [\u2026]<\/span><\/p>\n","protected":false},"author":2,"featured_media":-1,"parent":0,"menu_order":0,"comment_status":"closed","ping_status":"closed","template":"","meta":{"footnotes":""},"class_list":["post-2108","page","type-page","status-publish","has-post-thumbnail","hentry"],"yoast_head":"<!-- This site is optimized with the Yoast SEO plugin v27.0 - https:\/\/yoast.com\/product\/yoast-seo-wordpress\/ -->\n<title>Secure &amp; Managed Hosting Services for Univera Software | Univera<\/title>\n<meta name=\"description\" content=\"Ensure high performance and security for your applications with our hosting services. 99.9% uptime SLAs, data backups, and full support.\" \/>\n<meta name=\"robots\" content=\"index, follow, max-snippet:-1, max-image-preview:large, max-video-preview:-1\" \/>\n<link rel=\"canonical\" href=\"https:\/\/univera.com.tr\/en\/hosting-services\/\" \/>\n<meta property=\"og:locale\" content=\"en_US\" \/>\n<meta property=\"og:type\" content=\"article\" \/>\n<meta property=\"og:title\" content=\"Secure &amp; Managed Hosting Services for Univera Software | Univera\" \/>\n<meta property=\"og:description\" content=\"Ensure high performance and security for your applications with our hosting services. 99.9% uptime SLAs, data backups, and full support.\" \/>\n<meta property=\"og:url\" content=\"https:\/\/univera.com.tr\/en\/hosting-services\/\" \/>\n<meta property=\"og:site_name\" content=\"Univera: Dijital D\u00f6n\u00fc\u015f\u00fcmle \u0130\u015f S\u00fcre\u00e7lerini Kolayca Y\u00f6netin\" \/>\n<meta property=\"article:modified_time\" content=\"2025-10-10T06:46:31+00:00\" \/>\n<meta name=\"twitter:card\" content=\"summary_large_image\" \/>\n<meta name=\"twitter:label1\" content=\"Est. reading time\" \/>\n\t<meta name=\"twitter:data1\" content=\"2 minutes\" \/>\n<script type=\"application\/ld+json\" class=\"yoast-schema-graph\">{\"@context\":\"https:\/\/schema.org\",\"@graph\":[{\"@type\":\"WebPage\",\"@id\":\"https:\/\/univera.com.tr\/en\/hosting-services\/\",\"url\":\"https:\/\/univera.com.tr\/en\/hosting-services\/\",\"name\":\"Secure & Managed Hosting Services for Univera Software | Univera\",\"isPartOf\":{\"@id\":\"https:\/\/univera.com.tr\/en\/#website\"},\"primaryImageOfPage\":{\"@id\":\"https:\/\/univera.com.tr\/en\/hosting-services\/#primaryimage\"},\"image\":{\"@id\":\"https:\/\/univera.com.tr\/en\/hosting-services\/#primaryimage\"},\"thumbnailUrl\":\"https:\/\/univera.com.tr\/wp-content\/uploads\/2025\/04\/univera-hosting-services-1200x379.jpg\",\"datePublished\":\"2025-05-08T13:51:31+00:00\",\"dateModified\":\"2025-10-10T06:46:31+00:00\",\"description\":\"Ensure high performance and security for your applications with our hosting services. 99.9% uptime SLAs, data backups, and full support.\",\"breadcrumb\":{\"@id\":\"https:\/\/univera.com.tr\/en\/hosting-services\/#breadcrumb\"},\"inLanguage\":\"en-US\",\"potentialAction\":[{\"@type\":\"ReadAction\",\"target\":[\"https:\/\/univera.com.tr\/en\/hosting-services\/\"]}]},{\"@type\":\"ImageObject\",\"inLanguage\":\"en-US\",\"@id\":\"https:\/\/univera.com.tr\/en\/hosting-services\/#primaryimage\",\"url\":\"https:\/\/univera.com.tr\/wp-content\/uploads\/2025\/04\/univera-hosting-services-1200x379.jpg\",\"contentUrl\":\"https:\/\/univera.com.tr\/wp-content\/uploads\/2025\/04\/univera-hosting-services-1200x379.jpg\"},{\"@type\":\"BreadcrumbList\",\"@id\":\"https:\/\/univera.com.tr\/en\/hosting-services\/#breadcrumb\",\"itemListElement\":[{\"@type\":\"ListItem\",\"position\":1,\"name\":\"Anasayfa\",\"item\":\"https:\/\/univera.com.tr\/en\/home\/\"},{\"@type\":\"ListItem\",\"position\":2,\"name\":\"Hosting Services\"}]},{\"@type\":\"WebSite\",\"@id\":\"https:\/\/univera.com.tr\/en\/#website\",\"url\":\"https:\/\/univera.com.tr\/en\/\",\"name\":\"Univera: Dijital D\u00f6n\u00fc\u015f\u00fcmle \u0130\u015f S\u00fcre\u00e7lerini Kolayca Y\u00f6netin\",\"description\":\"Dijital D\u00f6n\u00fc\u015f\u00fcmle \u0130\u015f S\u00fcre\u00e7lerini Yeniden Tan\u0131mlay\u0131n! Sat\u0131\u015f, lojistik ve servis gibi i\u015f s\u00fcre\u00e7lerini dijitalle\u015ftirin. Univera ile G\u00fc\u00e7lenin!\",\"potentialAction\":[{\"@type\":\"SearchAction\",\"target\":{\"@type\":\"EntryPoint\",\"urlTemplate\":\"https:\/\/univera.com.tr\/en\/?s={search_term_string}\"},\"query-input\":{\"@type\":\"PropertyValueSpecification\",\"valueRequired\":true,\"valueName\":\"search_term_string\"}}],\"inLanguage\":\"en-US\"}]}<\/script>\n<!-- \/ Yoast SEO plugin. -->","yoast_head_json":{"title":"Secure & Managed Hosting Services for Univera Software | Univera","description":"Ensure high performance and security for your applications with our hosting services. 99.9% uptime SLAs, data backups, and full support.","robots":{"index":"index","follow":"follow","max-snippet":"max-snippet:-1","max-image-preview":"max-image-preview:large","max-video-preview":"max-video-preview:-1"},"canonical":"https:\/\/univera.com.tr\/en\/hosting-services\/","og_locale":"en_US","og_type":"article","og_title":"Secure & Managed Hosting Services for Univera Software | Univera","og_description":"Ensure high performance and security for your applications with our hosting services. 99.9% uptime SLAs, data backups, and full support.","og_url":"https:\/\/univera.com.tr\/en\/hosting-services\/","og_site_name":"Univera: Dijital D\u00f6n\u00fc\u015f\u00fcmle \u0130\u015f S\u00fcre\u00e7lerini Kolayca Y\u00f6netin","article_modified_time":"2025-10-10T06:46:31+00:00","twitter_card":"summary_large_image","twitter_misc":{"Est. reading time":"2 minutes"},"schema":{"@context":"https:\/\/schema.org","@graph":[{"@type":"WebPage","@id":"https:\/\/univera.com.tr\/en\/hosting-services\/","url":"https:\/\/univera.com.tr\/en\/hosting-services\/","name":"Secure & Managed Hosting Services for Univera Software | Univera","isPartOf":{"@id":"https:\/\/univera.com.tr\/en\/#website"},"primaryImageOfPage":{"@id":"https:\/\/univera.com.tr\/en\/hosting-services\/#primaryimage"},"image":{"@id":"https:\/\/univera.com.tr\/en\/hosting-services\/#primaryimage"},"thumbnailUrl":"https:\/\/univera.com.tr\/wp-content\/uploads\/2025\/04\/univera-hosting-services-1200x379.jpg","datePublished":"2025-05-08T13:51:31+00:00","dateModified":"2025-10-10T06:46:31+00:00","description":"Ensure high performance and security for your applications with our hosting services. 99.9% uptime SLAs, data backups, and full support.","breadcrumb":{"@id":"https:\/\/univera.com.tr\/en\/hosting-services\/#breadcrumb"},"inLanguage":"en-US","potentialAction":[{"@type":"ReadAction","target":["https:\/\/univera.com.tr\/en\/hosting-services\/"]}]},{"@type":"ImageObject","inLanguage":"en-US","@id":"https:\/\/univera.com.tr\/en\/hosting-services\/#primaryimage","url":"https:\/\/univera.com.tr\/wp-content\/uploads\/2025\/04\/univera-hosting-services-1200x379.jpg","contentUrl":"https:\/\/univera.com.tr\/wp-content\/uploads\/2025\/04\/univera-hosting-services-1200x379.jpg"},{"@type":"BreadcrumbList","@id":"https:\/\/univera.com.tr\/en\/hosting-services\/#breadcrumb","itemListElement":[{"@type":"ListItem","position":1,"name":"Anasayfa","item":"https:\/\/univera.com.tr\/en\/home\/"},{"@type":"ListItem","position":2,"name":"Hosting Services"}]},{"@type":"WebSite","@id":"https:\/\/univera.com.tr\/en\/#website","url":"https:\/\/univera.com.tr\/en\/","name":"Univera: Dijital D\u00f6n\u00fc\u015f\u00fcmle \u0130\u015f S\u00fcre\u00e7lerini Kolayca Y\u00f6netin","description":"Dijital D\u00f6n\u00fc\u015f\u00fcmle \u0130\u015f S\u00fcre\u00e7lerini Yeniden Tan\u0131mlay\u0131n! Sat\u0131\u015f, lojistik ve servis gibi i\u015f s\u00fcre\u00e7lerini dijitalle\u015ftirin. Univera ile G\u00fc\u00e7lenin!","potentialAction":[{"@type":"SearchAction","target":{"@type":"EntryPoint","urlTemplate":"https:\/\/univera.com.tr\/en\/?s={search_term_string}"},"query-input":{"@type":"PropertyValueSpecification","valueRequired":true,"valueName":"search_term_string"}}],"inLanguage":"en-US"}]}},"_links":{"self":[{"href":"https:\/\/univera.com.tr\/en\/wp-json\/wp\/v2\/pages\/2108","targetHints":{"allow":["GET"]}}],"collection":[{"href":"https:\/\/univera.com.tr\/en\/wp-json\/wp\/v2\/pages"}],"about":[{"href":"https:\/\/univera.com.tr\/en\/wp-json\/wp\/v2\/types\/page"}],"author":[{"embeddable":true,"href":"https:\/\/univera.com.tr\/en\/wp-json\/wp\/v2\/users\/2"}],"replies":[{"embeddable":true,"href":"https:\/\/univera.com.tr\/en\/wp-json\/wp\/v2\/comments?post=2108"}],"version-history":[{"count":4,"href":"https:\/\/univera.com.tr\/en\/wp-json\/wp\/v2\/pages\/2108\/revisions"}],"predecessor-version":[{"id":2112,"href":"https:\/\/univera.com.tr\/en\/wp-json\/wp\/v2\/pages\/2108\/revisions\/2112"}],"wp:featuredmedia":[{"embeddable":true,"href":"https:\/\/univera.com.tr\/en\/wp-json\/"}],"wp:attachment":[{"href":"https:\/\/univera.com.tr\/en\/wp-json\/wp\/v2\/media?parent=2108"}],"curies":[{"name":"wp","href":"https:\/\/api.w.org\/{rel}","templated":true}]}}