{"id":2259,"date":"2025-10-03T15:07:22","date_gmt":"2025-10-03T12:07:22","guid":{"rendered":"https:\/\/univera.com.tr\/?page_id=2259"},"modified":"2025-10-10T09:51:35","modified_gmt":"2025-10-10T06:51:35","slug":"digital-transformation-consulting","status":"publish","type":"page","link":"https:\/\/univera.com.tr\/en\/digital-transformation-consulting\/","title":{"rendered":"Digital Transformation Consulting"},"content":{"rendered":"<div data-elementor-type=\"wp-page\" data-elementor-id=\"2259\" class=\"elementor elementor-2259\" data-elementor-post-type=\"page\">\n\t\t\t\t\t\t<section class=\"elementor-section elementor-top-section elementor-element elementor-element-aa6b77b elementor-section-full_width elementor-section-stretched elementor-section-height-default elementor-section-height-default\" data-id=\"aa6b77b\" data-element_type=\"section\" data-e-type=\"section\" data-settings=\"{&quot;stretch_section&quot;:&quot;section-stretched&quot;,&quot;background_background&quot;:&quot;classic&quot;}\">\n\t\t\t\t\t\t<div class=\"elementor-container elementor-column-gap-default\">\n\t\t\t\t\t<div class=\"elementor-column elementor-col-100 elementor-top-column elementor-element elementor-element-ff1e5e5\" data-id=\"ff1e5e5\" data-element_type=\"column\" data-e-type=\"column\">\n\t\t\t<div class=\"elementor-widget-wrap elementor-element-populated\">\n\t\t\t\t\t\t<div class=\"elementor-element elementor-element-5c72c5b elementor-widget elementor-widget-heading\" data-id=\"5c72c5b\" data-element_type=\"widget\" data-e-type=\"widget\" data-widget_type=\"heading.default\">\n\t\t\t\t<div class=\"elementor-widget-container\">\n\t\t\t\t\t<h1 class=\"elementor-heading-title elementor-size-default\">Digital Transformation Consulting<\/h1>\t\t\t\t<\/div>\n\t\t\t\t<\/div>\n\t\t\t\t\t<\/div>\n\t\t<\/div>\n\t\t\t\t\t<\/div>\n\t\t<\/section>\n\t\t<div class=\"elementor-element elementor-element-5e49568 e-flex e-con-boxed e-con e-parent\" data-id=\"5e49568\" data-element_type=\"container\" data-e-type=\"container\">\n\t\t\t\t\t<div class=\"e-con-inner\">\n\t\t<div class=\"elementor-element elementor-element-48b0756 e-con-full e-flex e-con e-child\" data-id=\"48b0756\" data-element_type=\"container\" data-e-type=\"container\">\n\t\t\t\t<div class=\"elementor-element elementor-element-068ecd6 elementor-widget elementor-widget-text-editor\" data-id=\"068ecd6\" data-element_type=\"widget\" data-e-type=\"widget\" data-widget_type=\"text-editor.default\">\n\t\t\t\t<div class=\"elementor-widget-container\">\n\t\t\t\t\t\t\t\t\t<p>For many years, we have successfully executed a variety of projects in the digital transformation journeys of numerous companies across different sectors. To ensure our clients achieve the maximum efficiency from their projects, we support the entire project lifecycle with our Digital Transformation Consultancy service, which is designed to encompass their business processes. We optimize these processes using methods and solution proposals tailored to each client&#8217;s unique organizational structure.<\/p><p>The success of a software project is directly proportional to the process being managed by the right team with the right methodologies. For this reason, many companies require an experienced consultant in addition to standard project services. At Univera, we meet this need with our seasoned consultants, providing our clients with significant advantages through expert guidance on their business and technical processes.<\/p>\t\t\t\t\t\t\t\t<\/div>\n\t\t\t\t<\/div>\n\t\t\t\t<\/div>\n\t\t<div class=\"elementor-element elementor-element-38a9e85 e-con-full e-flex e-con e-child\" data-id=\"38a9e85\" data-element_type=\"container\" data-e-type=\"container\">\n\t\t\t\t<div class=\"elementor-element elementor-element-376a8bb elementor-widget elementor-widget-image\" data-id=\"376a8bb\" data-element_type=\"widget\" data-e-type=\"widget\" data-widget_type=\"image.default\">\n\t\t\t\t<div class=\"elementor-widget-container\">\n\t\t\t\t\t\t\t\t\t\t\t\t\t\t\t<img fetchpriority=\"high\" decoding=\"async\" width=\"450\" height=\"253\" src=\"https:\/\/univera.com.tr\/wp-content\/uploads\/2025\/07\/dijital_donusum_gorsel.jpg\" class=\"attachment-large size-large wp-image-1653\" alt=\"\" srcset=\"https:\/\/univera.com.tr\/wp-content\/uploads\/2025\/07\/dijital_donusum_gorsel.jpg 450w, https:\/\/univera.com.tr\/wp-content\/uploads\/2025\/07\/dijital_donusum_gorsel-300x169.jpg 300w, https:\/\/univera.com.tr\/wp-content\/uploads\/2025\/07\/dijital_donusum_gorsel-133x75.jpg 133w\" sizes=\"(max-width:767px) 450px, 450px\" \/>\t\t\t\t\t\t\t\t\t\t\t\t\t\t\t<\/div>\n\t\t\t\t<\/div>\n\t\t\t\t<\/div>\n\t\t\t\t\t<\/div>\n\t\t\t\t<\/div>\n\t\t\t\t<\/div>","protected":false},"excerpt":{"rendered":"<p>Digital Transformation Consulting For many years, we have successfully executed a variety of projects in the digital transformation journeys of numerous companies across different sectors. To<span class=\"excerpt-hellip\"> [\u2026]<\/span><\/p>\n","protected":false},"author":2,"featured_media":-1,"parent":0,"menu_order":0,"comment_status":"closed","ping_status":"closed","template":"","meta":{"footnotes":""},"class_list":["post-2259","page","type-page","status-publish","has-post-thumbnail","hentry"],"yoast_head":"<!-- This site is optimized with the Yoast SEO plugin v27.0 - https:\/\/yoast.com\/product\/yoast-seo-wordpress\/ -->\n<title>Digital Transformation Consulting Services - Univera<\/title>\n<meta name=\"description\" content=\"Let expert consultants guide you on your digital journey. We analyze your workflows and create a strategic roadmap for effective digital transformation.\" \/>\n<meta name=\"robots\" content=\"index, follow, max-snippet:-1, max-image-preview:large, max-video-preview:-1\" \/>\n<link rel=\"canonical\" href=\"https:\/\/univera.com.tr\/en\/digital-transformation-consulting\/\" \/>\n<meta property=\"og:locale\" content=\"en_US\" \/>\n<meta property=\"og:type\" content=\"article\" \/>\n<meta property=\"og:title\" content=\"Digital Transformation Consulting Services - Univera\" \/>\n<meta property=\"og:description\" content=\"Let expert consultants guide you on your digital journey. We analyze your workflows and create a strategic roadmap for effective digital transformation.\" \/>\n<meta property=\"og:url\" content=\"https:\/\/univera.com.tr\/en\/digital-transformation-consulting\/\" \/>\n<meta property=\"og:site_name\" content=\"Univera: Dijital D\u00f6n\u00fc\u015f\u00fcmle \u0130\u015f S\u00fcre\u00e7lerini Kolayca Y\u00f6netin\" \/>\n<meta property=\"article:modified_time\" content=\"2025-10-10T06:51:35+00:00\" \/>\n<meta name=\"twitter:card\" content=\"summary_large_image\" \/>\n<meta name=\"twitter:label1\" content=\"Est. reading time\" \/>\n\t<meta name=\"twitter:data1\" content=\"2 minutes\" \/>\n<script type=\"application\/ld+json\" class=\"yoast-schema-graph\">{\"@context\":\"https:\/\/schema.org\",\"@graph\":[{\"@type\":\"WebPage\",\"@id\":\"https:\/\/univera.com.tr\/en\/digital-transformation-consulting\/\",\"url\":\"https:\/\/univera.com.tr\/en\/digital-transformation-consulting\/\",\"name\":\"Digital Transformation Consulting Services - Univera\",\"isPartOf\":{\"@id\":\"https:\/\/univera.com.tr\/en\/#website\"},\"primaryImageOfPage\":{\"@id\":\"https:\/\/univera.com.tr\/en\/digital-transformation-consulting\/#primaryimage\"},\"image\":{\"@id\":\"https:\/\/univera.com.tr\/en\/digital-transformation-consulting\/#primaryimage\"},\"thumbnailUrl\":\"https:\/\/univera.com.tr\/wp-content\/uploads\/2025\/07\/dijital_donusum_gorsel.jpg\",\"datePublished\":\"2025-10-03T12:07:22+00:00\",\"dateModified\":\"2025-10-10T06:51:35+00:00\",\"description\":\"Let expert consultants guide you on your digital journey. We analyze your workflows and create a strategic roadmap for effective digital transformation.\",\"breadcrumb\":{\"@id\":\"https:\/\/univera.com.tr\/en\/digital-transformation-consulting\/#breadcrumb\"},\"inLanguage\":\"en-US\",\"potentialAction\":[{\"@type\":\"ReadAction\",\"target\":[\"https:\/\/univera.com.tr\/en\/digital-transformation-consulting\/\"]}]},{\"@type\":\"ImageObject\",\"inLanguage\":\"en-US\",\"@id\":\"https:\/\/univera.com.tr\/en\/digital-transformation-consulting\/#primaryimage\",\"url\":\"https:\/\/univera.com.tr\/wp-content\/uploads\/2025\/07\/dijital_donusum_gorsel.jpg\",\"contentUrl\":\"https:\/\/univera.com.tr\/wp-content\/uploads\/2025\/07\/dijital_donusum_gorsel.jpg\"},{\"@type\":\"BreadcrumbList\",\"@id\":\"https:\/\/univera.com.tr\/en\/digital-transformation-consulting\/#breadcrumb\",\"itemListElement\":[{\"@type\":\"ListItem\",\"position\":1,\"name\":\"Anasayfa\",\"item\":\"https:\/\/univera.com.tr\/en\/home\/\"},{\"@type\":\"ListItem\",\"position\":2,\"name\":\"Digital Transformation Consulting\"}]},{\"@type\":\"WebSite\",\"@id\":\"https:\/\/univera.com.tr\/en\/#website\",\"url\":\"https:\/\/univera.com.tr\/en\/\",\"name\":\"Univera: Dijital D\u00f6n\u00fc\u015f\u00fcmle \u0130\u015f S\u00fcre\u00e7lerini Kolayca Y\u00f6netin\",\"description\":\"Dijital D\u00f6n\u00fc\u015f\u00fcmle \u0130\u015f S\u00fcre\u00e7lerini Yeniden Tan\u0131mlay\u0131n! Sat\u0131\u015f, lojistik ve servis gibi i\u015f s\u00fcre\u00e7lerini dijitalle\u015ftirin. Univera ile G\u00fc\u00e7lenin!\",\"potentialAction\":[{\"@type\":\"SearchAction\",\"target\":{\"@type\":\"EntryPoint\",\"urlTemplate\":\"https:\/\/univera.com.tr\/en\/?s={search_term_string}\"},\"query-input\":{\"@type\":\"PropertyValueSpecification\",\"valueRequired\":true,\"valueName\":\"search_term_string\"}}],\"inLanguage\":\"en-US\"}]}<\/script>\n<!-- \/ Yoast SEO plugin. -->","yoast_head_json":{"title":"Digital Transformation Consulting Services - Univera","description":"Let expert consultants guide you on your digital journey. We analyze your workflows and create a strategic roadmap for effective digital transformation.","robots":{"index":"index","follow":"follow","max-snippet":"max-snippet:-1","max-image-preview":"max-image-preview:large","max-video-preview":"max-video-preview:-1"},"canonical":"https:\/\/univera.com.tr\/en\/digital-transformation-consulting\/","og_locale":"en_US","og_type":"article","og_title":"Digital Transformation Consulting Services - Univera","og_description":"Let expert consultants guide you on your digital journey. We analyze your workflows and create a strategic roadmap for effective digital transformation.","og_url":"https:\/\/univera.com.tr\/en\/digital-transformation-consulting\/","og_site_name":"Univera: Dijital D\u00f6n\u00fc\u015f\u00fcmle \u0130\u015f S\u00fcre\u00e7lerini Kolayca Y\u00f6netin","article_modified_time":"2025-10-10T06:51:35+00:00","twitter_card":"summary_large_image","twitter_misc":{"Est. reading time":"2 minutes"},"schema":{"@context":"https:\/\/schema.org","@graph":[{"@type":"WebPage","@id":"https:\/\/univera.com.tr\/en\/digital-transformation-consulting\/","url":"https:\/\/univera.com.tr\/en\/digital-transformation-consulting\/","name":"Digital Transformation Consulting Services - Univera","isPartOf":{"@id":"https:\/\/univera.com.tr\/en\/#website"},"primaryImageOfPage":{"@id":"https:\/\/univera.com.tr\/en\/digital-transformation-consulting\/#primaryimage"},"image":{"@id":"https:\/\/univera.com.tr\/en\/digital-transformation-consulting\/#primaryimage"},"thumbnailUrl":"https:\/\/univera.com.tr\/wp-content\/uploads\/2025\/07\/dijital_donusum_gorsel.jpg","datePublished":"2025-10-03T12:07:22+00:00","dateModified":"2025-10-10T06:51:35+00:00","description":"Let expert consultants guide you on your digital journey. We analyze your workflows and create a strategic roadmap for effective digital transformation.","breadcrumb":{"@id":"https:\/\/univera.com.tr\/en\/digital-transformation-consulting\/#breadcrumb"},"inLanguage":"en-US","potentialAction":[{"@type":"ReadAction","target":["https:\/\/univera.com.tr\/en\/digital-transformation-consulting\/"]}]},{"@type":"ImageObject","inLanguage":"en-US","@id":"https:\/\/univera.com.tr\/en\/digital-transformation-consulting\/#primaryimage","url":"https:\/\/univera.com.tr\/wp-content\/uploads\/2025\/07\/dijital_donusum_gorsel.jpg","contentUrl":"https:\/\/univera.com.tr\/wp-content\/uploads\/2025\/07\/dijital_donusum_gorsel.jpg"},{"@type":"BreadcrumbList","@id":"https:\/\/univera.com.tr\/en\/digital-transformation-consulting\/#breadcrumb","itemListElement":[{"@type":"ListItem","position":1,"name":"Anasayfa","item":"https:\/\/univera.com.tr\/en\/home\/"},{"@type":"ListItem","position":2,"name":"Digital Transformation Consulting"}]},{"@type":"WebSite","@id":"https:\/\/univera.com.tr\/en\/#website","url":"https:\/\/univera.com.tr\/en\/","name":"Univera: Dijital D\u00f6n\u00fc\u015f\u00fcmle \u0130\u015f S\u00fcre\u00e7lerini Kolayca Y\u00f6netin","description":"Dijital D\u00f6n\u00fc\u015f\u00fcmle \u0130\u015f S\u00fcre\u00e7lerini Yeniden Tan\u0131mlay\u0131n! Sat\u0131\u015f, lojistik ve servis gibi i\u015f s\u00fcre\u00e7lerini dijitalle\u015ftirin. Univera ile G\u00fc\u00e7lenin!","potentialAction":[{"@type":"SearchAction","target":{"@type":"EntryPoint","urlTemplate":"https:\/\/univera.com.tr\/en\/?s={search_term_string}"},"query-input":{"@type":"PropertyValueSpecification","valueRequired":true,"valueName":"search_term_string"}}],"inLanguage":"en-US"}]}},"_links":{"self":[{"href":"https:\/\/univera.com.tr\/en\/wp-json\/wp\/v2\/pages\/2259","targetHints":{"allow":["GET"]}}],"collection":[{"href":"https:\/\/univera.com.tr\/en\/wp-json\/wp\/v2\/pages"}],"about":[{"href":"https:\/\/univera.com.tr\/en\/wp-json\/wp\/v2\/types\/page"}],"author":[{"embeddable":true,"href":"https:\/\/univera.com.tr\/en\/wp-json\/wp\/v2\/users\/2"}],"replies":[{"embeddable":true,"href":"https:\/\/univera.com.tr\/en\/wp-json\/wp\/v2\/comments?post=2259"}],"version-history":[{"count":4,"href":"https:\/\/univera.com.tr\/en\/wp-json\/wp\/v2\/pages\/2259\/revisions"}],"predecessor-version":[{"id":2263,"href":"https:\/\/univera.com.tr\/en\/wp-json\/wp\/v2\/pages\/2259\/revisions\/2263"}],"wp:featuredmedia":[{"embeddable":true,"href":"https:\/\/univera.com.tr\/en\/wp-json\/"}],"wp:attachment":[{"href":"https:\/\/univera.com.tr\/en\/wp-json\/wp\/v2\/media?parent=2259"}],"curies":[{"name":"wp","href":"https:\/\/api.w.org\/{rel}","templated":true}]}}