{"id":2264,"date":"2025-10-03T15:09:27","date_gmt":"2025-10-03T12:09:27","guid":{"rendered":"https:\/\/univera.com.tr\/?page_id=2264"},"modified":"2025-10-10T09:53:55","modified_gmt":"2025-10-10T06:53:55","slug":"software-training-and-operator-services","status":"publish","type":"page","link":"https:\/\/univera.com.tr\/en\/software-training-and-operator-services\/","title":{"rendered":"Training and Operator Services"},"content":{"rendered":"<div data-elementor-type=\"wp-page\" data-elementor-id=\"2264\" class=\"elementor elementor-2264\" data-elementor-post-type=\"page\">\n\t\t\t\t\t\t<section class=\"elementor-section elementor-top-section elementor-element elementor-element-aa6b77b elementor-section-full_width elementor-section-stretched elementor-section-height-default elementor-section-height-default\" data-id=\"aa6b77b\" data-element_type=\"section\" data-e-type=\"section\" data-settings=\"{&quot;stretch_section&quot;:&quot;section-stretched&quot;,&quot;background_background&quot;:&quot;classic&quot;}\">\n\t\t\t\t\t\t<div class=\"elementor-container elementor-column-gap-default\">\n\t\t\t\t\t<div class=\"elementor-column elementor-col-100 elementor-top-column elementor-element elementor-element-ff1e5e5\" data-id=\"ff1e5e5\" data-element_type=\"column\" data-e-type=\"column\">\n\t\t\t<div class=\"elementor-widget-wrap elementor-element-populated\">\n\t\t\t\t\t\t<div class=\"elementor-element elementor-element-5c72c5b elementor-widget elementor-widget-heading\" data-id=\"5c72c5b\" data-element_type=\"widget\" data-e-type=\"widget\" data-widget_type=\"heading.default\">\n\t\t\t\t<div class=\"elementor-widget-container\">\n\t\t\t\t\t<h1 class=\"elementor-heading-title elementor-size-default\">Training and Operator Services<\/h1>\t\t\t\t<\/div>\n\t\t\t\t<\/div>\n\t\t\t\t\t<\/div>\n\t\t<\/div>\n\t\t\t\t\t<\/div>\n\t\t<\/section>\n\t\t<div class=\"elementor-element elementor-element-5e49568 e-flex e-con-boxed e-con e-parent\" data-id=\"5e49568\" data-element_type=\"container\" data-e-type=\"container\">\n\t\t\t\t\t<div class=\"e-con-inner\">\n\t\t<div class=\"elementor-element elementor-element-48b0756 e-con-full e-flex e-con e-child\" data-id=\"48b0756\" data-element_type=\"container\" data-e-type=\"container\">\n\t\t\t\t<div class=\"elementor-element elementor-element-068ecd6 elementor-widget elementor-widget-text-editor\" data-id=\"068ecd6\" data-element_type=\"widget\" data-e-type=\"widget\" data-widget_type=\"text-editor.default\">\n\t\t\t\t<div class=\"elementor-widget-container\">\n\t\t\t\t\t\t\t\t\t<p>At Univera, our installation team carries out deployments at all project management centers, both domestically and internationally. Our training team delivers comprehensive training for all products and modules used in the project, either face-to-face or online.<\/p><p>We offer our Operator Services with full-time\/part-time and remote\/on-site options, in accordance with our clients&#8217; service agreements. Through our expert operators, we provide support tailored to operational needs\u2014including routine configurations and reporting right from the project&#8217;s start\u2014thereby ensuring the continuity and success of the project.<\/p>\t\t\t\t\t\t\t\t<\/div>\n\t\t\t\t<\/div>\n\t\t\t\t<\/div>\n\t\t<div class=\"elementor-element elementor-element-38a9e85 e-con-full e-flex e-con e-child\" data-id=\"38a9e85\" data-element_type=\"container\" data-e-type=\"container\">\n\t\t\t\t<div class=\"elementor-element elementor-element-376a8bb elementor-widget elementor-widget-image\" data-id=\"376a8bb\" data-element_type=\"widget\" data-e-type=\"widget\" data-widget_type=\"image.default\">\n\t\t\t\t<div class=\"elementor-widget-container\">\n\t\t\t\t\t\t\t\t\t\t\t\t\t\t\t<img fetchpriority=\"high\" decoding=\"async\" width=\"450\" height=\"300\" src=\"https:\/\/univera.com.tr\/wp-content\/uploads\/2025\/07\/cagri_merkezi_gorsel.jpg\" class=\"attachment-large size-large wp-image-1659\" alt=\"\" srcset=\"https:\/\/univera.com.tr\/wp-content\/uploads\/2025\/07\/cagri_merkezi_gorsel.jpg 450w, https:\/\/univera.com.tr\/wp-content\/uploads\/2025\/07\/cagri_merkezi_gorsel-300x200.jpg 300w, https:\/\/univera.com.tr\/wp-content\/uploads\/2025\/07\/cagri_merkezi_gorsel-113x75.jpg 113w\" sizes=\"(max-width:767px) 450px, 450px\" \/>\t\t\t\t\t\t\t\t\t\t\t\t\t\t\t<\/div>\n\t\t\t\t<\/div>\n\t\t\t\t<\/div>\n\t\t\t\t\t<\/div>\n\t\t\t\t<\/div>\n\t\t\t\t<\/div>","protected":false},"excerpt":{"rendered":"<p>Training and Operator Services At Univera, our installation team carries out deployments at all project management centers, both domestically and internationally. Our training team delivers comprehensive<span class=\"excerpt-hellip\"> [\u2026]<\/span><\/p>\n","protected":false},"author":2,"featured_media":-1,"parent":0,"menu_order":0,"comment_status":"closed","ping_status":"closed","template":"","meta":{"footnotes":""},"class_list":["post-2264","page","type-page","status-publish","has-post-thumbnail","hentry"],"yoast_head":"<!-- This site is optimized with the Yoast SEO plugin v27.0 - https:\/\/yoast.com\/product\/yoast-seo-wordpress\/ -->\n<title>Software Training and Operator Services - Univera<\/title>\n<meta name=\"description\" content=\"Maximize your software ROI with our expert training and operator services, ensuring your team achieves full system adoption and complete proficiency.\" \/>\n<meta name=\"robots\" content=\"index, follow, max-snippet:-1, max-image-preview:large, max-video-preview:-1\" \/>\n<link rel=\"canonical\" href=\"https:\/\/univera.com.tr\/en\/software-training-and-operator-services\/\" \/>\n<meta property=\"og:locale\" content=\"en_US\" \/>\n<meta property=\"og:type\" content=\"article\" \/>\n<meta property=\"og:title\" content=\"Software Training and Operator Services - Univera\" \/>\n<meta property=\"og:description\" content=\"Maximize your software ROI with our expert training and operator services, ensuring your team achieves full system adoption and complete proficiency.\" \/>\n<meta property=\"og:url\" content=\"https:\/\/univera.com.tr\/en\/software-training-and-operator-services\/\" \/>\n<meta property=\"og:site_name\" content=\"Univera: Dijital D\u00f6n\u00fc\u015f\u00fcmle \u0130\u015f S\u00fcre\u00e7lerini Kolayca Y\u00f6netin\" \/>\n<meta property=\"article:modified_time\" content=\"2025-10-10T06:53:55+00:00\" \/>\n<meta name=\"twitter:card\" content=\"summary_large_image\" \/>\n<meta name=\"twitter:label1\" content=\"Est. reading time\" \/>\n\t<meta name=\"twitter:data1\" content=\"1 minute\" \/>\n<script type=\"application\/ld+json\" class=\"yoast-schema-graph\">{\"@context\":\"https:\/\/schema.org\",\"@graph\":[{\"@type\":\"WebPage\",\"@id\":\"https:\/\/univera.com.tr\/en\/software-training-and-operator-services\/\",\"url\":\"https:\/\/univera.com.tr\/en\/software-training-and-operator-services\/\",\"name\":\"Software Training and Operator Services - Univera\",\"isPartOf\":{\"@id\":\"https:\/\/univera.com.tr\/en\/#website\"},\"primaryImageOfPage\":{\"@id\":\"https:\/\/univera.com.tr\/en\/software-training-and-operator-services\/#primaryimage\"},\"image\":{\"@id\":\"https:\/\/univera.com.tr\/en\/software-training-and-operator-services\/#primaryimage\"},\"thumbnailUrl\":\"https:\/\/univera.com.tr\/wp-content\/uploads\/2025\/07\/cagri_merkezi_gorsel.jpg\",\"datePublished\":\"2025-10-03T12:09:27+00:00\",\"dateModified\":\"2025-10-10T06:53:55+00:00\",\"description\":\"Maximize your software ROI with our expert training and operator services, ensuring your team achieves full system adoption and complete proficiency.\",\"breadcrumb\":{\"@id\":\"https:\/\/univera.com.tr\/en\/software-training-and-operator-services\/#breadcrumb\"},\"inLanguage\":\"en-US\",\"potentialAction\":[{\"@type\":\"ReadAction\",\"target\":[\"https:\/\/univera.com.tr\/en\/software-training-and-operator-services\/\"]}]},{\"@type\":\"ImageObject\",\"inLanguage\":\"en-US\",\"@id\":\"https:\/\/univera.com.tr\/en\/software-training-and-operator-services\/#primaryimage\",\"url\":\"https:\/\/univera.com.tr\/wp-content\/uploads\/2025\/07\/cagri_merkezi_gorsel.jpg\",\"contentUrl\":\"https:\/\/univera.com.tr\/wp-content\/uploads\/2025\/07\/cagri_merkezi_gorsel.jpg\"},{\"@type\":\"BreadcrumbList\",\"@id\":\"https:\/\/univera.com.tr\/en\/software-training-and-operator-services\/#breadcrumb\",\"itemListElement\":[{\"@type\":\"ListItem\",\"position\":1,\"name\":\"Anasayfa\",\"item\":\"https:\/\/univera.com.tr\/en\/home\/\"},{\"@type\":\"ListItem\",\"position\":2,\"name\":\"Training and Operator Services\"}]},{\"@type\":\"WebSite\",\"@id\":\"https:\/\/univera.com.tr\/en\/#website\",\"url\":\"https:\/\/univera.com.tr\/en\/\",\"name\":\"Univera: Dijital D\u00f6n\u00fc\u015f\u00fcmle \u0130\u015f S\u00fcre\u00e7lerini Kolayca Y\u00f6netin\",\"description\":\"Dijital D\u00f6n\u00fc\u015f\u00fcmle \u0130\u015f S\u00fcre\u00e7lerini Yeniden Tan\u0131mlay\u0131n! Sat\u0131\u015f, lojistik ve servis gibi i\u015f s\u00fcre\u00e7lerini dijitalle\u015ftirin. Univera ile G\u00fc\u00e7lenin!\",\"potentialAction\":[{\"@type\":\"SearchAction\",\"target\":{\"@type\":\"EntryPoint\",\"urlTemplate\":\"https:\/\/univera.com.tr\/en\/?s={search_term_string}\"},\"query-input\":{\"@type\":\"PropertyValueSpecification\",\"valueRequired\":true,\"valueName\":\"search_term_string\"}}],\"inLanguage\":\"en-US\"}]}<\/script>\n<!-- \/ Yoast SEO plugin. -->","yoast_head_json":{"title":"Software Training and Operator Services - Univera","description":"Maximize your software ROI with our expert training and operator services, ensuring your team achieves full system adoption and complete proficiency.","robots":{"index":"index","follow":"follow","max-snippet":"max-snippet:-1","max-image-preview":"max-image-preview:large","max-video-preview":"max-video-preview:-1"},"canonical":"https:\/\/univera.com.tr\/en\/software-training-and-operator-services\/","og_locale":"en_US","og_type":"article","og_title":"Software Training and Operator Services - Univera","og_description":"Maximize your software ROI with our expert training and operator services, ensuring your team achieves full system adoption and complete proficiency.","og_url":"https:\/\/univera.com.tr\/en\/software-training-and-operator-services\/","og_site_name":"Univera: Dijital D\u00f6n\u00fc\u015f\u00fcmle \u0130\u015f S\u00fcre\u00e7lerini Kolayca Y\u00f6netin","article_modified_time":"2025-10-10T06:53:55+00:00","twitter_card":"summary_large_image","twitter_misc":{"Est. reading time":"1 minute"},"schema":{"@context":"https:\/\/schema.org","@graph":[{"@type":"WebPage","@id":"https:\/\/univera.com.tr\/en\/software-training-and-operator-services\/","url":"https:\/\/univera.com.tr\/en\/software-training-and-operator-services\/","name":"Software Training and Operator Services - Univera","isPartOf":{"@id":"https:\/\/univera.com.tr\/en\/#website"},"primaryImageOfPage":{"@id":"https:\/\/univera.com.tr\/en\/software-training-and-operator-services\/#primaryimage"},"image":{"@id":"https:\/\/univera.com.tr\/en\/software-training-and-operator-services\/#primaryimage"},"thumbnailUrl":"https:\/\/univera.com.tr\/wp-content\/uploads\/2025\/07\/cagri_merkezi_gorsel.jpg","datePublished":"2025-10-03T12:09:27+00:00","dateModified":"2025-10-10T06:53:55+00:00","description":"Maximize your software ROI with our expert training and operator services, ensuring your team achieves full system adoption and complete proficiency.","breadcrumb":{"@id":"https:\/\/univera.com.tr\/en\/software-training-and-operator-services\/#breadcrumb"},"inLanguage":"en-US","potentialAction":[{"@type":"ReadAction","target":["https:\/\/univera.com.tr\/en\/software-training-and-operator-services\/"]}]},{"@type":"ImageObject","inLanguage":"en-US","@id":"https:\/\/univera.com.tr\/en\/software-training-and-operator-services\/#primaryimage","url":"https:\/\/univera.com.tr\/wp-content\/uploads\/2025\/07\/cagri_merkezi_gorsel.jpg","contentUrl":"https:\/\/univera.com.tr\/wp-content\/uploads\/2025\/07\/cagri_merkezi_gorsel.jpg"},{"@type":"BreadcrumbList","@id":"https:\/\/univera.com.tr\/en\/software-training-and-operator-services\/#breadcrumb","itemListElement":[{"@type":"ListItem","position":1,"name":"Anasayfa","item":"https:\/\/univera.com.tr\/en\/home\/"},{"@type":"ListItem","position":2,"name":"Training and Operator Services"}]},{"@type":"WebSite","@id":"https:\/\/univera.com.tr\/en\/#website","url":"https:\/\/univera.com.tr\/en\/","name":"Univera: Dijital D\u00f6n\u00fc\u015f\u00fcmle \u0130\u015f S\u00fcre\u00e7lerini Kolayca Y\u00f6netin","description":"Dijital D\u00f6n\u00fc\u015f\u00fcmle \u0130\u015f S\u00fcre\u00e7lerini Yeniden Tan\u0131mlay\u0131n! Sat\u0131\u015f, lojistik ve servis gibi i\u015f s\u00fcre\u00e7lerini dijitalle\u015ftirin. Univera ile G\u00fc\u00e7lenin!","potentialAction":[{"@type":"SearchAction","target":{"@type":"EntryPoint","urlTemplate":"https:\/\/univera.com.tr\/en\/?s={search_term_string}"},"query-input":{"@type":"PropertyValueSpecification","valueRequired":true,"valueName":"search_term_string"}}],"inLanguage":"en-US"}]}},"_links":{"self":[{"href":"https:\/\/univera.com.tr\/en\/wp-json\/wp\/v2\/pages\/2264","targetHints":{"allow":["GET"]}}],"collection":[{"href":"https:\/\/univera.com.tr\/en\/wp-json\/wp\/v2\/pages"}],"about":[{"href":"https:\/\/univera.com.tr\/en\/wp-json\/wp\/v2\/types\/page"}],"author":[{"embeddable":true,"href":"https:\/\/univera.com.tr\/en\/wp-json\/wp\/v2\/users\/2"}],"replies":[{"embeddable":true,"href":"https:\/\/univera.com.tr\/en\/wp-json\/wp\/v2\/comments?post=2264"}],"version-history":[{"count":5,"href":"https:\/\/univera.com.tr\/en\/wp-json\/wp\/v2\/pages\/2264\/revisions"}],"predecessor-version":[{"id":2269,"href":"https:\/\/univera.com.tr\/en\/wp-json\/wp\/v2\/pages\/2264\/revisions\/2269"}],"wp:featuredmedia":[{"embeddable":true,"href":"https:\/\/univera.com.tr\/en\/wp-json\/"}],"wp:attachment":[{"href":"https:\/\/univera.com.tr\/en\/wp-json\/wp\/v2\/media?parent=2264"}],"curies":[{"name":"wp","href":"https:\/\/api.w.org\/{rel}","templated":true}]}}