{"id":2512,"date":"2026-01-23T11:39:40","date_gmt":"2026-01-23T08:39:40","guid":{"rendered":"https:\/\/univera.com.tr\/?page_id=2512"},"modified":"2025-10-10T10:11:04","modified_gmt":"2025-10-10T07:11:04","slug":"unidox-e-invoice-archiving-solution","status":"publish","type":"page","link":"https:\/\/univera.com.tr\/en\/unidox-e-invoice-archiving-solution\/","title":{"rendered":"Uni-Dox e-Transformation"},"content":{"rendered":"<div data-elementor-type=\"wp-page\" data-elementor-id=\"2512\" class=\"elementor elementor-2512\" data-elementor-post-type=\"page\">\n\t\t\t\t\t\t<section class=\"elementor-section elementor-top-section elementor-element elementor-element-e716922 elementor-section-full_width elementor-section-stretched elementor-section-height-default elementor-section-height-default\" data-id=\"e716922\" data-element_type=\"section\" data-e-type=\"section\" data-settings=\"{&quot;stretch_section&quot;:&quot;section-stretched&quot;,&quot;background_background&quot;:&quot;classic&quot;}\">\n\t\t\t\t\t\t<div class=\"elementor-container elementor-column-gap-default\">\n\t\t\t\t\t<div class=\"elementor-column elementor-col-100 elementor-top-column elementor-element elementor-element-d09d6ab\" data-id=\"d09d6ab\" data-element_type=\"column\" data-e-type=\"column\">\n\t\t\t<div class=\"elementor-widget-wrap elementor-element-populated\">\n\t\t\t\t\t\t<div class=\"elementor-element elementor-element-226058d elementor-widget__width-initial elementor-widget elementor-widget-text-editor\" data-id=\"226058d\" data-element_type=\"widget\" data-e-type=\"widget\" data-widget_type=\"text-editor.default\">\n\t\t\t\t<div class=\"elementor-widget-container\">\n\t\t\t\t\t\t\t\t\t<h1><span style=\"color: #ffffff;\">Uni-Dox e-Transformation Integrator Service<\/span><\/h1>\n<span style=\"color: #ffffff;\">Simplify Your Business Processes with e-Transformation: Carry Your Business into the Future with Uni-Dox.<\/span>\t\t\t\t\t\t\t\t<\/div>\n\t\t\t\t<\/div>\n\t\t\t\t\t<\/div>\n\t\t<\/div>\n\t\t\t\t\t<\/div>\n\t\t<\/section>\n\t\t<div class=\"elementor-element elementor-element-5e49568 e-flex e-con-boxed e-con e-parent\" data-id=\"5e49568\" data-element_type=\"container\" data-e-type=\"container\">\n\t\t\t\t\t<div class=\"e-con-inner\">\n\t\t<div class=\"elementor-element elementor-element-48b0756 e-con-full e-flex e-con e-child\" data-id=\"48b0756\" data-element_type=\"container\" data-e-type=\"container\">\n\t\t\t\t<div class=\"elementor-element elementor-element-789f4b3 elementor-widget__width-initial elementor-widget elementor-widget-text-editor\" data-id=\"789f4b3\" data-element_type=\"widget\" data-e-type=\"widget\" data-widget_type=\"text-editor.default\">\n\t\t\t\t<div class=\"elementor-widget-container\">\n\t\t\t\t\t\t\t\t\t<p>The digitalization and archiving of document transactions performed on our Panorama Solution Platform is now effortless with Uni-Dox. Thanks to Uni-Dox, which integrates seamlessly with Panorama&#8217;s e-Transformation module, you can carry out e-invoice, e-dispatch, e-archive, and e-ledger transactions easily and quickly while using Panorama.<\/p><p>While the e-transformation application emerges as a legal requirement, it is broadly a movement that makes business processes easier and faster. On our Panorama Solution Platform, we offer the e-Transformation Integrator service to Panorama users through Uni-Dox. Providing various operational advantages, Uni-Dox also simplifies your work with its Panorama-compatible infrastructure.<\/p><h3>A Leading Solution in Digital Transformation<\/h3><p>Shaped by Univera&#8217;s in-depth user experience, Uni-Dox incorporates many more features than similar products in the sector. These features will accelerate your adaptation to the digital world and simplify your business processes.<\/p><ul><li><strong>Ease of Integration with the Panorama Product Family<\/strong><br \/>Uni-Dox works in an integrated manner with the Panorama e-Transformation Module and offers advantageous pricing options for this module. This allows you to manage your invoicing processes much more efficiently.<\/li><li><strong>Customized Invoice Transactions and Secure Communication<br \/><\/strong>Optimize your costs with features like credit refunds for invoice cancellations. You can easily duplicate your invoice transactions with Uni-Dox&#8217;s unique invoice copying feature. Through special authorizations, you can keep permission levels under control and manage your business from anywhere with its location-independent working capability.<\/li><li><strong>Mobile Compatibility and Advanced Tracking<br \/><\/strong>Access the system easily from all devices, thanks to its mobile-compatible design. Enhance your user experience with special notification messages and easily track your documents with QR codes.<\/li><li><strong>The Highest Level of Information Security<br \/><\/strong>Uni-Dox is equipped with advanced security protocols to maintain the highest level of information security. This ensures all your data is kept under protection, with your privacy and security always being our priority.<\/li><\/ul>\t\t\t\t\t\t\t\t<\/div>\n\t\t\t\t<\/div>\n\t\t\t\t<div class=\"elementor-element elementor-element-068ecd6 elementor-widget elementor-widget-text-editor\" data-id=\"068ecd6\" data-element_type=\"widget\" data-e-type=\"widget\" data-widget_type=\"text-editor.default\">\n\t\t\t\t<div class=\"elementor-widget-container\">\n\t\t\t\t\t\t\t\t\t<h3>What Are Its Benefits?<\/h3><p>Warehouse and shipment operations are among the processes with the highest risk of error. Thanks to StokBar, you can digitize these operations down to the smallest detail and achieve excellence in your processes.<\/p><ul><li>Minimization of human-based errors<\/li><li>Organized warehouses<\/li><li>Planned production process<\/li><li>Operations based on special classifications like expiration date\/shelf life<\/li><li>Rule definition specific to customers, channels, and business partners<\/li><li>Product traceability<\/li><li>Performance traceability<\/li><li>A system where all data can be tracke<\/li><\/ul>\t\t\t\t\t\t\t\t<\/div>\n\t\t\t\t<\/div>\n\t\t\t\t<\/div>\n\t\t<div class=\"elementor-element elementor-element-1095d4a e-con-full e-flex e-con e-child\" data-id=\"1095d4a\" data-element_type=\"container\" data-e-type=\"container\" data-settings=\"{&quot;background_background&quot;:&quot;classic&quot;}\">\n\t\t<div class=\"elementor-element elementor-element-b40689f e-con-full e-flex e-con e-child\" data-id=\"b40689f\" data-element_type=\"container\" data-e-type=\"container\">\n\t\t<div class=\"elementor-element elementor-element-1ee2837 e-con-full e-flex e-con e-child\" data-id=\"1ee2837\" data-element_type=\"container\" data-e-type=\"container\">\n\t\t\t\t<div class=\"elementor-element elementor-element-ff8e46a elementor-widget elementor-widget-heading\" data-id=\"ff8e46a\" data-element_type=\"widget\" data-e-type=\"widget\" data-widget_type=\"heading.default\">\n\t\t\t\t<div class=\"elementor-widget-container\">\n\t\t\t\t\t<div class=\"elementor-heading-title elementor-size-default\">Access Advantageous Packages<\/div>\t\t\t\t<\/div>\n\t\t\t\t<\/div>\n\t\t\t\t<div class=\"elementor-element elementor-element-5073194 elementor-widget elementor-widget-heading\" data-id=\"5073194\" data-element_type=\"widget\" data-e-type=\"widget\" data-widget_type=\"heading.default\">\n\t\t\t\t<div class=\"elementor-widget-container\">\n\t\t\t\t\t<p class=\"elementor-heading-title elementor-size-default\">Gain the Skills to Achieve Operational Efficiency!\n\nPerform all your tasks quickly and easily with Uni-Dox's practical interface and custom templates.<\/p>\t\t\t\t<\/div>\n\t\t\t\t<\/div>\n\t\t\t\t<\/div>\n\t\t\t\t<div class=\"elementor-element elementor-element-f1649b2 unidox-form elementor-widget elementor-widget-shortcode\" data-id=\"f1649b2\" data-element_type=\"widget\" data-e-type=\"widget\" data-widget_type=\"shortcode.default\">\n\t\t\t\t<div class=\"elementor-widget-container\">\n\t\t\t\t\t\t\t<div class=\"elementor-shortcode\">\n<div class=\"wpcf7 no-js\" id=\"wpcf7-f468-o1\" lang=\"tr-TR\" dir=\"ltr\" data-wpcf7-id=\"468\">\n<div class=\"screen-reader-response\"><p role=\"status\" aria-live=\"polite\" aria-atomic=\"true\"><\/p> <ul><\/ul><\/div>\n<form action=\"\/en\/wp-json\/wp\/v2\/pages\/2512#wpcf7-f468-o1\" method=\"post\" class=\"wpcf7-form init\" aria-label=\"\u0130leti\u015fim Formu\" novalidate=\"novalidate\" data-status=\"init\" data-trp-original-action=\"\/en\/wp-json\/wp\/v2\/pages\/2512#wpcf7-f468-o1\">\n<fieldset class=\"hidden-fields-container\"><input type=\"hidden\" name=\"_wpcf7\" value=\"468\" \/><input type=\"hidden\" name=\"_wpcf7_version\" value=\"6.1.5\" \/><input type=\"hidden\" name=\"_wpcf7_locale\" value=\"tr_TR\" \/><input type=\"hidden\" name=\"_wpcf7_unit_tag\" value=\"wpcf7-f468-o1\" \/><input type=\"hidden\" name=\"_wpcf7_container_post\" value=\"0\" \/><input type=\"hidden\" name=\"_wpcf7_posted_data_hash\" value=\"\" \/>\n<\/fieldset>\n<p><label> Full Name *<br \/>\n<span class=\"wpcf7-form-control-wrap\" data-name=\"your-name\"><input size=\"40\" maxlength=\"400\" class=\"wpcf7-form-control wpcf7-text wpcf7-validates-as-required\" aria-required=\"true\" aria-invalid=\"false\" placeholder=\"Enter your full name\" value=\"\" type=\"text\" name=\"your-name\" \/><\/span> <\/label>\n<\/p>\n<p><label> Company *<br \/>\n<span class=\"wpcf7-form-control-wrap\" data-name=\"company\"><input size=\"40\" maxlength=\"400\" class=\"wpcf7-form-control wpcf7-text wpcf7-validates-as-required\" aria-required=\"true\" aria-invalid=\"false\" placeholder=\"Enter your company name\" value=\"\" type=\"text\" name=\"company\" \/><\/span> <\/label>\n<\/p>\n<p><label> Mobile Number *<br \/>\n<span class=\"wpcf7-form-control-wrap\" data-name=\"your-phone\"><input size=\"40\" maxlength=\"400\" class=\"wpcf7-form-control wpcf7-tel wpcf7-validates-as-required wpcf7-text wpcf7-validates-as-tel\" aria-required=\"true\" aria-invalid=\"false\" placeholder=\"05xx xxx xx xx\" value=\"\" type=\"tel\" name=\"your-phone\" \/><\/span> <\/label>\n<\/p>\n<p><label> Email *<br \/>\n<span class=\"wpcf7-form-control-wrap\" data-name=\"your-email\"><input size=\"40\" maxlength=\"400\" class=\"wpcf7-form-control wpcf7-email wpcf7-validates-as-required wpcf7-text wpcf7-validates-as-email\" aria-required=\"true\" aria-invalid=\"false\" placeholder=\"example@mail.com\" value=\"\" type=\"email\" name=\"your-email\" \/><\/span> <\/label>\n<\/p>\n<p><label> Are you currently using Panorama?<br \/>\n<span class=\"wpcf7-form-control-wrap\" data-name=\"panorama-use\"><span class=\"wpcf7-form-control wpcf7-radio\"><span class=\"wpcf7-list-item first\"><input type=\"radio\" name=\"panorama-use\" value=\"Yes\" checked=\"checked\" \/><span class=\"wpcf7-list-item-label\">Yes<\/span><\/span><span class=\"wpcf7-list-item last\"><input type=\"radio\" name=\"panorama-use\" value=\"No\" \/><span class=\"wpcf7-list-item-label\">No<\/span><\/span><\/span><\/span> <\/label>\n<\/p>\n<p><label> Which product are you interested in? *<br \/>\n<span class=\"wpcf7-form-control-wrap\" data-name=\"interested-products\"><span class=\"wpcf7-form-control wpcf7-checkbox wpcf7-validates-as-required\"><span class=\"wpcf7-list-item first\"><label><input type=\"checkbox\" name=\"interested-products[]\" value=\"CallDesk\" \/><span class=\"wpcf7-list-item-label\">CallDesk<\/span><\/label><\/span><span class=\"wpcf7-list-item\"><label><input type=\"checkbox\" name=\"interested-products[]\" value=\"StokBar\" \/><span class=\"wpcf7-list-item-label\">StokBar<\/span><\/label><\/span><span class=\"wpcf7-list-item\"><label><input type=\"checkbox\" name=\"interested-products[]\" value=\"Quest\" \/><span class=\"wpcf7-list-item-label\">Quest<\/span><\/label><\/span><span class=\"wpcf7-list-item\"><label><input type=\"checkbox\" name=\"interested-products[]\" value=\"EnRoute\" \/><span class=\"wpcf7-list-item-label\">EnRoute<\/span><\/label><\/span><span class=\"wpcf7-list-item\"><label><input type=\"checkbox\" name=\"interested-products[]\" value=\"WebPlus\" \/><span class=\"wpcf7-list-item-label\">WebPlus<\/span><\/label><\/span><span class=\"wpcf7-list-item\"><label><input type=\"checkbox\" name=\"interested-products[]\" value=\"UniDox\" \/><span class=\"wpcf7-list-item-label\">UniDox<\/span><\/label><\/span><span class=\"wpcf7-list-item last\"><label><input type=\"checkbox\" name=\"interested-products[]\" value=\"StokMate\" \/><span class=\"wpcf7-list-item-label\">StokMate<\/span><\/label><\/span><\/span><\/span> <\/label>\n<\/p>\n<p><input class=\"wpcf7-form-control wpcf7-submit has-spinner\" type=\"submit\" value=\"Submit\" \/>\n<\/p><div class=\"wpcf7-response-output\" aria-hidden=\"true\"><\/div>\n<input type=\"hidden\" name=\"trp-form-language\" value=\"en\"\/><\/form>\n<\/div>\n<\/div>\n\t\t\t\t\t\t<\/div>\n\t\t\t\t<\/div>\n\t\t\t\t<\/div>\n\t\t\t\t<\/div>\n\t\t\t\t\t<\/div>\n\t\t\t\t<\/div>\n\t\t\t\t<\/div>","protected":false},"excerpt":{"rendered":"<p>Uni-Dox e-Transformation Integrator Service Simplify Your Business Processes with e-Transformation: Carry Your Business into the Future with Uni-Dox. The digitalization and archiving of document transactions performed<span class=\"excerpt-hellip\"> [\u2026]<\/span><\/p>\n","protected":false},"author":2,"featured_media":-1,"parent":0,"menu_order":0,"comment_status":"closed","ping_status":"closed","template":"","meta":{"footnotes":""},"class_list":["post-2512","page","type-page","status-publish","has-post-thumbnail","hentry"],"yoast_head":"<!-- This site is optimized with the Yoast SEO plugin v27.0 - https:\/\/yoast.com\/product\/yoast-seo-wordpress\/ -->\n<title>Uni-Dox: Compliant E-Invoice &amp; E-Archive Management - Univera<\/title>\n<meta name=\"description\" content=\"Work paperless with Uni-Dox. Automate the entire workflow, from document processing and e-invoice creation to legally compliant digital archiving.\" \/>\n<meta name=\"robots\" content=\"index, follow, max-snippet:-1, max-image-preview:large, max-video-preview:-1\" \/>\n<link rel=\"canonical\" href=\"https:\/\/univera.com.tr\/en\/unidox-e-invoice-archiving-solution\/\" \/>\n<meta property=\"og:locale\" content=\"en_US\" \/>\n<meta property=\"og:type\" content=\"article\" \/>\n<meta property=\"og:title\" content=\"Uni-Dox: Compliant E-Invoice &amp; E-Archive Management - Univera\" \/>\n<meta property=\"og:description\" content=\"Work paperless with Uni-Dox. Automate the entire workflow, from document processing and e-invoice creation to legally compliant digital archiving.\" \/>\n<meta property=\"og:url\" content=\"https:\/\/univera.com.tr\/en\/unidox-e-invoice-archiving-solution\/\" \/>\n<meta property=\"og:site_name\" content=\"Univera: Dijital D\u00f6n\u00fc\u015f\u00fcmle \u0130\u015f S\u00fcre\u00e7lerini Kolayca Y\u00f6netin\" \/>\n<meta name=\"twitter:card\" content=\"summary_large_image\" \/>\n<meta name=\"twitter:label1\" content=\"Est. reading time\" \/>\n\t<meta name=\"twitter:data1\" content=\"3 minutes\" \/>\n<script type=\"application\/ld+json\" class=\"yoast-schema-graph\">{\"@context\":\"https:\/\/schema.org\",\"@graph\":[{\"@type\":\"WebPage\",\"@id\":\"https:\/\/univera.com.tr\/en\/unidox-e-invoice-archiving-solution\/\",\"url\":\"https:\/\/univera.com.tr\/en\/unidox-e-invoice-archiving-solution\/\",\"name\":\"Uni-Dox: Compliant E-Invoice & E-Archive Management - Univera\",\"isPartOf\":{\"@id\":\"https:\/\/univera.com.tr\/en\/#website\"},\"datePublished\":\"2026-01-23T08:39:40+00:00\",\"description\":\"Work paperless with Uni-Dox. Automate the entire workflow, from document processing and e-invoice creation to legally compliant digital archiving.\",\"breadcrumb\":{\"@id\":\"https:\/\/univera.com.tr\/en\/unidox-e-invoice-archiving-solution\/#breadcrumb\"},\"inLanguage\":\"en-US\",\"potentialAction\":[{\"@type\":\"ReadAction\",\"target\":[\"https:\/\/univera.com.tr\/en\/unidox-e-invoice-archiving-solution\/\"]}]},{\"@type\":\"BreadcrumbList\",\"@id\":\"https:\/\/univera.com.tr\/en\/unidox-e-invoice-archiving-solution\/#breadcrumb\",\"itemListElement\":[{\"@type\":\"ListItem\",\"position\":1,\"name\":\"Anasayfa\",\"item\":\"https:\/\/univera.com.tr\/en\/home\/\"},{\"@type\":\"ListItem\",\"position\":2,\"name\":\"Uni-Dox e-Transformation\"}]},{\"@type\":\"WebSite\",\"@id\":\"https:\/\/univera.com.tr\/en\/#website\",\"url\":\"https:\/\/univera.com.tr\/en\/\",\"name\":\"Univera: Dijital D\u00f6n\u00fc\u015f\u00fcmle \u0130\u015f S\u00fcre\u00e7lerini Kolayca Y\u00f6netin\",\"description\":\"Dijital D\u00f6n\u00fc\u015f\u00fcmle \u0130\u015f S\u00fcre\u00e7lerini Yeniden Tan\u0131mlay\u0131n! Sat\u0131\u015f, lojistik ve servis gibi i\u015f s\u00fcre\u00e7lerini dijitalle\u015ftirin. Univera ile G\u00fc\u00e7lenin!\",\"potentialAction\":[{\"@type\":\"SearchAction\",\"target\":{\"@type\":\"EntryPoint\",\"urlTemplate\":\"https:\/\/univera.com.tr\/en\/?s={search_term_string}\"},\"query-input\":{\"@type\":\"PropertyValueSpecification\",\"valueRequired\":true,\"valueName\":\"search_term_string\"}}],\"inLanguage\":\"en-US\"}]}<\/script>\n<!-- \/ Yoast SEO plugin. -->","yoast_head_json":{"title":"Uni-Dox: Compliant E-Invoice & E-Archive Management - Univera","description":"Work paperless with Uni-Dox. Automate the entire workflow, from document processing and e-invoice creation to legally compliant digital archiving.","robots":{"index":"index","follow":"follow","max-snippet":"max-snippet:-1","max-image-preview":"max-image-preview:large","max-video-preview":"max-video-preview:-1"},"canonical":"https:\/\/univera.com.tr\/en\/unidox-e-invoice-archiving-solution\/","og_locale":"en_US","og_type":"article","og_title":"Uni-Dox: Compliant E-Invoice & E-Archive Management - Univera","og_description":"Work paperless with Uni-Dox. Automate the entire workflow, from document processing and e-invoice creation to legally compliant digital archiving.","og_url":"https:\/\/univera.com.tr\/en\/unidox-e-invoice-archiving-solution\/","og_site_name":"Univera: Dijital D\u00f6n\u00fc\u015f\u00fcmle \u0130\u015f S\u00fcre\u00e7lerini Kolayca Y\u00f6netin","twitter_card":"summary_large_image","twitter_misc":{"Est. reading time":"3 minutes"},"schema":{"@context":"https:\/\/schema.org","@graph":[{"@type":"WebPage","@id":"https:\/\/univera.com.tr\/en\/unidox-e-invoice-archiving-solution\/","url":"https:\/\/univera.com.tr\/en\/unidox-e-invoice-archiving-solution\/","name":"Uni-Dox: Compliant E-Invoice & E-Archive Management - Univera","isPartOf":{"@id":"https:\/\/univera.com.tr\/en\/#website"},"datePublished":"2026-01-23T08:39:40+00:00","description":"Work paperless with Uni-Dox. Automate the entire workflow, from document processing and e-invoice creation to legally compliant digital archiving.","breadcrumb":{"@id":"https:\/\/univera.com.tr\/en\/unidox-e-invoice-archiving-solution\/#breadcrumb"},"inLanguage":"en-US","potentialAction":[{"@type":"ReadAction","target":["https:\/\/univera.com.tr\/en\/unidox-e-invoice-archiving-solution\/"]}]},{"@type":"BreadcrumbList","@id":"https:\/\/univera.com.tr\/en\/unidox-e-invoice-archiving-solution\/#breadcrumb","itemListElement":[{"@type":"ListItem","position":1,"name":"Anasayfa","item":"https:\/\/univera.com.tr\/en\/home\/"},{"@type":"ListItem","position":2,"name":"Uni-Dox e-Transformation"}]},{"@type":"WebSite","@id":"https:\/\/univera.com.tr\/en\/#website","url":"https:\/\/univera.com.tr\/en\/","name":"Univera: Dijital D\u00f6n\u00fc\u015f\u00fcmle \u0130\u015f S\u00fcre\u00e7lerini Kolayca Y\u00f6netin","description":"Dijital D\u00f6n\u00fc\u015f\u00fcmle \u0130\u015f S\u00fcre\u00e7lerini Yeniden Tan\u0131mlay\u0131n! Sat\u0131\u015f, lojistik ve servis gibi i\u015f s\u00fcre\u00e7lerini dijitalle\u015ftirin. Univera ile G\u00fc\u00e7lenin!","potentialAction":[{"@type":"SearchAction","target":{"@type":"EntryPoint","urlTemplate":"https:\/\/univera.com.tr\/en\/?s={search_term_string}"},"query-input":{"@type":"PropertyValueSpecification","valueRequired":true,"valueName":"search_term_string"}}],"inLanguage":"en-US"}]}},"_links":{"self":[{"href":"https:\/\/univera.com.tr\/en\/wp-json\/wp\/v2\/pages\/2512","targetHints":{"allow":["GET"]}}],"collection":[{"href":"https:\/\/univera.com.tr\/en\/wp-json\/wp\/v2\/pages"}],"about":[{"href":"https:\/\/univera.com.tr\/en\/wp-json\/wp\/v2\/types\/page"}],"author":[{"embeddable":true,"href":"https:\/\/univera.com.tr\/en\/wp-json\/wp\/v2\/users\/2"}],"replies":[{"embeddable":true,"href":"https:\/\/univera.com.tr\/en\/wp-json\/wp\/v2\/comments?post=2512"}],"version-history":[{"count":8,"href":"https:\/\/univera.com.tr\/en\/wp-json\/wp\/v2\/pages\/2512\/revisions"}],"predecessor-version":[{"id":2588,"href":"https:\/\/univera.com.tr\/en\/wp-json\/wp\/v2\/pages\/2512\/revisions\/2588"}],"wp:featuredmedia":[{"embeddable":true,"href":"https:\/\/univera.com.tr\/en\/wp-json\/"}],"wp:attachment":[{"href":"https:\/\/univera.com.tr\/en\/wp-json\/wp\/v2\/media?parent=2512"}],"curies":[{"name":"wp","href":"https:\/\/api.w.org\/{rel}","templated":true}]}}