{"id":464,"date":"2025-04-18T08:50:41","date_gmt":"2025-04-18T05:50:41","guid":{"rendered":"https:\/\/univera.paramtech.com.tr\/?page_id=464"},"modified":"2025-04-18T10:02:05","modified_gmt":"2025-04-18T07:02:05","slug":"demo-request","status":"publish","type":"page","link":"https:\/\/univera.com.tr\/en\/demo-request\/","title":{"rendered":"Demo Request"},"content":{"rendered":"<div data-elementor-type=\"wp-page\" data-elementor-id=\"464\" class=\"elementor elementor-464\" data-elementor-post-type=\"page\">\n\t\t\t\t\t\t<section class=\"elementor-section elementor-top-section elementor-element elementor-element-aa6b77b elementor-section-full_width elementor-section-stretched elementor-section-height-default elementor-section-height-default\" data-id=\"aa6b77b\" data-element_type=\"section\" data-e-type=\"section\" data-settings=\"{&quot;stretch_section&quot;:&quot;section-stretched&quot;,&quot;background_background&quot;:&quot;classic&quot;}\">\n\t\t\t\t\t\t<div class=\"elementor-container elementor-column-gap-default\">\n\t\t\t\t\t<div class=\"elementor-column elementor-col-100 elementor-top-column elementor-element elementor-element-ff1e5e5\" data-id=\"ff1e5e5\" data-element_type=\"column\" data-e-type=\"column\">\n\t\t\t<div class=\"elementor-widget-wrap elementor-element-populated\">\n\t\t\t\t\t\t<div class=\"elementor-element elementor-element-5c72c5b elementor-widget elementor-widget-heading\" data-id=\"5c72c5b\" data-element_type=\"widget\" data-e-type=\"widget\" data-widget_type=\"heading.default\">\n\t\t\t\t<div class=\"elementor-widget-container\">\n\t\t\t\t\t<h1 class=\"elementor-heading-title elementor-size-default\">Demo Request<\/h1>\t\t\t\t<\/div>\n\t\t\t\t<\/div>\n\t\t\t\t\t<\/div>\n\t\t<\/div>\n\t\t\t\t\t<\/div>\n\t\t<\/section>\n\t\t<div class=\"elementor-element elementor-element-69f75b7 e-grid e-con-boxed e-con e-parent\" data-id=\"69f75b7\" data-element_type=\"container\" data-e-type=\"container\">\n\t\t\t\t\t<div class=\"e-con-inner\">\n\t\t\t\t<div class=\"elementor-element elementor-element-b1a3f54 elementor-widget elementor-widget-text-editor\" data-id=\"b1a3f54\" data-element_type=\"widget\" data-e-type=\"widget\" data-widget_type=\"text-editor.default\">\n\t\t\t\t<div class=\"elementor-widget-container\">\n\t\t\t\t\t\t\t\t\t<h3><img fetchpriority=\"high\" decoding=\"async\" class=\"alignnone size-medium wp-image-427\" src=\"https:\/\/univera.paramtech.com.tr\/wp-content\/uploads\/2025\/04\/univera-demo-talebi-e1744956036601-500x226.jpg\" alt=\"\" width=\"500\" height=\"226\" srcset=\"https:\/\/univera.com.tr\/wp-content\/uploads\/2025\/04\/univera-demo-talebi-e1744956036601-500x226.jpg 500w, https:\/\/univera.com.tr\/wp-content\/uploads\/2025\/04\/univera-demo-talebi-e1744956036601-300x136.jpg 300w, https:\/\/univera.com.tr\/wp-content\/uploads\/2025\/04\/univera-demo-talebi-e1744956036601-150x68.jpg 150w, https:\/\/univera.com.tr\/wp-content\/uploads\/2025\/04\/univera-demo-talebi-e1744956036601-480x217.jpg 480w\" sizes=\"(max-width:767px) 480px, 500px\" \/><\/h3>\n<h3><span style=\"color: #b93042;\"><strong>Manage sales, service and logistics operations in digital environment with Panorama platform.<\/strong><\/span><\/h3>\nExperience the work processes\u2019 basic functions of Panorama in demo place. With its 6 different solution Panorama provides end to end digital transformation. All solutions can be adaptable to any sector. The communicatio of field and headquarter getting stronger and easier with Panorama.\n<ul>\n \t<li>StokBar &#8211; Warehouse and Production Management<\/li>\n \t<li>EnRoute &#8211; Omni-Channel Sales Management<\/li>\n \t<li>CallDesk &#8211; After Sales Service Management<\/li>\n \t<li>Quest &#8211; Mobile Data Collection and Field Team Management<\/li>\n<\/ul>\nFor detail information about the solutions you can visit pages above and reach us by mailing info@univera.com.tr\n\n<img decoding=\"async\" class=\"alignnone size-medium wp-image-429\" src=\"https:\/\/univera.paramtech.com.tr\/wp-content\/uploads\/2025\/04\/univera-500x413.jpg\" alt=\"\" width=\"500\" height=\"413\" srcset=\"https:\/\/univera.com.tr\/wp-content\/uploads\/2025\/04\/univera-500x413.jpg 500w, https:\/\/univera.com.tr\/wp-content\/uploads\/2025\/04\/univera-300x248.jpg 300w, https:\/\/univera.com.tr\/wp-content\/uploads\/2025\/04\/univera-91x75.jpg 91w, https:\/\/univera.com.tr\/wp-content\/uploads\/2025\/04\/univera-480x396.jpg 480w\" sizes=\"(max-width:767px) 480px, 500px\" \/>\t\t\t\t\t\t\t\t<\/div>\n\t\t\t\t<\/div>\n\t\t\t\t<div class=\"elementor-element elementor-element-b514409 elementor-widget elementor-widget-text-editor\" data-id=\"b514409\" data-element_type=\"widget\" data-e-type=\"widget\" data-widget_type=\"text-editor.default\">\n\t\t\t\t<div class=\"elementor-widget-container\">\n\t\t\t\t\t\t\t\t\t<strong>Explore Panorama solutions now.<\/strong>\n\nManage sales, service and logistics processes in digital environment.\n<h3><span style=\"color: #b93042;\"><strong>Contact Us<\/strong><\/span><\/h3>\nFill out the form to request a demo.\nUpon the form information, our team members will contact you as soon as possible. Panorama is waiting for you.\n\n&nbsp;\n\n\n<div class=\"wpcf7 no-js\" id=\"wpcf7-f468-o1\" lang=\"tr-TR\" dir=\"ltr\" data-wpcf7-id=\"468\">\n<div class=\"screen-reader-response\"><p role=\"status\" aria-live=\"polite\" aria-atomic=\"true\"><\/p> <ul><\/ul><\/div>\n<form action=\"\/en\/wp-json\/wp\/v2\/pages\/464#wpcf7-f468-o1\" method=\"post\" class=\"wpcf7-form init demo-talep-formu\" aria-label=\"\u0130leti\u015fim Formu\" novalidate=\"novalidate\" data-status=\"init\" data-trp-original-action=\"\/en\/wp-json\/wp\/v2\/pages\/464#wpcf7-f468-o1\">\n<fieldset class=\"hidden-fields-container\"><input type=\"hidden\" name=\"_wpcf7\" value=\"468\" \/><input type=\"hidden\" name=\"_wpcf7_version\" value=\"6.1.5\" \/><input type=\"hidden\" name=\"_wpcf7_locale\" value=\"tr_TR\" \/><input type=\"hidden\" name=\"_wpcf7_unit_tag\" value=\"wpcf7-f468-o1\" \/><input type=\"hidden\" name=\"_wpcf7_container_post\" value=\"0\" \/><input type=\"hidden\" name=\"_wpcf7_posted_data_hash\" value=\"\" \/>\n<\/fieldset>\n<p><label> Full Name *<br \/>\n<span class=\"wpcf7-form-control-wrap\" data-name=\"your-name\"><input size=\"40\" maxlength=\"400\" class=\"wpcf7-form-control wpcf7-text wpcf7-validates-as-required\" aria-required=\"true\" aria-invalid=\"false\" placeholder=\"Enter your full name\" value=\"\" type=\"text\" name=\"your-name\" \/><\/span> <\/label>\n<\/p>\n<p><label> Company *<br \/>\n<span class=\"wpcf7-form-control-wrap\" data-name=\"company\"><input size=\"40\" maxlength=\"400\" class=\"wpcf7-form-control wpcf7-text wpcf7-validates-as-required\" aria-required=\"true\" aria-invalid=\"false\" placeholder=\"Enter your company name\" value=\"\" type=\"text\" name=\"company\" \/><\/span> <\/label>\n<\/p>\n<p><label> Mobile Number *<br \/>\n<span class=\"wpcf7-form-control-wrap\" data-name=\"your-phone\"><input size=\"40\" maxlength=\"400\" class=\"wpcf7-form-control wpcf7-tel wpcf7-validates-as-required wpcf7-text wpcf7-validates-as-tel\" aria-required=\"true\" aria-invalid=\"false\" placeholder=\"05xx xxx xx xx\" value=\"\" type=\"tel\" name=\"your-phone\" \/><\/span> <\/label>\n<\/p>\n<p><label> Email *<br \/>\n<span class=\"wpcf7-form-control-wrap\" data-name=\"your-email\"><input size=\"40\" maxlength=\"400\" class=\"wpcf7-form-control wpcf7-email wpcf7-validates-as-required wpcf7-text wpcf7-validates-as-email\" aria-required=\"true\" aria-invalid=\"false\" placeholder=\"example@mail.com\" value=\"\" type=\"email\" name=\"your-email\" \/><\/span> <\/label>\n<\/p>\n<p><label> Are you currently using Panorama?<br \/>\n<span class=\"wpcf7-form-control-wrap\" data-name=\"panorama-use\"><span class=\"wpcf7-form-control wpcf7-radio\"><span class=\"wpcf7-list-item first\"><input type=\"radio\" name=\"panorama-use\" value=\"Yes\" checked=\"checked\" \/><span class=\"wpcf7-list-item-label\">Yes<\/span><\/span><span class=\"wpcf7-list-item last\"><input type=\"radio\" name=\"panorama-use\" value=\"No\" \/><span class=\"wpcf7-list-item-label\">No<\/span><\/span><\/span><\/span> <\/label>\n<\/p>\n<p><label> Which product are you interested in? *<br \/>\n<span class=\"wpcf7-form-control-wrap\" data-name=\"interested-products\"><span class=\"wpcf7-form-control wpcf7-checkbox wpcf7-validates-as-required\"><span class=\"wpcf7-list-item first\"><label><input type=\"checkbox\" name=\"interested-products[]\" value=\"CallDesk\" \/><span class=\"wpcf7-list-item-label\">CallDesk<\/span><\/label><\/span><span class=\"wpcf7-list-item\"><label><input type=\"checkbox\" name=\"interested-products[]\" value=\"StokBar\" \/><span class=\"wpcf7-list-item-label\">StokBar<\/span><\/label><\/span><span class=\"wpcf7-list-item\"><label><input type=\"checkbox\" name=\"interested-products[]\" value=\"Quest\" \/><span class=\"wpcf7-list-item-label\">Quest<\/span><\/label><\/span><span class=\"wpcf7-list-item\"><label><input type=\"checkbox\" name=\"interested-products[]\" value=\"EnRoute\" \/><span class=\"wpcf7-list-item-label\">EnRoute<\/span><\/label><\/span><span class=\"wpcf7-list-item\"><label><input type=\"checkbox\" name=\"interested-products[]\" value=\"WebPlus\" \/><span class=\"wpcf7-list-item-label\">WebPlus<\/span><\/label><\/span><span class=\"wpcf7-list-item\"><label><input type=\"checkbox\" name=\"interested-products[]\" value=\"UniDox\" \/><span class=\"wpcf7-list-item-label\">UniDox<\/span><\/label><\/span><span class=\"wpcf7-list-item last\"><label><input type=\"checkbox\" name=\"interested-products[]\" value=\"StokMate\" \/><span class=\"wpcf7-list-item-label\">StokMate<\/span><\/label><\/span><\/span><\/span> <\/label>\n<\/p>\n<p><input class=\"wpcf7-form-control wpcf7-submit has-spinner\" type=\"submit\" value=\"Submit\" \/>\n<\/p><div class=\"wpcf7-response-output\" aria-hidden=\"true\"><\/div>\n<input type=\"hidden\" name=\"trp-form-language\" value=\"en\"\/><\/form>\n<\/div>\n\t\t\t\t\t\t\t\t<\/div>\n\t\t\t\t<\/div>\n\t\t\t\t\t<\/div>\n\t\t\t\t<\/div>\n\t\t\t\t<\/div>","protected":false},"excerpt":{"rendered":"<p>Demo Request Manage sales, service and logistics operations in digital environment with Panorama platform. Experience the work processes\u2019 basic functions of Panorama in demo place. With<span class=\"excerpt-hellip\"> [\u2026]<\/span><\/p>\n","protected":false},"author":2,"featured_media":0,"parent":0,"menu_order":0,"comment_status":"open","ping_status":"closed","template":"","meta":{"footnotes":""},"class_list":["post-464","page","type-page","status-publish","hentry"],"yoast_head":"<!-- This site is optimized with the Yoast SEO plugin v27.0 - https:\/\/yoast.com\/product\/yoast-seo-wordpress\/ -->\n<title>Demo Request - Univera: Dijital D\u00f6n\u00fc\u015f\u00fcmle \u0130\u015f S\u00fcre\u00e7lerini Kolayca Y\u00f6netin<\/title>\n<meta name=\"robots\" content=\"index, follow, max-snippet:-1, max-image-preview:large, max-video-preview:-1\" \/>\n<link rel=\"canonical\" href=\"https:\/\/univera.com.tr\/en\/demo-request\/\" \/>\n<meta property=\"og:locale\" content=\"en_US\" \/>\n<meta property=\"og:type\" content=\"article\" \/>\n<meta property=\"og:title\" content=\"Demo Request - Univera: Dijital D\u00f6n\u00fc\u015f\u00fcmle \u0130\u015f S\u00fcre\u00e7lerini Kolayca Y\u00f6netin\" \/>\n<meta property=\"og:description\" content=\"Demo Request Manage sales, service and logistics operations in digital environment with Panorama platform. Experience the work processes\u2019 basic functions of Panorama in demo place. With [\u2026]\" \/>\n<meta property=\"og:url\" content=\"https:\/\/univera.com.tr\/en\/demo-request\/\" \/>\n<meta property=\"og:site_name\" content=\"Univera: Dijital D\u00f6n\u00fc\u015f\u00fcmle \u0130\u015f S\u00fcre\u00e7lerini Kolayca Y\u00f6netin\" \/>\n<meta property=\"article:modified_time\" content=\"2025-04-18T07:02:05+00:00\" \/>\n<meta property=\"og:image\" content=\"https:\/\/univera.paramtech.com.tr\/wp-content\/uploads\/2025\/04\/univera-demo-talebi-e1744956036601-500x226.jpg\" \/>\n<meta name=\"twitter:card\" content=\"summary_large_image\" \/>\n<meta name=\"twitter:label1\" content=\"Est. reading time\" \/>\n\t<meta name=\"twitter:data1\" content=\"1 minute\" \/>\n<script type=\"application\/ld+json\" class=\"yoast-schema-graph\">{\"@context\":\"https:\/\/schema.org\",\"@graph\":[{\"@type\":\"WebPage\",\"@id\":\"https:\/\/univera.com.tr\/en\/demo-request\/\",\"url\":\"https:\/\/univera.com.tr\/en\/demo-request\/\",\"name\":\"Demo Request - Univera: Dijital D\u00f6n\u00fc\u015f\u00fcmle \u0130\u015f S\u00fcre\u00e7lerini Kolayca Y\u00f6netin\",\"isPartOf\":{\"@id\":\"https:\/\/univera.com.tr\/en\/#website\"},\"primaryImageOfPage\":{\"@id\":\"https:\/\/univera.com.tr\/en\/demo-request\/#primaryimage\"},\"image\":{\"@id\":\"https:\/\/univera.com.tr\/en\/demo-request\/#primaryimage\"},\"thumbnailUrl\":\"https:\/\/univera.paramtech.com.tr\/wp-content\/uploads\/2025\/04\/univera-demo-talebi-e1744956036601-500x226.jpg\",\"datePublished\":\"2025-04-18T05:50:41+00:00\",\"dateModified\":\"2025-04-18T07:02:05+00:00\",\"breadcrumb\":{\"@id\":\"https:\/\/univera.com.tr\/en\/demo-request\/#breadcrumb\"},\"inLanguage\":\"en-US\",\"potentialAction\":[{\"@type\":\"ReadAction\",\"target\":[\"https:\/\/univera.com.tr\/en\/demo-request\/\"]}]},{\"@type\":\"ImageObject\",\"inLanguage\":\"en-US\",\"@id\":\"https:\/\/univera.com.tr\/en\/demo-request\/#primaryimage\",\"url\":\"https:\/\/univera.paramtech.com.tr\/wp-content\/uploads\/2025\/04\/univera-demo-talebi-e1744956036601-500x226.jpg\",\"contentUrl\":\"https:\/\/univera.paramtech.com.tr\/wp-content\/uploads\/2025\/04\/univera-demo-talebi-e1744956036601-500x226.jpg\"},{\"@type\":\"BreadcrumbList\",\"@id\":\"https:\/\/univera.com.tr\/en\/demo-request\/#breadcrumb\",\"itemListElement\":[{\"@type\":\"ListItem\",\"position\":1,\"name\":\"Anasayfa\",\"item\":\"https:\/\/univera.com.tr\/en\/home\/\"},{\"@type\":\"ListItem\",\"position\":2,\"name\":\"Demo Request\"}]},{\"@type\":\"WebSite\",\"@id\":\"https:\/\/univera.com.tr\/en\/#website\",\"url\":\"https:\/\/univera.com.tr\/en\/\",\"name\":\"Univera: Dijital D\u00f6n\u00fc\u015f\u00fcmle \u0130\u015f S\u00fcre\u00e7lerini Kolayca Y\u00f6netin\",\"description\":\"Dijital D\u00f6n\u00fc\u015f\u00fcmle \u0130\u015f S\u00fcre\u00e7lerini Yeniden Tan\u0131mlay\u0131n! Sat\u0131\u015f, lojistik ve servis gibi i\u015f s\u00fcre\u00e7lerini dijitalle\u015ftirin. Univera ile G\u00fc\u00e7lenin!\",\"potentialAction\":[{\"@type\":\"SearchAction\",\"target\":{\"@type\":\"EntryPoint\",\"urlTemplate\":\"https:\/\/univera.com.tr\/en\/?s={search_term_string}\"},\"query-input\":{\"@type\":\"PropertyValueSpecification\",\"valueRequired\":true,\"valueName\":\"search_term_string\"}}],\"inLanguage\":\"en-US\"}]}<\/script>\n<!-- \/ Yoast SEO plugin. -->","yoast_head_json":{"title":"Demo Request - Univera: Dijital D\u00f6n\u00fc\u015f\u00fcmle \u0130\u015f S\u00fcre\u00e7lerini Kolayca Y\u00f6netin","robots":{"index":"index","follow":"follow","max-snippet":"max-snippet:-1","max-image-preview":"max-image-preview:large","max-video-preview":"max-video-preview:-1"},"canonical":"https:\/\/univera.com.tr\/en\/demo-request\/","og_locale":"en_US","og_type":"article","og_title":"Demo Request - Univera: Dijital D\u00f6n\u00fc\u015f\u00fcmle \u0130\u015f S\u00fcre\u00e7lerini Kolayca Y\u00f6netin","og_description":"Demo Request Manage sales, service and logistics operations in digital environment with Panorama platform. Experience the work processes\u2019 basic functions of Panorama in demo place. With [\u2026]","og_url":"https:\/\/univera.com.tr\/en\/demo-request\/","og_site_name":"Univera: Dijital D\u00f6n\u00fc\u015f\u00fcmle \u0130\u015f S\u00fcre\u00e7lerini Kolayca Y\u00f6netin","article_modified_time":"2025-04-18T07:02:05+00:00","og_image":[{"url":"https:\/\/univera.paramtech.com.tr\/wp-content\/uploads\/2025\/04\/univera-demo-talebi-e1744956036601-500x226.jpg","type":"","width":"","height":""}],"twitter_card":"summary_large_image","twitter_misc":{"Est. reading time":"1 minute"},"schema":{"@context":"https:\/\/schema.org","@graph":[{"@type":"WebPage","@id":"https:\/\/univera.com.tr\/en\/demo-request\/","url":"https:\/\/univera.com.tr\/en\/demo-request\/","name":"Demo Request - Univera: Dijital D\u00f6n\u00fc\u015f\u00fcmle \u0130\u015f S\u00fcre\u00e7lerini Kolayca Y\u00f6netin","isPartOf":{"@id":"https:\/\/univera.com.tr\/en\/#website"},"primaryImageOfPage":{"@id":"https:\/\/univera.com.tr\/en\/demo-request\/#primaryimage"},"image":{"@id":"https:\/\/univera.com.tr\/en\/demo-request\/#primaryimage"},"thumbnailUrl":"https:\/\/univera.paramtech.com.tr\/wp-content\/uploads\/2025\/04\/univera-demo-talebi-e1744956036601-500x226.jpg","datePublished":"2025-04-18T05:50:41+00:00","dateModified":"2025-04-18T07:02:05+00:00","breadcrumb":{"@id":"https:\/\/univera.com.tr\/en\/demo-request\/#breadcrumb"},"inLanguage":"en-US","potentialAction":[{"@type":"ReadAction","target":["https:\/\/univera.com.tr\/en\/demo-request\/"]}]},{"@type":"ImageObject","inLanguage":"en-US","@id":"https:\/\/univera.com.tr\/en\/demo-request\/#primaryimage","url":"https:\/\/univera.paramtech.com.tr\/wp-content\/uploads\/2025\/04\/univera-demo-talebi-e1744956036601-500x226.jpg","contentUrl":"https:\/\/univera.paramtech.com.tr\/wp-content\/uploads\/2025\/04\/univera-demo-talebi-e1744956036601-500x226.jpg"},{"@type":"BreadcrumbList","@id":"https:\/\/univera.com.tr\/en\/demo-request\/#breadcrumb","itemListElement":[{"@type":"ListItem","position":1,"name":"Anasayfa","item":"https:\/\/univera.com.tr\/en\/home\/"},{"@type":"ListItem","position":2,"name":"Demo Request"}]},{"@type":"WebSite","@id":"https:\/\/univera.com.tr\/en\/#website","url":"https:\/\/univera.com.tr\/en\/","name":"Univera: Dijital D\u00f6n\u00fc\u015f\u00fcmle \u0130\u015f S\u00fcre\u00e7lerini Kolayca Y\u00f6netin","description":"Dijital D\u00f6n\u00fc\u015f\u00fcmle \u0130\u015f S\u00fcre\u00e7lerini Yeniden Tan\u0131mlay\u0131n! Sat\u0131\u015f, lojistik ve servis gibi i\u015f s\u00fcre\u00e7lerini dijitalle\u015ftirin. Univera ile G\u00fc\u00e7lenin!","potentialAction":[{"@type":"SearchAction","target":{"@type":"EntryPoint","urlTemplate":"https:\/\/univera.com.tr\/en\/?s={search_term_string}"},"query-input":{"@type":"PropertyValueSpecification","valueRequired":true,"valueName":"search_term_string"}}],"inLanguage":"en-US"}]}},"_links":{"self":[{"href":"https:\/\/univera.com.tr\/en\/wp-json\/wp\/v2\/pages\/464","targetHints":{"allow":["GET"]}}],"collection":[{"href":"https:\/\/univera.com.tr\/en\/wp-json\/wp\/v2\/pages"}],"about":[{"href":"https:\/\/univera.com.tr\/en\/wp-json\/wp\/v2\/types\/page"}],"author":[{"embeddable":true,"href":"https:\/\/univera.com.tr\/en\/wp-json\/wp\/v2\/users\/2"}],"replies":[{"embeddable":true,"href":"https:\/\/univera.com.tr\/en\/wp-json\/wp\/v2\/comments?post=464"}],"version-history":[{"count":10,"href":"https:\/\/univera.com.tr\/en\/wp-json\/wp\/v2\/pages\/464\/revisions"}],"predecessor-version":[{"id":513,"href":"https:\/\/univera.com.tr\/en\/wp-json\/wp\/v2\/pages\/464\/revisions\/513"}],"wp:attachment":[{"href":"https:\/\/univera.com.tr\/en\/wp-json\/wp\/v2\/media?parent=464"}],"curies":[{"name":"wp","href":"https:\/\/api.w.org\/{rel}","templated":true}]}}