{"id":662,"date":"2025-04-18T11:52:05","date_gmt":"2025-04-18T08:52:05","guid":{"rendered":"https:\/\/univera.paramtech.com.tr\/?page_id=662"},"modified":"2025-04-18T11:50:41","modified_gmt":"2025-04-18T08:50:41","slug":"news","status":"publish","type":"page","link":"https:\/\/univera.com.tr\/en\/news\/","title":{"rendered":"News"},"content":{"rendered":"<div data-elementor-type=\"wp-page\" data-elementor-id=\"662\" class=\"elementor elementor-662\" data-elementor-post-type=\"page\">\n\t\t\t\t\t\t<section class=\"elementor-section elementor-top-section elementor-element elementor-element-239e9de elementor-section-full_width elementor-section-stretched elementor-section-height-default elementor-section-height-default\" data-id=\"239e9de\" data-element_type=\"section\" data-e-type=\"section\" data-settings=\"{&quot;stretch_section&quot;:&quot;section-stretched&quot;,&quot;background_background&quot;:&quot;classic&quot;}\">\n\t\t\t\t\t\t<div class=\"elementor-container elementor-column-gap-default\">\n\t\t\t\t\t<div class=\"elementor-column elementor-col-100 elementor-top-column elementor-element elementor-element-2939711\" data-id=\"2939711\" data-element_type=\"column\" data-e-type=\"column\">\n\t\t\t<div class=\"elementor-widget-wrap elementor-element-populated\">\n\t\t\t\t\t\t<div class=\"elementor-element elementor-element-27aeda5 elementor-widget elementor-widget-heading\" data-id=\"27aeda5\" data-element_type=\"widget\" data-e-type=\"widget\" data-widget_type=\"heading.default\">\n\t\t\t\t<div class=\"elementor-widget-container\">\n\t\t\t\t\t<h1 class=\"elementor-heading-title elementor-size-default\">News<\/h1>\t\t\t\t<\/div>\n\t\t\t\t<\/div>\n\t\t\t\t\t<\/div>\n\t\t<\/div>\n\t\t\t\t\t<\/div>\n\t\t<\/section>\n\t\t<div class=\"elementor-element elementor-element-5767825 e-flex e-con-boxed e-con e-parent\" data-id=\"5767825\" data-element_type=\"container\" data-e-type=\"container\">\n\t\t\t\t\t<div class=\"e-con-inner\">\n\t\t\t\t<div class=\"elementor-element elementor-element-37ec7dd elementor-widget elementor-widget-mfn_blog\" data-id=\"37ec7dd\" data-element_type=\"widget\" data-e-type=\"widget\" data-widget_type=\"mfn_blog.default\">\n\t\t\t\t<div class=\"elementor-widget-container\">\n\t\t\t\t\t<div class=\"column_filters\"><div class=\"blog_wrapper isotope_wrapper clearfix\"><div class=\"posts_group lm_wrapper element_classes col- timeline\">There are no posts on the list.<\/div><\/div>\n<\/div>\n\t\t\t\t<\/div>\n\t\t\t\t<\/div>\n\t\t\t\t\t<\/div>\n\t\t\t\t<\/div>\n\t\t\t\t<\/div>","protected":false},"excerpt":{"rendered":"<p>News 17 Nisan 2025 Univera, 7 Y\u0131ld\u0131r POI Raporu\u2019nda Yer Alan T\u00fcrkiye\u2019den \u0130lk ve Tek \u015eirket Oldu Do you like it?1 Read more<\/p>","protected":false},"author":1,"featured_media":0,"parent":0,"menu_order":0,"comment_status":"closed","ping_status":"closed","template":"","meta":{"footnotes":""},"class_list":["post-662","page","type-page","status-publish","hentry"],"yoast_head":"<!-- This site is optimized with the Yoast SEO plugin v27.0 - https:\/\/yoast.com\/product\/yoast-seo-wordpress\/ -->\n<title>News - Univera: Dijital D\u00f6n\u00fc\u015f\u00fcmle \u0130\u015f S\u00fcre\u00e7lerini Kolayca Y\u00f6netin<\/title>\n<meta name=\"robots\" content=\"index, follow, max-snippet:-1, max-image-preview:large, max-video-preview:-1\" \/>\n<link rel=\"canonical\" href=\"https:\/\/univera.com.tr\/en\/news\/\" \/>\n<meta property=\"og:locale\" content=\"en_US\" \/>\n<meta property=\"og:type\" content=\"article\" \/>\n<meta property=\"og:title\" content=\"News - Univera: Dijital D\u00f6n\u00fc\u015f\u00fcmle \u0130\u015f S\u00fcre\u00e7lerini Kolayca Y\u00f6netin\" \/>\n<meta property=\"og:description\" content=\"News 17 Nisan 2025 Univera, 7 Y\u0131ld\u0131r POI Raporu\u2019nda Yer Alan T\u00fcrkiye\u2019den \u0130lk ve Tek \u015eirket Oldu Do you like it?1 Read more\" \/>\n<meta property=\"og:url\" content=\"https:\/\/univera.com.tr\/en\/news\/\" \/>\n<meta property=\"og:site_name\" content=\"Univera: Dijital D\u00f6n\u00fc\u015f\u00fcmle \u0130\u015f S\u00fcre\u00e7lerini Kolayca Y\u00f6netin\" \/>\n<meta property=\"og:image\" content=\"https:\/\/univera.paramtech.com.tr\/wp-content\/uploads\/2019\/08\/seo3-sectionbg7.jpg\" \/>\n<meta name=\"twitter:card\" content=\"summary_large_image\" \/>\n<script type=\"application\/ld+json\" class=\"yoast-schema-graph\">{\"@context\":\"https:\/\/schema.org\",\"@graph\":[{\"@type\":\"WebPage\",\"@id\":\"https:\/\/univera.com.tr\/en\/news\/\",\"url\":\"https:\/\/univera.com.tr\/en\/news\/\",\"name\":\"News - Univera: Dijital D\u00f6n\u00fc\u015f\u00fcmle \u0130\u015f S\u00fcre\u00e7lerini Kolayca Y\u00f6netin\",\"isPartOf\":{\"@id\":\"https:\/\/univera.com.tr\/en\/#website\"},\"primaryImageOfPage\":{\"@id\":\"https:\/\/univera.com.tr\/en\/news\/#primaryimage\"},\"image\":{\"@id\":\"https:\/\/univera.com.tr\/en\/news\/#primaryimage\"},\"thumbnailUrl\":\"https:\/\/univera.paramtech.com.tr\/wp-content\/uploads\/2019\/08\/seo3-sectionbg7.jpg\",\"datePublished\":\"2025-04-18T08:52:05+00:00\",\"breadcrumb\":{\"@id\":\"https:\/\/univera.com.tr\/en\/news\/#breadcrumb\"},\"inLanguage\":\"en-US\",\"potentialAction\":[{\"@type\":\"ReadAction\",\"target\":[\"https:\/\/univera.com.tr\/en\/news\/\"]}]},{\"@type\":\"ImageObject\",\"inLanguage\":\"en-US\",\"@id\":\"https:\/\/univera.com.tr\/en\/news\/#primaryimage\",\"url\":\"https:\/\/univera.paramtech.com.tr\/wp-content\/uploads\/2019\/08\/seo3-sectionbg7.jpg\",\"contentUrl\":\"https:\/\/univera.paramtech.com.tr\/wp-content\/uploads\/2019\/08\/seo3-sectionbg7.jpg\"},{\"@type\":\"BreadcrumbList\",\"@id\":\"https:\/\/univera.com.tr\/en\/news\/#breadcrumb\",\"itemListElement\":[{\"@type\":\"ListItem\",\"position\":1,\"name\":\"Anasayfa\",\"item\":\"https:\/\/univera.com.tr\/en\/home\/\"},{\"@type\":\"ListItem\",\"position\":2,\"name\":\"News\"}]},{\"@type\":\"WebSite\",\"@id\":\"https:\/\/univera.com.tr\/en\/#website\",\"url\":\"https:\/\/univera.com.tr\/en\/\",\"name\":\"Univera: Dijital D\u00f6n\u00fc\u015f\u00fcmle \u0130\u015f S\u00fcre\u00e7lerini Kolayca Y\u00f6netin\",\"description\":\"Dijital D\u00f6n\u00fc\u015f\u00fcmle \u0130\u015f S\u00fcre\u00e7lerini Yeniden Tan\u0131mlay\u0131n! Sat\u0131\u015f, lojistik ve servis gibi i\u015f s\u00fcre\u00e7lerini dijitalle\u015ftirin. Univera ile G\u00fc\u00e7lenin!\",\"potentialAction\":[{\"@type\":\"SearchAction\",\"target\":{\"@type\":\"EntryPoint\",\"urlTemplate\":\"https:\/\/univera.com.tr\/en\/?s={search_term_string}\"},\"query-input\":{\"@type\":\"PropertyValueSpecification\",\"valueRequired\":true,\"valueName\":\"search_term_string\"}}],\"inLanguage\":\"en-US\"}]}<\/script>\n<!-- \/ Yoast SEO plugin. -->","yoast_head_json":{"title":"News - Univera: Dijital D\u00f6n\u00fc\u015f\u00fcmle \u0130\u015f S\u00fcre\u00e7lerini Kolayca Y\u00f6netin","robots":{"index":"index","follow":"follow","max-snippet":"max-snippet:-1","max-image-preview":"max-image-preview:large","max-video-preview":"max-video-preview:-1"},"canonical":"https:\/\/univera.com.tr\/en\/news\/","og_locale":"en_US","og_type":"article","og_title":"News - Univera: Dijital D\u00f6n\u00fc\u015f\u00fcmle \u0130\u015f S\u00fcre\u00e7lerini Kolayca Y\u00f6netin","og_description":"News 17 Nisan 2025 Univera, 7 Y\u0131ld\u0131r POI Raporu\u2019nda Yer Alan T\u00fcrkiye\u2019den \u0130lk ve Tek \u015eirket Oldu Do you like it?1 Read more","og_url":"https:\/\/univera.com.tr\/en\/news\/","og_site_name":"Univera: Dijital D\u00f6n\u00fc\u015f\u00fcmle \u0130\u015f S\u00fcre\u00e7lerini Kolayca Y\u00f6netin","og_image":[{"url":"https:\/\/univera.paramtech.com.tr\/wp-content\/uploads\/2019\/08\/seo3-sectionbg7.jpg","type":"","width":"","height":""}],"twitter_card":"summary_large_image","schema":{"@context":"https:\/\/schema.org","@graph":[{"@type":"WebPage","@id":"https:\/\/univera.com.tr\/en\/news\/","url":"https:\/\/univera.com.tr\/en\/news\/","name":"News - Univera: Dijital D\u00f6n\u00fc\u015f\u00fcmle \u0130\u015f S\u00fcre\u00e7lerini Kolayca Y\u00f6netin","isPartOf":{"@id":"https:\/\/univera.com.tr\/en\/#website"},"primaryImageOfPage":{"@id":"https:\/\/univera.com.tr\/en\/news\/#primaryimage"},"image":{"@id":"https:\/\/univera.com.tr\/en\/news\/#primaryimage"},"thumbnailUrl":"https:\/\/univera.paramtech.com.tr\/wp-content\/uploads\/2019\/08\/seo3-sectionbg7.jpg","datePublished":"2025-04-18T08:52:05+00:00","breadcrumb":{"@id":"https:\/\/univera.com.tr\/en\/news\/#breadcrumb"},"inLanguage":"en-US","potentialAction":[{"@type":"ReadAction","target":["https:\/\/univera.com.tr\/en\/news\/"]}]},{"@type":"ImageObject","inLanguage":"en-US","@id":"https:\/\/univera.com.tr\/en\/news\/#primaryimage","url":"https:\/\/univera.paramtech.com.tr\/wp-content\/uploads\/2019\/08\/seo3-sectionbg7.jpg","contentUrl":"https:\/\/univera.paramtech.com.tr\/wp-content\/uploads\/2019\/08\/seo3-sectionbg7.jpg"},{"@type":"BreadcrumbList","@id":"https:\/\/univera.com.tr\/en\/news\/#breadcrumb","itemListElement":[{"@type":"ListItem","position":1,"name":"Anasayfa","item":"https:\/\/univera.com.tr\/en\/home\/"},{"@type":"ListItem","position":2,"name":"News"}]},{"@type":"WebSite","@id":"https:\/\/univera.com.tr\/en\/#website","url":"https:\/\/univera.com.tr\/en\/","name":"Univera: Dijital D\u00f6n\u00fc\u015f\u00fcmle \u0130\u015f S\u00fcre\u00e7lerini Kolayca Y\u00f6netin","description":"Dijital D\u00f6n\u00fc\u015f\u00fcmle \u0130\u015f S\u00fcre\u00e7lerini Yeniden Tan\u0131mlay\u0131n! Sat\u0131\u015f, lojistik ve servis gibi i\u015f s\u00fcre\u00e7lerini dijitalle\u015ftirin. Univera ile G\u00fc\u00e7lenin!","potentialAction":[{"@type":"SearchAction","target":{"@type":"EntryPoint","urlTemplate":"https:\/\/univera.com.tr\/en\/?s={search_term_string}"},"query-input":{"@type":"PropertyValueSpecification","valueRequired":true,"valueName":"search_term_string"}}],"inLanguage":"en-US"}]}},"_links":{"self":[{"href":"https:\/\/univera.com.tr\/en\/wp-json\/wp\/v2\/pages\/662","targetHints":{"allow":["GET"]}}],"collection":[{"href":"https:\/\/univera.com.tr\/en\/wp-json\/wp\/v2\/pages"}],"about":[{"href":"https:\/\/univera.com.tr\/en\/wp-json\/wp\/v2\/types\/page"}],"author":[{"embeddable":true,"href":"https:\/\/univera.com.tr\/en\/wp-json\/wp\/v2\/users\/1"}],"replies":[{"embeddable":true,"href":"https:\/\/univera.com.tr\/en\/wp-json\/wp\/v2\/comments?post=662"}],"version-history":[{"count":4,"href":"https:\/\/univera.com.tr\/en\/wp-json\/wp\/v2\/pages\/662\/revisions"}],"predecessor-version":[{"id":666,"href":"https:\/\/univera.com.tr\/en\/wp-json\/wp\/v2\/pages\/662\/revisions\/666"}],"wp:attachment":[{"href":"https:\/\/univera.com.tr\/en\/wp-json\/wp\/v2\/media?parent=662"}],"curies":[{"name":"wp","href":"https:\/\/api.w.org\/{rel}","templated":true}]}}