{"id":887,"date":"2025-04-28T15:41:00","date_gmt":"2025-04-28T12:41:00","guid":{"rendered":"https:\/\/univera.paramtech.com.tr\/?page_id=887"},"modified":"2025-10-10T11:50:12","modified_gmt":"2025-10-10T08:50:12","slug":"customer-experience-videos","status":"publish","type":"page","link":"https:\/\/univera.com.tr\/en\/customer-experience-videos\/","title":{"rendered":"Customer Experience Videos"},"content":{"rendered":"<div data-elementor-type=\"wp-page\" data-elementor-id=\"887\" class=\"elementor elementor-887\" data-elementor-post-type=\"page\">\n\t\t\t\t\t\t<section class=\"elementor-section elementor-top-section elementor-element elementor-element-239e9de elementor-section-full_width elementor-section-stretched elementor-section-height-default elementor-section-height-default\" data-id=\"239e9de\" data-element_type=\"section\" data-e-type=\"section\" data-settings=\"{&quot;stretch_section&quot;:&quot;section-stretched&quot;,&quot;background_background&quot;:&quot;classic&quot;}\">\n\t\t\t\t\t\t<div class=\"elementor-container elementor-column-gap-default\">\n\t\t\t\t\t<div class=\"elementor-column elementor-col-100 elementor-top-column elementor-element elementor-element-2939711\" data-id=\"2939711\" data-element_type=\"column\" data-e-type=\"column\">\n\t\t\t<div class=\"elementor-widget-wrap elementor-element-populated\">\n\t\t\t\t\t\t<div class=\"elementor-element elementor-element-27aeda5 elementor-widget elementor-widget-heading\" data-id=\"27aeda5\" data-element_type=\"widget\" data-e-type=\"widget\" data-widget_type=\"heading.default\">\n\t\t\t\t<div class=\"elementor-widget-container\">\n\t\t\t\t\t<h1 class=\"elementor-heading-title elementor-size-default\">Customer Experience Videos<\/h1>\t\t\t\t<\/div>\n\t\t\t\t<\/div>\n\t\t\t\t\t<\/div>\n\t\t<\/div>\n\t\t\t\t\t<\/div>\n\t\t<\/section>\n\t\t<div class=\"elementor-element elementor-element-5767825 e-flex e-con-boxed e-con e-parent\" data-id=\"5767825\" data-element_type=\"container\" data-e-type=\"container\">\n\t\t\t\t\t<div class=\"e-con-inner\">\n\t\t\t\t<div class=\"elementor-element elementor-element-37ec7dd elementor-widget elementor-widget-mfn_blog\" data-id=\"37ec7dd\" data-element_type=\"widget\" data-e-type=\"widget\" data-widget_type=\"mfn_blog.default\">\n\t\t\t\t<div class=\"elementor-widget-container\">\n\t\t\t\t\t<div class=\"column_filters\"><div class=\"blog_wrapper isotope_wrapper clearfix\"><div class=\"posts_group lm_wrapper element_classes col- timeline\">There are no posts on the list.<\/div><\/div>\n<\/div>\n\t\t\t\t<\/div>\n\t\t\t\t<\/div>\n\t\t\t\t\t<\/div>\n\t\t\t\t<\/div>\n\t\t\t\t<\/div>","protected":false},"excerpt":{"rendered":"<p>Customer Experience Videos 18 Nisan 2025 Mey Diageo &amp; Univera Ba\u015far\u0131 Hikayesi Read more<\/p>","protected":false},"author":1,"featured_media":-1,"parent":0,"menu_order":0,"comment_status":"closed","ping_status":"closed","template":"","meta":{"footnotes":""},"class_list":["post-887","page","type-page","status-publish","has-post-thumbnail","hentry"],"yoast_head":"<!-- This site is optimized with the Yoast SEO plugin v27.0 - https:\/\/yoast.com\/product\/yoast-seo-wordpress\/ -->\n<title>Customer Experience Videos - Univera Success Stories<\/title>\n<meta name=\"description\" content=\"Watch video testimonials from our clients. Hear firsthand how they leverage Univera&#039;s SFA, FSM, and WMS solutions to drive growth and efficiency.\" \/>\n<meta name=\"robots\" content=\"index, follow, max-snippet:-1, max-image-preview:large, max-video-preview:-1\" \/>\n<link rel=\"canonical\" href=\"https:\/\/univera.com.tr\/en\/customer-experience-videos\/\" \/>\n<meta property=\"og:locale\" content=\"en_US\" \/>\n<meta property=\"og:type\" content=\"article\" \/>\n<meta property=\"og:title\" content=\"Customer Experience Videos - Univera Success Stories\" \/>\n<meta property=\"og:description\" content=\"Watch video testimonials from our clients. Hear firsthand how they leverage Univera&#039;s SFA, FSM, and WMS solutions to drive growth and efficiency.\" \/>\n<meta property=\"og:url\" content=\"https:\/\/univera.com.tr\/en\/customer-experience-videos\/\" \/>\n<meta property=\"og:site_name\" content=\"Univera: Dijital D\u00f6n\u00fc\u015f\u00fcmle \u0130\u015f S\u00fcre\u00e7lerini Kolayca Y\u00f6netin\" \/>\n<meta property=\"article:modified_time\" content=\"2025-10-10T08:50:12+00:00\" \/>\n<meta name=\"twitter:card\" content=\"summary_large_image\" \/>\n<meta name=\"twitter:label1\" content=\"Est. reading time\" \/>\n\t<meta name=\"twitter:data1\" content=\"1 minute\" \/>\n<script type=\"application\/ld+json\" class=\"yoast-schema-graph\">{\"@context\":\"https:\/\/schema.org\",\"@graph\":[{\"@type\":\"WebPage\",\"@id\":\"https:\/\/univera.com.tr\/en\/customer-experience-videos\/\",\"url\":\"https:\/\/univera.com.tr\/en\/customer-experience-videos\/\",\"name\":\"Customer Experience Videos - Univera Success Stories\",\"isPartOf\":{\"@id\":\"https:\/\/univera.com.tr\/en\/#website\"},\"primaryImageOfPage\":{\"@id\":\"https:\/\/univera.com.tr\/en\/customer-experience-videos\/#primaryimage\"},\"image\":{\"@id\":\"https:\/\/univera.com.tr\/en\/customer-experience-videos\/#primaryimage\"},\"thumbnailUrl\":\"https:\/\/univera.paramtech.com.tr\/wp-content\/uploads\/2025\/04\/seo3-sectionbg7-960x720.jpg\",\"datePublished\":\"2025-04-28T12:41:00+00:00\",\"dateModified\":\"2025-10-10T08:50:12+00:00\",\"description\":\"Watch video testimonials from our clients. Hear firsthand how they leverage Univera's SFA, FSM, and WMS solutions to drive growth and efficiency.\",\"breadcrumb\":{\"@id\":\"https:\/\/univera.com.tr\/en\/customer-experience-videos\/#breadcrumb\"},\"inLanguage\":\"en-US\",\"potentialAction\":[{\"@type\":\"ReadAction\",\"target\":[\"https:\/\/univera.com.tr\/en\/customer-experience-videos\/\"]}]},{\"@type\":\"ImageObject\",\"inLanguage\":\"en-US\",\"@id\":\"https:\/\/univera.com.tr\/en\/customer-experience-videos\/#primaryimage\",\"url\":\"https:\/\/univera.paramtech.com.tr\/wp-content\/uploads\/2025\/04\/seo3-sectionbg7-960x720.jpg\",\"contentUrl\":\"https:\/\/univera.paramtech.com.tr\/wp-content\/uploads\/2025\/04\/seo3-sectionbg7-960x720.jpg\"},{\"@type\":\"BreadcrumbList\",\"@id\":\"https:\/\/univera.com.tr\/en\/customer-experience-videos\/#breadcrumb\",\"itemListElement\":[{\"@type\":\"ListItem\",\"position\":1,\"name\":\"Anasayfa\",\"item\":\"https:\/\/univera.com.tr\/en\/home\/\"},{\"@type\":\"ListItem\",\"position\":2,\"name\":\"Customer Experience Videos\"}]},{\"@type\":\"WebSite\",\"@id\":\"https:\/\/univera.com.tr\/en\/#website\",\"url\":\"https:\/\/univera.com.tr\/en\/\",\"name\":\"Univera: Dijital D\u00f6n\u00fc\u015f\u00fcmle \u0130\u015f S\u00fcre\u00e7lerini Kolayca Y\u00f6netin\",\"description\":\"Dijital D\u00f6n\u00fc\u015f\u00fcmle \u0130\u015f S\u00fcre\u00e7lerini Yeniden Tan\u0131mlay\u0131n! Sat\u0131\u015f, lojistik ve servis gibi i\u015f s\u00fcre\u00e7lerini dijitalle\u015ftirin. Univera ile G\u00fc\u00e7lenin!\",\"potentialAction\":[{\"@type\":\"SearchAction\",\"target\":{\"@type\":\"EntryPoint\",\"urlTemplate\":\"https:\/\/univera.com.tr\/en\/?s={search_term_string}\"},\"query-input\":{\"@type\":\"PropertyValueSpecification\",\"valueRequired\":true,\"valueName\":\"search_term_string\"}}],\"inLanguage\":\"en-US\"}]}<\/script>\n<!-- \/ Yoast SEO plugin. -->","yoast_head_json":{"title":"Customer Experience Videos - Univera Success Stories","description":"Watch video testimonials from our clients. Hear firsthand how they leverage Univera's SFA, FSM, and WMS solutions to drive growth and efficiency.","robots":{"index":"index","follow":"follow","max-snippet":"max-snippet:-1","max-image-preview":"max-image-preview:large","max-video-preview":"max-video-preview:-1"},"canonical":"https:\/\/univera.com.tr\/en\/customer-experience-videos\/","og_locale":"en_US","og_type":"article","og_title":"Customer Experience Videos - Univera Success Stories","og_description":"Watch video testimonials from our clients. Hear firsthand how they leverage Univera's SFA, FSM, and WMS solutions to drive growth and efficiency.","og_url":"https:\/\/univera.com.tr\/en\/customer-experience-videos\/","og_site_name":"Univera: Dijital D\u00f6n\u00fc\u015f\u00fcmle \u0130\u015f S\u00fcre\u00e7lerini Kolayca Y\u00f6netin","article_modified_time":"2025-10-10T08:50:12+00:00","twitter_card":"summary_large_image","twitter_misc":{"Est. reading time":"1 minute"},"schema":{"@context":"https:\/\/schema.org","@graph":[{"@type":"WebPage","@id":"https:\/\/univera.com.tr\/en\/customer-experience-videos\/","url":"https:\/\/univera.com.tr\/en\/customer-experience-videos\/","name":"Customer Experience Videos - Univera Success Stories","isPartOf":{"@id":"https:\/\/univera.com.tr\/en\/#website"},"primaryImageOfPage":{"@id":"https:\/\/univera.com.tr\/en\/customer-experience-videos\/#primaryimage"},"image":{"@id":"https:\/\/univera.com.tr\/en\/customer-experience-videos\/#primaryimage"},"thumbnailUrl":"https:\/\/univera.paramtech.com.tr\/wp-content\/uploads\/2025\/04\/seo3-sectionbg7-960x720.jpg","datePublished":"2025-04-28T12:41:00+00:00","dateModified":"2025-10-10T08:50:12+00:00","description":"Watch video testimonials from our clients. Hear firsthand how they leverage Univera's SFA, FSM, and WMS solutions to drive growth and efficiency.","breadcrumb":{"@id":"https:\/\/univera.com.tr\/en\/customer-experience-videos\/#breadcrumb"},"inLanguage":"en-US","potentialAction":[{"@type":"ReadAction","target":["https:\/\/univera.com.tr\/en\/customer-experience-videos\/"]}]},{"@type":"ImageObject","inLanguage":"en-US","@id":"https:\/\/univera.com.tr\/en\/customer-experience-videos\/#primaryimage","url":"https:\/\/univera.paramtech.com.tr\/wp-content\/uploads\/2025\/04\/seo3-sectionbg7-960x720.jpg","contentUrl":"https:\/\/univera.paramtech.com.tr\/wp-content\/uploads\/2025\/04\/seo3-sectionbg7-960x720.jpg"},{"@type":"BreadcrumbList","@id":"https:\/\/univera.com.tr\/en\/customer-experience-videos\/#breadcrumb","itemListElement":[{"@type":"ListItem","position":1,"name":"Anasayfa","item":"https:\/\/univera.com.tr\/en\/home\/"},{"@type":"ListItem","position":2,"name":"Customer Experience Videos"}]},{"@type":"WebSite","@id":"https:\/\/univera.com.tr\/en\/#website","url":"https:\/\/univera.com.tr\/en\/","name":"Univera: Dijital D\u00f6n\u00fc\u015f\u00fcmle \u0130\u015f S\u00fcre\u00e7lerini Kolayca Y\u00f6netin","description":"Dijital D\u00f6n\u00fc\u015f\u00fcmle \u0130\u015f S\u00fcre\u00e7lerini Yeniden Tan\u0131mlay\u0131n! Sat\u0131\u015f, lojistik ve servis gibi i\u015f s\u00fcre\u00e7lerini dijitalle\u015ftirin. Univera ile G\u00fc\u00e7lenin!","potentialAction":[{"@type":"SearchAction","target":{"@type":"EntryPoint","urlTemplate":"https:\/\/univera.com.tr\/en\/?s={search_term_string}"},"query-input":{"@type":"PropertyValueSpecification","valueRequired":true,"valueName":"search_term_string"}}],"inLanguage":"en-US"}]}},"_links":{"self":[{"href":"https:\/\/univera.com.tr\/en\/wp-json\/wp\/v2\/pages\/887","targetHints":{"allow":["GET"]}}],"collection":[{"href":"https:\/\/univera.com.tr\/en\/wp-json\/wp\/v2\/pages"}],"about":[{"href":"https:\/\/univera.com.tr\/en\/wp-json\/wp\/v2\/types\/page"}],"author":[{"embeddable":true,"href":"https:\/\/univera.com.tr\/en\/wp-json\/wp\/v2\/users\/1"}],"replies":[{"embeddable":true,"href":"https:\/\/univera.com.tr\/en\/wp-json\/wp\/v2\/comments?post=887"}],"version-history":[{"count":7,"href":"https:\/\/univera.com.tr\/en\/wp-json\/wp\/v2\/pages\/887\/revisions"}],"predecessor-version":[{"id":907,"href":"https:\/\/univera.com.tr\/en\/wp-json\/wp\/v2\/pages\/887\/revisions\/907"}],"wp:featuredmedia":[{"embeddable":true,"href":"https:\/\/univera.com.tr\/en\/wp-json\/"}],"wp:attachment":[{"href":"https:\/\/univera.com.tr\/en\/wp-json\/wp\/v2\/media?parent=887"}],"curies":[{"name":"wp","href":"https:\/\/api.w.org\/{rel}","templated":true}]}}